{"id":16,"date":"2020-12-25T14:58:49","date_gmt":"2020-12-25T14:58:49","guid":{"rendered":"http:\/\/sw-themes.com\/porto_dummy\/auto-services\/?page_id=16"},"modified":"2021-09-30T06:08:59","modified_gmt":"2021-09-30T06:08:59","slug":"oferta","status":"publish","type":"page","link":"https:\/\/www.mtjelectronics.pl\/en\/oferta\/","title":{"rendered":"Services"},"content":{"rendered":"<div class=\"vc_row wpb_row py-4 my-5 porto-inner-container\"><div class=\"porto-wrap-container container\"><div class=\"row\"><div class=\"vc_column_container col-md-12\"><div class=\"wpb_wrapper vc_column-inner\"><h2 style=\"font-size: 16.8px;color: #777777;line-height: 26px;font-weight:600;letter-spacing:0\" data-appear-animation=\"fadeInUp\" data-appear-animation-delay=\"300\" class=\"vc_custom_heading mb-4 align-left\">How can we help you?<\/h2><p style=\"font-size: 14px;line-height: 26px;font-weight:400;letter-spacing:0\" data-appear-animation=\"fadeInUp\" data-appear-animation-delay=\"450\" class=\"vc_custom_heading mb-3 pb-1 align-left\">Our mission is to provide comprehensive solutions that support the activities and development of your company, ensuring efficient operations and eliminating any potential problems. We prioritize quality and attention to detail, constantly striving to improve and evolve our solutions.<\/p><div class=\"vc_row wpb_row vc_inner row custom-service-gallery vc_column-gap-20\"><div class=\"vc_column_container col-md-1-5 col-lg-3 col-6\"><div class=\"wpb_wrapper vc_column-inner\"><a class=\"porto-sicon-box-link\" href=\"https:\/\/www.mtjelectronics.pl\/en\/oferta\/sprzedaz-skanerow\/\" title='Barcode scanner sales'><div class=\"porto-sicon-box mb-0  wpb_custom_1efe903570d178ff0a9b7bfa5febd3a4 style_2 top-icon\"><div class=\"porto-sicon-top\"><div id=\"porto-icon-8394578369f9b1e7448be\" class=\"porto-just-icon-wrapper porto-sicon-img\" style=\"font-size: 267.5px;margin-bottom:6px;\"><img loading=\"lazy\" decoding=\"async\" class=\"img-icon\" alt=\"\" src=\"https:\/\/www.mtjelectronics.pl\/wp-content\/uploads\/2021\/04\/sales2.jpg\" width=\"600\" height=\"374\" \/><\/div><\/div><div class=\"porto-sicon-header\" style=\"margin-bottom:0px;\"><h3 class=\"porto-sicon-title\" style=\"font-weight:700;font-size:21px;line-height:24px;letter-spacing:-1.05px;color:#212529;\">Barcode scanner sales<\/h3><\/div> <!-- header --><\/div><!-- porto-sicon-box --><\/a><\/div><\/div><div class=\"vc_column_container col-md-1-5 col-lg-3 col-6\"><div class=\"wpb_wrapper vc_column-inner\"><a class=\"porto-sicon-box-link\" href=\"https:\/\/www.mtjelectronics.pl\/en\/oferta\/serwis-skanerow\/\" title='After-warranty service'><div class=\"porto-sicon-box mb-0  wpb_custom_1efe903570d178ff0a9b7bfa5febd3a4 style_2 top-icon\"><div class=\"porto-sicon-top\"><div id=\"porto-icon-58469786169f9b1e747047\" class=\"porto-just-icon-wrapper porto-sicon-img\" style=\"font-size: 267.5px;margin-bottom:6px;\"><img loading=\"lazy\" decoding=\"async\" class=\"img-icon\" alt=\"\" src=\"https:\/\/www.mtjelectronics.pl\/wp-content\/uploads\/2021\/04\/repairs2.jpg\" width=\"600\" height=\"374\" \/><\/div><\/div><div class=\"porto-sicon-header\" style=\"margin-bottom:0px;\"><h3 class=\"porto-sicon-title\" style=\"font-weight:700;font-size:21px;line-height:24px;letter-spacing:-1.05px;color:#212529;\">Professional after-warranty service.<\/h3><\/div> <!-- header --><\/div><!-- porto-sicon-box --><\/a><\/div><\/div><div class=\"vc_column_container col-md-1-5 col-lg-3 col-6\"><div class=\"wpb_wrapper vc_column-inner\"><a class=\"porto-sicon-box-link\" href=\"https:\/\/www.mtjelectronics.pl\/en\/oferta\/wynajem-skanerow\/\" title='Scanner rental'><div class=\"porto-sicon-box mb-0  wpb_custom_1efe903570d178ff0a9b7bfa5febd3a4 style_2 top-icon\"><div class=\"porto-sicon-top\"><div id=\"porto-icon-194392605469f9b1e74939d\" class=\"porto-just-icon-wrapper porto-sicon-img\" style=\"font-size: 267.5px;margin-bottom:6px;\"><img loading=\"lazy\" decoding=\"async\" class=\"img-icon\" alt=\"\" src=\"https:\/\/www.mtjelectronics.pl\/wp-content\/uploads\/2021\/04\/inventory2.jpg\" width=\"600\" height=\"374\" \/><\/div><\/div><div class=\"porto-sicon-header\" style=\"margin-bottom:0px;\"><h3 class=\"porto-sicon-title\" style=\"font-weight:700;font-size:21px;line-height:24px;letter-spacing:-1.05px;color:#212529;\">Scanner rental<\/h3><\/div> <!-- header --><\/div><!-- porto-sicon-box --><\/a><\/div><\/div><div class=\"vc_column_container col-md-1-5 col-lg-3 col-6\"><div class=\"wpb_wrapper vc_column-inner\"><a class=\"porto-sicon-box-link\" href=\"https:\/\/www.mtjelectronics.pl\/en\/oferta\/skup-skanerow\/\" title='Purchase of IT equipment'><div class=\"porto-sicon-box mb-0  wpb_custom_1efe903570d178ff0a9b7bfa5febd3a4 style_2 top-icon\"><div class=\"porto-sicon-top\"><div id=\"porto-icon-159281461969f9b1e74ba6b\" class=\"porto-just-icon-wrapper porto-sicon-img\" style=\"font-size: 267.5px;margin-bottom:6px;\"><img loading=\"lazy\" decoding=\"async\" class=\"img-icon\" alt=\"\" src=\"https:\/\/www.mtjelectronics.pl\/wp-content\/uploads\/2021\/04\/buyback2.jpg\" width=\"600\" height=\"374\" \/><\/div><\/div><div class=\"porto-sicon-header\" style=\"margin-bottom:0px;\"><h3 class=\"porto-sicon-title\" style=\"font-weight:700;font-size:21px;line-height:24px;letter-spacing:-1.05px;color:#212529;\">Purchase of IT equipment<\/h3><\/div> <!-- header --><\/div><!-- porto-sicon-box --><\/a><\/div><\/div><div class=\"vc_column_container col-md-1-5\"><div class=\"wpb_wrapper vc_column-inner\"><a class=\"porto-sicon-box-link\" href=\"https:\/\/www.mtjelectronics.pl\/en\/oferta\/konfiguracja-skanera\/\" title='Configuration of barcode scanners.'><div class=\"porto-sicon-box mb-0  wpb_custom_1efe903570d178ff0a9b7bfa5febd3a4 style_2 top-icon\"><div class=\"porto-sicon-top\"><div id=\"porto-icon-156165446769f9b1e74e474\" class=\"porto-just-icon-wrapper porto-sicon-img\" style=\"font-size: 267.5px;margin-bottom:6px;\"><img loading=\"lazy\" decoding=\"async\" class=\"img-icon\" alt=\"\" src=\"https:\/\/www.mtjelectronics.pl\/wp-content\/uploads\/2021\/04\/zebra_mc55_both.jpg\" width=\"400\" height=\"327\" \/><\/div><\/div><div class=\"porto-sicon-header\" style=\"margin-bottom:0px;\"><h3 class=\"porto-sicon-title\" style=\"font-weight:700;font-size:21px;line-height:24px;letter-spacing:-1.05px;color:#212529;\">Configuration services<\/h3><\/div> <!-- header --><\/div><!-- porto-sicon-box --><\/a><\/div><\/div><\/div><\/div><\/div><\/div><\/div><\/div><div class=\"vc_row wpb_row bg-primary vc_custom_1640720800799 porto-inner-container\"><div class=\"porto-wrap-container container\"><div class=\"row align-items-center\"><div class=\"text-center text-lg-left mb-4 mb-lg-0 vc_column_container col-md-12 col-xl-7 col-lg-6\"><div class=\"wpb_wrapper vc_column-inner\"><h3 style=\"font-size: 15.4px;color: #ffffff;line-height: 1;font-weight:500\" class=\"vc_custom_heading ls-0 mb-2 mb-lg-2 text-center text-lg-left align-left\">ARE YOU LOOKING FOR A RELIABLE AUTO ID EQUIPMENT SUPPLIER?<\/h3><h3 style=\"font-size: 32.2px;color: #ffffff;line-height: 1;font-weight:700;letter-spacing:-1.61px\" class=\"vc_custom_heading mb-1 text-center text-lg-left align-left\">For over 10 years, we have been supporting the Polish industry.<\/h3><p style=\"font-size: 16.8px;color: rgba(255,255,255,0.7);line-height: 26px;font-weight:700\" class=\"vc_custom_heading mb-0 text-center text-lg-left align-left\">We will tailor a solution to fit your needs and budget.<\/p><\/div><\/div><div class=\"custom-flex vc_column_container col-md-12 col-xl-5 col-lg-6\"><div class=\"wpb_wrapper vc_column-inner\"><div class=\"porto-sicon-box custom-view-more mb-3 mb-lg-0  wpb_custom_1efe903570d178ff0a9b7bfa5febd3a4 style_1 default-icon\"><div class=\"porto-sicon-default\"><div class=\"porto-just-icon-wrapper porto-icon none\" style=\"color:#ffffff;font-size:28.8px;margin-right:0px;\"><i class=\"Simple-Line-Icons-phone\"><\/i><\/div><\/div><div class=\"porto-sicon-header\"><h5 class=\"porto-sicon-title\" style=\"font-weight:600;font-size:11.2px;line-height:13.44px;color:#ffffff;margin-bottom:4px;\">CALL US<\/h5><p style=\"font-weight:700;font-size:18.9px;line-height:1.2;color:#ffffff;\">+48 572 344 176<\/p><\/div> <!-- header --><\/div><!-- porto-sicon-box --><div class=\"vc_btn3-container  mb-0 vc_btn3-left\" >\n\t<a class=\"vc_btn3 vc_btn3-shape-rounded btn-borders btn btn-md btn-light\" style=\"font-size:0.8rem; font-weight:700; padding:1.282rem 2.4rem;\" href=\"https:\/\/www.mtjelectronics.pl\/en\/contact\/\" title=\"Contact\">CONTACT<\/a>\t<\/div>\n<\/div><\/div><\/div><\/div><\/div>","protected":false},"excerpt":{"rendered":"Jak mo\u017cemy Ci pom\u00f3c?Nasz\u0105 misj\u0105 jest dostarczenie kompleksowych rozwi\u0105za\u0144, maj\u0105cych na celu wsparcie dzia\u0142a\u0144, zapewniaj\u0105cych rozw\u00f3j Pa\u0144stwa firmy, sprawniejsze Jej dzia\u0142anie i eliminowanie wyst\u0119powania ewentualnych problem\u00f3w. Na pierwszym miejscu, stawiamy sobie jako\u015b\u0107 oraz dba\u0142o\u015b\u0107 o szczeg\u00f3\u0142y, dlatego rozwi\u0105zania, kt\u00f3re tworzymy, nieustannie ulegaj\u0105 doskonaleniu i rozwojowi.Sprzeda\u017c skaner\u00f3w magazynowych Profesjonalny serwis pogwarancyjny Wynajem urz\u0105dze\u0144 Wykup zu\u017cytego sprz\u0119tu [...]","protected":false},"author":1,"featured_media":0,"parent":0,"menu_order":0,"comment_status":"closed","ping_status":"closed","template":"","meta":{"footnotes":""},"class_list":["post-16","page","type-page","status-publish","hentry"],"yoast_head":"<!-- This site is optimized with the Yoast SEO plugin v27.5 - https:\/\/yoast.com\/product\/yoast-seo-wordpress\/ -->\n<title>Oferta - MTJ Electronics<\/title>\n<meta name=\"robots\" content=\"index, follow, max-snippet:-1, max-image-preview:large, max-video-preview:-1\" \/>\n<link rel=\"canonical\" href=\"https:\/\/www.mtjelectronics.pl\/en\/oferta\/\" \/>\n<meta property=\"og:locale\" content=\"en_US\" \/>\n<meta property=\"og:type\" content=\"article\" \/>\n<meta property=\"og:title\" content=\"Oferta - MTJ Electronics\" \/>\n<meta property=\"og:url\" content=\"https:\/\/www.mtjelectronics.pl\/en\/oferta\/\" \/>\n<meta property=\"og:site_name\" content=\"MTJ Electronics\" \/>\n<meta property=\"article:publisher\" content=\"https:\/\/www.facebook.com\/mtjelectronicspolska\" \/>\n<meta property=\"article:modified_time\" content=\"2021-09-30T06:08:59+00:00\" \/>\n<meta property=\"og:image\" content=\"https:\/\/www.mtjelectronics.pl\/wp-content\/uploads\/2021\/04\/services2.jpg\" \/>\n\t<meta property=\"og:image:width\" content=\"570\" \/>\n\t<meta property=\"og:image:height\" content=\"460\" \/>\n\t<meta property=\"og:image:type\" content=\"image\/jpeg\" \/>\n<meta name=\"twitter:card\" content=\"summary_large_image\" \/>\n<meta name=\"twitter:label1\" content=\"Est. reading time\" \/>\n\t<meta name=\"twitter:data1\" content=\"2 minutes\" \/>\n<script type=\"application\/ld+json\" class=\"yoast-schema-graph\">{\"@context\":\"https:\\\/\\\/schema.org\",\"@graph\":[{\"@type\":\"WebPage\",\"@id\":\"https:\\\/\\\/www.mtjelectronics.pl\\\/oferta\\\/\",\"url\":\"https:\\\/\\\/www.mtjelectronics.pl\\\/oferta\\\/\",\"name\":\"Oferta - MTJ Electronics\",\"isPartOf\":{\"@id\":\"https:\\\/\\\/www.mtjelectronics.pl\\\/#website\"},\"datePublished\":\"2020-12-25T14:58:49+00:00\",\"dateModified\":\"2021-09-30T06:08:59+00:00\",\"breadcrumb\":{\"@id\":\"https:\\\/\\\/www.mtjelectronics.pl\\\/oferta\\\/#breadcrumb\"},\"inLanguage\":\"en-US\",\"potentialAction\":[{\"@type\":\"ReadAction\",\"target\":[\"https:\\\/\\\/www.mtjelectronics.pl\\\/oferta\\\/\"]}]},{\"@type\":\"BreadcrumbList\",\"@id\":\"https:\\\/\\\/www.mtjelectronics.pl\\\/oferta\\\/#breadcrumb\",\"itemListElement\":[{\"@type\":\"ListItem\",\"position\":1,\"name\":\"Strona g\u0142\u00f3wna\",\"item\":\"https:\\\/\\\/www.mtjelectronics.pl\\\/\"},{\"@type\":\"ListItem\",\"position\":2,\"name\":\"Oferta\"}]},{\"@type\":\"WebSite\",\"@id\":\"https:\\\/\\\/www.mtjelectronics.pl\\\/#website\",\"url\":\"https:\\\/\\\/www.mtjelectronics.pl\\\/\",\"name\":\"MTJ Electronics\",\"description\":\"Globalny dostawca odnowionego sprz\u0119tu Auto ID, Skanery kod&oacute;w kreskowych, kolektory danych, Drukarki etykiet.\",\"publisher\":{\"@id\":\"https:\\\/\\\/www.mtjelectronics.pl\\\/#organization\"},\"potentialAction\":[{\"@type\":\"SearchAction\",\"target\":{\"@type\":\"EntryPoint\",\"urlTemplate\":\"https:\\\/\\\/www.mtjelectronics.pl\\\/?s={search_term_string}\"},\"query-input\":{\"@type\":\"PropertyValueSpecification\",\"valueRequired\":true,\"valueName\":\"search_term_string\"}}],\"inLanguage\":\"en-US\"},{\"@type\":\"Organization\",\"@id\":\"https:\\\/\\\/www.mtjelectronics.pl\\\/#organization\",\"name\":\"MTJ Electronics\",\"url\":\"https:\\\/\\\/www.mtjelectronics.pl\\\/\",\"logo\":{\"@type\":\"ImageObject\",\"inLanguage\":\"en-US\",\"@id\":\"https:\\\/\\\/www.mtjelectronics.pl\\\/#\\\/schema\\\/logo\\\/image\\\/\",\"url\":\"https:\\\/\\\/www.mtjelectronics.pl\\\/wp-content\\\/uploads\\\/2021\\\/04\\\/logob.png\",\"contentUrl\":\"https:\\\/\\\/www.mtjelectronics.pl\\\/wp-content\\\/uploads\\\/2021\\\/04\\\/logob.png\",\"width\":504,\"height\":80,\"caption\":\"MTJ Electronics\"},\"image\":{\"@id\":\"https:\\\/\\\/www.mtjelectronics.pl\\\/#\\\/schema\\\/logo\\\/image\\\/\"},\"sameAs\":[\"https:\\\/\\\/www.facebook.com\\\/mtjelectronicspolska\",\"https:\\\/\\\/www.linkedin.com\\\/company\\\/mtj-electronics\"]}]}<\/script>\n<!-- \/ Yoast SEO plugin. -->","yoast_head_json":{"title":"Oferta - MTJ Electronics","robots":{"index":"index","follow":"follow","max-snippet":"max-snippet:-1","max-image-preview":"max-image-preview:large","max-video-preview":"max-video-preview:-1"},"canonical":"https:\/\/www.mtjelectronics.pl\/en\/oferta\/","og_locale":"en_US","og_type":"article","og_title":"Oferta - MTJ Electronics","og_url":"https:\/\/www.mtjelectronics.pl\/en\/oferta\/","og_site_name":"MTJ Electronics","article_publisher":"https:\/\/www.facebook.com\/mtjelectronicspolska","article_modified_time":"2021-09-30T06:08:59+00:00","og_image":[{"width":570,"height":460,"url":"https:\/\/www.mtjelectronics.pl\/wp-content\/uploads\/2021\/04\/services2.jpg","type":"image\/jpeg"}],"twitter_card":"summary_large_image","twitter_misc":{"Est. reading time":"2 minutes"},"schema":{"@context":"https:\/\/schema.org","@graph":[{"@type":"WebPage","@id":"https:\/\/www.mtjelectronics.pl\/oferta\/","url":"https:\/\/www.mtjelectronics.pl\/oferta\/","name":"Oferta - MTJ Electronics","isPartOf":{"@id":"https:\/\/www.mtjelectronics.pl\/#website"},"datePublished":"2020-12-25T14:58:49+00:00","dateModified":"2021-09-30T06:08:59+00:00","breadcrumb":{"@id":"https:\/\/www.mtjelectronics.pl\/oferta\/#breadcrumb"},"inLanguage":"en-US","potentialAction":[{"@type":"ReadAction","target":["https:\/\/www.mtjelectronics.pl\/oferta\/"]}]},{"@type":"BreadcrumbList","@id":"https:\/\/www.mtjelectronics.pl\/oferta\/#breadcrumb","itemListElement":[{"@type":"ListItem","position":1,"name":"Strona g\u0142\u00f3wna","item":"https:\/\/www.mtjelectronics.pl\/"},{"@type":"ListItem","position":2,"name":"Oferta"}]},{"@type":"WebSite","@id":"https:\/\/www.mtjelectronics.pl\/#website","url":"https:\/\/www.mtjelectronics.pl\/","name":"MTJ Electronics","description":"Globalny dostawca odnowionego sprz\u0119tu Auto ID, Skanery kod&oacute;w kreskowych, kolektory danych, Drukarki etykiet.","publisher":{"@id":"https:\/\/www.mtjelectronics.pl\/#organization"},"potentialAction":[{"@type":"SearchAction","target":{"@type":"EntryPoint","urlTemplate":"https:\/\/www.mtjelectronics.pl\/?s={search_term_string}"},"query-input":{"@type":"PropertyValueSpecification","valueRequired":true,"valueName":"search_term_string"}}],"inLanguage":"en-US"},{"@type":"Organization","@id":"https:\/\/www.mtjelectronics.pl\/#organization","name":"MTJ Electronics","url":"https:\/\/www.mtjelectronics.pl\/","logo":{"@type":"ImageObject","inLanguage":"en-US","@id":"https:\/\/www.mtjelectronics.pl\/#\/schema\/logo\/image\/","url":"https:\/\/www.mtjelectronics.pl\/wp-content\/uploads\/2021\/04\/logob.png","contentUrl":"https:\/\/www.mtjelectronics.pl\/wp-content\/uploads\/2021\/04\/logob.png","width":504,"height":80,"caption":"MTJ Electronics"},"image":{"@id":"https:\/\/www.mtjelectronics.pl\/#\/schema\/logo\/image\/"},"sameAs":["https:\/\/www.facebook.com\/mtjelectronicspolska","https:\/\/www.linkedin.com\/company\/mtj-electronics"]}]}},"_links":{"self":[{"href":"https:\/\/www.mtjelectronics.pl\/en\/wp-json\/wp\/v2\/pages\/16","targetHints":{"allow":["GET"]}}],"collection":[{"href":"https:\/\/www.mtjelectronics.pl\/en\/wp-json\/wp\/v2\/pages"}],"about":[{"href":"https:\/\/www.mtjelectronics.pl\/en\/wp-json\/wp\/v2\/types\/page"}],"author":[{"embeddable":true,"href":"https:\/\/www.mtjelectronics.pl\/en\/wp-json\/wp\/v2\/users\/1"}],"replies":[{"embeddable":true,"href":"https:\/\/www.mtjelectronics.pl\/en\/wp-json\/wp\/v2\/comments?post=16"}],"version-history":[{"count":6,"href":"https:\/\/www.mtjelectronics.pl\/en\/wp-json\/wp\/v2\/pages\/16\/revisions"}],"predecessor-version":[{"id":839,"href":"https:\/\/www.mtjelectronics.pl\/en\/wp-json\/wp\/v2\/pages\/16\/revisions\/839"}],"wp:attachment":[{"href":"https:\/\/www.mtjelectronics.pl\/en\/wp-json\/wp\/v2\/media?parent=16"}],"curies":[{"name":"wp","href":"https:\/\/api.w.org\/{rel}","templated":true}]}}