{"id":372,"date":"2020-12-29T12:20:45","date_gmt":"2020-12-29T12:20:45","guid":{"rendered":"http:\/\/sw-themes.com\/porto_dummy\/auto-services\/?page_id=372"},"modified":"2024-07-05T08:26:10","modified_gmt":"2024-07-05T08:26:10","slug":"serwis-skanerow","status":"publish","type":"page","link":"https:\/\/www.mtjelectronics.pl\/en\/oferta\/serwis-skanerow\/","title":{"rendered":"Repairs"},"content":{"rendered":"<div class=\"vc_row wpb_row porto-inner-container\"><div class=\"porto-wrap-container container\"><div class=\"row\"><div class=\"order-lg-2 vc_column_container col-md-12 col-xl-8 col-lg-8\"><div class=\"wpb_wrapper vc_column-inner\">\n\t<div class=\"wpb_text_column wpb_content_element  vc_custom_1701385180157\" >\n\t\t<div class=\"wpb_wrapper\">\n\t\t\t<h1><img loading=\"lazy\" decoding=\"async\" class=\"img-fluid custom-border-radius-1 float-right mr-4 mb-4 alignnone wp-image-542 size-medium\" src=\"https:\/\/www.mtjelectronics.pl\/wp-content\/uploads\/2021\/04\/services3-300x223.jpg\" alt=\"naprawa skaner\u00f3w\" width=\"300\" height=\"223\" \/>DEVICE REPAIR<\/h1>\n<p><strong>Auto ID Device Service: Barcode Scanners, Label Printers at MTJ Electronics<\/strong><\/p>\n<p>MTJ Electronics offers professional service for Auto ID devices, including barcode scanners and label printers. Our service is comprehensive and designed to provide quick and efficient solutions for all technical issues.<\/p>\n<p><strong>Repair Reporting<\/strong><\/p>\n<ul>\n<li><strong>Web Form<\/strong>: A convenient option for reporting repairs through our website.<\/li>\n<li><strong>Email<\/strong>: Repair requests can also be sent to biuro@mtjelectronics.pl. <a href=\"mailto:biuro@mtjelectronics.pl\" target=\"_new\" rel=\"noopener\">biuro@mtjelectronics.pl<\/a>.<\/li>\n<li><strong>Telephone<\/strong>: Dost\u0119pne s\u0105 numery telefon\u00f3w 572 344 176 \/ 887 680 234 dla bezpo\u015bredniego kontaktu.<\/li>\n<\/ul>\n<p><strong>Logistics<\/strong><\/p>\n<ul>\n<li>Damaged equipment should be delivered to our service center in Bydgoszcz, at Fordo\u0144ska 405A, 85-790 Bydgoszcz. The cost of transport is covered by the client.<\/li>\n<\/ul>\n<p><strong>Diagnostic and Repair Process<\/strong><\/p>\n<ol>\n<li><strong>Device Diagnosis<\/strong>: Upon receiving the device, our qualified team of technicians conducts a thorough diagnosis to identify the problem.<\/li>\n<li><strong>Damage Assessment<\/strong>: Based on the diagnosis, we present the client with a repair estimate, including a detailed description of the damage and costs.<\/li>\n<li><strong>Client Acceptance<\/strong>: Repairs are carried out only after the client accepts the estimate and scope of service work.<\/li>\n<li><strong>Diagnostic Cost<\/strong>: Equipment diagnostics are chargeable \u2013 60 PLN net, plus the cost of shipping the device to the client.<\/li>\n<\/ol>\n<p><strong>Our Commitment<\/strong> At MTJ Electronics, we commit to providing the highest quality of services. Our service team consists of experienced technicians who are experts in Auto ID devices. We ensure that each device is repaired with utmost care and precision to extend its lifespan and functionality.<\/p>\n<p><strong>Why Choose Our Service?<\/strong><\/p>\n<ul>\n<li><strong>Fast and Effective Repair<\/strong>: Our team acts quickly to minimize downtime in your company's operations.<\/li>\n<li><strong>Transparent Costs<\/strong>: All prices are clearly presented and communicated before starting the repair.<\/li>\n<li><strong>Experience and Knowledge<\/strong>: Our team of technicians has years of experience in repairing Auto ID devices.<\/li>\n<li><strong>Customer Service<\/strong>: We provide full support and assistance at every stage of the service process.<\/li>\n<\/ul>\n<p>Choosing MTJ Electronics for the service of your Auto ID devices not only means professional repair but also peace of mind, knowing that your devices are in expert hands. Our service ensures efficient and effective handling, minimizing downtime and ensuring the long-term performance of your equipment. We invite you to take advantage of our service offerings to keep your devices in the best condition.<\/p>\n\n\t\t<\/div>\n\t<\/div>\n<\/div><\/div><div class=\"card-section order-lg-1 vc_column_container col-md-12 col-xl-4 col-lg-4\"><div class=\"wpb_wrapper vc_column-inner\"><div class=\"porto-ultimate-content-box-container card py-5 mb-5 box-shadow-1 custom-border-radius-1\"><style>#porto_ucb_2221{will-change: box-shadow;box-shadow: none;}<\/style><div class=\"porto-ultimate-content-box vc_custom_1640813435198\" style=\"\" id=\"porto_ucb_2221\"><div  class=\"vc_wp_custommenu wpb_content_element mb-0\"><div class=\"widget widget_nav_menu\"><h2 class=\"widgettitle\">Services<\/h2><div class=\"menu-services-container\"><ul id=\"menu-services\" class=\"menu\"><li id=\"menu-item-485\" class=\"menu-item menu-item-type-post_type menu-item-object-page menu-item-485\"><a href=\"https:\/\/www.mtjelectronics.pl\/en\/oferta\/sprzedaz-skanerow\/\">IT device sales<\/a><\/li>\n<li id=\"menu-item-486\" class=\"menu-item menu-item-type-post_type menu-item-object-page menu-item-486\"><a href=\"https:\/\/www.mtjelectronics.pl\/en\/oferta\/serwis-skanerow\/\">Repairs<\/a><\/li>\n<li id=\"menu-item-487\" class=\"menu-item menu-item-type-post_type menu-item-object-page menu-item-487\"><a href=\"https:\/\/www.mtjelectronics.pl\/en\/oferta\/opieka-serwisowa\/\">Service support<\/a><\/li>\n<li id=\"menu-item-488\" class=\"menu-item menu-item-type-post_type menu-item-object-page menu-item-488\"><a href=\"https:\/\/www.mtjelectronics.pl\/en\/oferta\/skup-skanerow\/\">Purchase of barcode scanners<\/a><\/li>\n<li id=\"menu-item-489\" class=\"menu-item menu-item-type-post_type menu-item-object-page menu-item-489\"><a href=\"https:\/\/www.mtjelectronics.pl\/en\/oferta\/wynajem-skanerow\/\">Scanner rental<\/a><\/li>\n<li id=\"menu-item-490\" class=\"menu-item menu-item-type-post_type menu-item-object-page menu-item-490\"><a href=\"https:\/\/www.mtjelectronics.pl\/en\/oferta\/konfiguracja-skanera\/\">Device configuration with Windows<\/a><\/li>\n<\/ul><\/div><\/div><\/div><\/div><\/div><div class=\"porto-ultimate-content-box-container bg-primary py-5 custom-border-radius-1\"><style>#porto_ucb_7216{will-change: box-shadow;box-shadow: none;}<\/style><div class=\"porto-ultimate-content-box vc_custom_1640813573101\" style=\"\" id=\"porto_ucb_7216\"><h3 style=\"font-size: 14px;color: #ffffff;line-height: 1;text-align: center;font-weight:500;letter-spacing:-0.7px\" class=\"vc_custom_heading ls-0 mb-3 pb-1 mt-2 text-center\">ARE YOU LOOKING FOR A RELIABLE AUTO ID EQUIPMENT SUPPLIER?<\/h3><h3 style=\"font-size: 32.2px;color: #ffffff;line-height: 1.3;text-align: center;font-weight:700;letter-spacing:-1.61px\" class=\"vc_custom_heading mb-3 text-center\">For over 10 years, we have been supporting the Polish industry.<\/h3><p style=\"font-size: 16.8px;color: rgba(255,255,255,0.7);line-height: 26px;text-align: center;font-weight:700\" class=\"vc_custom_heading mb-5 text-center\">We will tailor a solution to fit your needs and budget.<\/p><div class=\"porto-sicon-box custom-view-more mb-4 justify-content-center  wpb_custom_1efe903570d178ff0a9b7bfa5febd3a4 style_1 default-icon\"><div class=\"porto-sicon-default\"><div class=\"porto-just-icon-wrapper porto-icon none\" style=\"color:#ffffff;font-size:36.8px;margin-right:0px;\"><i class=\"Simple-Line-Icons-phone\"><\/i><\/div><\/div><div class=\"porto-sicon-header\"><h5 class=\"porto-sicon-title\" style=\"font-weight:500;font-size:16.8px;line-height:1.2;letter-spacing:0;color:#ffffff;margin-bottom:4px;\">CALL US<\/h5><p style=\"font-weight:700;font-size:25.2px;line-height:1.2;color:#ffffff;\">+48 572 344 176<\/p><\/div> <!-- header --><\/div><!-- porto-sicon-box --><div class=\"vc_btn3-container  mb-2 text-center vc_btn3-left\" >\n\t<a class=\"vc_btn3 vc_btn3-shape-rounded btn-borders btn btn-md btn-light\" style=\"font-size:0.8rem; font-weight:700; padding:1.282rem 2.4rem;\" href=\"https:\/\/www.mtjelectronics.pl\/en\/contact\/\" title=\"Contact\">CONTACT<\/a>\t<\/div>\n<\/div><\/div><\/div><\/div><\/div><\/div><\/div>","protected":false},"excerpt":{"rendered":"SERWIS URZ\u0104DZE\u0143 Us\u0142uga Serwisowa Urz\u0105dze\u0144 Auto ID: Skanery Kod\u00f3w Kreskowych, Drukarki Etykiet w MTJ Electronics MTJ Electronics oferuje profesjonalny serwis urz\u0105dze\u0144 Auto ID, w tym skaner\u00f3w kod\u00f3w kreskowych i drukarek etykiet. Nasza us\u0142uga serwisowa jest kompleksowa i zaprojektowana tak, aby zapewni\u0107 szybkie i efektywne rozwi\u0105zania dla wszystkich problem\u00f3w technicznych. Zg\u0142aszanie Naprawy Formularz WWW: Wygodna opcja [...]","protected":false},"author":1,"featured_media":0,"parent":16,"menu_order":0,"comment_status":"closed","ping_status":"closed","template":"","meta":{"footnotes":""},"class_list":["post-372","page","type-page","status-publish","hentry"],"yoast_head":"<!-- This site is optimized with the Yoast SEO plugin v27.5 - https:\/\/yoast.com\/product\/yoast-seo-wordpress\/ -->\n<title>Serwis - MTJ Electronics<\/title>\n<meta name=\"robots\" content=\"index, follow, max-snippet:-1, max-image-preview:large, max-video-preview:-1\" \/>\n<link rel=\"canonical\" href=\"https:\/\/www.mtjelectronics.pl\/en\/oferta\/serwis-skanerow\/\" \/>\n<meta property=\"og:locale\" content=\"en_US\" \/>\n<meta property=\"og:type\" content=\"article\" \/>\n<meta property=\"og:title\" content=\"Serwis - MTJ Electronics\" \/>\n<meta property=\"og:url\" content=\"https:\/\/www.mtjelectronics.pl\/en\/oferta\/serwis-skanerow\/\" \/>\n<meta property=\"og:site_name\" content=\"MTJ Electronics\" \/>\n<meta property=\"article:publisher\" content=\"https:\/\/www.facebook.com\/mtjelectronicspolska\" \/>\n<meta property=\"article:modified_time\" content=\"2024-07-05T08:26:10+00:00\" \/>\n<meta property=\"og:image\" content=\"https:\/\/www.mtjelectronics.pl\/wp-content\/uploads\/2021\/04\/services3-300x223.jpg\" \/>\n<meta name=\"twitter:card\" content=\"summary_large_image\" \/>\n<meta name=\"twitter:label1\" content=\"Est. reading time\" \/>\n\t<meta name=\"twitter:data1\" content=\"4 minutes\" \/>\n<script type=\"application\/ld+json\" class=\"yoast-schema-graph\">{\"@context\":\"https:\\\/\\\/schema.org\",\"@graph\":[{\"@type\":\"WebPage\",\"@id\":\"https:\\\/\\\/www.mtjelectronics.pl\\\/oferta\\\/serwis-skanerow\\\/\",\"url\":\"https:\\\/\\\/www.mtjelectronics.pl\\\/oferta\\\/serwis-skanerow\\\/\",\"name\":\"Serwis - MTJ Electronics\",\"isPartOf\":{\"@id\":\"https:\\\/\\\/www.mtjelectronics.pl\\\/#website\"},\"primaryImageOfPage\":{\"@id\":\"https:\\\/\\\/www.mtjelectronics.pl\\\/oferta\\\/serwis-skanerow\\\/#primaryimage\"},\"image\":{\"@id\":\"https:\\\/\\\/www.mtjelectronics.pl\\\/oferta\\\/serwis-skanerow\\\/#primaryimage\"},\"thumbnailUrl\":\"https:\\\/\\\/www.mtjelectronics.pl\\\/wp-content\\\/uploads\\\/2021\\\/04\\\/services3-300x223.jpg\",\"datePublished\":\"2020-12-29T12:20:45+00:00\",\"dateModified\":\"2024-07-05T08:26:10+00:00\",\"breadcrumb\":{\"@id\":\"https:\\\/\\\/www.mtjelectronics.pl\\\/oferta\\\/serwis-skanerow\\\/#breadcrumb\"},\"inLanguage\":\"en-US\",\"potentialAction\":[{\"@type\":\"ReadAction\",\"target\":[\"https:\\\/\\\/www.mtjelectronics.pl\\\/oferta\\\/serwis-skanerow\\\/\"]}]},{\"@type\":\"ImageObject\",\"inLanguage\":\"en-US\",\"@id\":\"https:\\\/\\\/www.mtjelectronics.pl\\\/oferta\\\/serwis-skanerow\\\/#primaryimage\",\"url\":\"https:\\\/\\\/www.mtjelectronics.pl\\\/wp-content\\\/uploads\\\/2021\\\/04\\\/services3-300x223.jpg\",\"contentUrl\":\"https:\\\/\\\/www.mtjelectronics.pl\\\/wp-content\\\/uploads\\\/2021\\\/04\\\/services3-300x223.jpg\"},{\"@type\":\"BreadcrumbList\",\"@id\":\"https:\\\/\\\/www.mtjelectronics.pl\\\/oferta\\\/serwis-skanerow\\\/#breadcrumb\",\"itemListElement\":[{\"@type\":\"ListItem\",\"position\":1,\"name\":\"Strona g\u0142\u00f3wna\",\"item\":\"https:\\\/\\\/www.mtjelectronics.pl\\\/\"},{\"@type\":\"ListItem\",\"position\":2,\"name\":\"Oferta\",\"item\":\"https:\\\/\\\/www.mtjelectronics.pl\\\/oferta\\\/\"},{\"@type\":\"ListItem\",\"position\":3,\"name\":\"Serwis\"}]},{\"@type\":\"WebSite\",\"@id\":\"https:\\\/\\\/www.mtjelectronics.pl\\\/#website\",\"url\":\"https:\\\/\\\/www.mtjelectronics.pl\\\/\",\"name\":\"MTJ Electronics\",\"description\":\"Globalny dostawca odnowionego sprz\u0119tu Auto ID, Skanery kod&oacute;w kreskowych, kolektory danych, Drukarki etykiet.\",\"publisher\":{\"@id\":\"https:\\\/\\\/www.mtjelectronics.pl\\\/#organization\"},\"potentialAction\":[{\"@type\":\"SearchAction\",\"target\":{\"@type\":\"EntryPoint\",\"urlTemplate\":\"https:\\\/\\\/www.mtjelectronics.pl\\\/?s={search_term_string}\"},\"query-input\":{\"@type\":\"PropertyValueSpecification\",\"valueRequired\":true,\"valueName\":\"search_term_string\"}}],\"inLanguage\":\"en-US\"},{\"@type\":\"Organization\",\"@id\":\"https:\\\/\\\/www.mtjelectronics.pl\\\/#organization\",\"name\":\"MTJ Electronics\",\"url\":\"https:\\\/\\\/www.mtjelectronics.pl\\\/\",\"logo\":{\"@type\":\"ImageObject\",\"inLanguage\":\"en-US\",\"@id\":\"https:\\\/\\\/www.mtjelectronics.pl\\\/#\\\/schema\\\/logo\\\/image\\\/\",\"url\":\"https:\\\/\\\/www.mtjelectronics.pl\\\/wp-content\\\/uploads\\\/2021\\\/04\\\/logob.png\",\"contentUrl\":\"https:\\\/\\\/www.mtjelectronics.pl\\\/wp-content\\\/uploads\\\/2021\\\/04\\\/logob.png\",\"width\":504,\"height\":80,\"caption\":\"MTJ Electronics\"},\"image\":{\"@id\":\"https:\\\/\\\/www.mtjelectronics.pl\\\/#\\\/schema\\\/logo\\\/image\\\/\"},\"sameAs\":[\"https:\\\/\\\/www.facebook.com\\\/mtjelectronicspolska\",\"https:\\\/\\\/www.linkedin.com\\\/company\\\/mtj-electronics\"]}]}<\/script>\n<!-- \/ Yoast SEO plugin. -->","yoast_head_json":{"title":"Serwis - MTJ Electronics","robots":{"index":"index","follow":"follow","max-snippet":"max-snippet:-1","max-image-preview":"max-image-preview:large","max-video-preview":"max-video-preview:-1"},"canonical":"https:\/\/www.mtjelectronics.pl\/en\/oferta\/serwis-skanerow\/","og_locale":"en_US","og_type":"article","og_title":"Serwis - MTJ Electronics","og_url":"https:\/\/www.mtjelectronics.pl\/en\/oferta\/serwis-skanerow\/","og_site_name":"MTJ Electronics","article_publisher":"https:\/\/www.facebook.com\/mtjelectronicspolska","article_modified_time":"2024-07-05T08:26:10+00:00","og_image":[{"url":"https:\/\/www.mtjelectronics.pl\/wp-content\/uploads\/2021\/04\/services3-300x223.jpg","type":"","width":"","height":""}],"twitter_card":"summary_large_image","twitter_misc":{"Est. reading time":"4 minutes"},"schema":{"@context":"https:\/\/schema.org","@graph":[{"@type":"WebPage","@id":"https:\/\/www.mtjelectronics.pl\/oferta\/serwis-skanerow\/","url":"https:\/\/www.mtjelectronics.pl\/oferta\/serwis-skanerow\/","name":"Serwis - MTJ Electronics","isPartOf":{"@id":"https:\/\/www.mtjelectronics.pl\/#website"},"primaryImageOfPage":{"@id":"https:\/\/www.mtjelectronics.pl\/oferta\/serwis-skanerow\/#primaryimage"},"image":{"@id":"https:\/\/www.mtjelectronics.pl\/oferta\/serwis-skanerow\/#primaryimage"},"thumbnailUrl":"https:\/\/www.mtjelectronics.pl\/wp-content\/uploads\/2021\/04\/services3-300x223.jpg","datePublished":"2020-12-29T12:20:45+00:00","dateModified":"2024-07-05T08:26:10+00:00","breadcrumb":{"@id":"https:\/\/www.mtjelectronics.pl\/oferta\/serwis-skanerow\/#breadcrumb"},"inLanguage":"en-US","potentialAction":[{"@type":"ReadAction","target":["https:\/\/www.mtjelectronics.pl\/oferta\/serwis-skanerow\/"]}]},{"@type":"ImageObject","inLanguage":"en-US","@id":"https:\/\/www.mtjelectronics.pl\/oferta\/serwis-skanerow\/#primaryimage","url":"https:\/\/www.mtjelectronics.pl\/wp-content\/uploads\/2021\/04\/services3-300x223.jpg","contentUrl":"https:\/\/www.mtjelectronics.pl\/wp-content\/uploads\/2021\/04\/services3-300x223.jpg"},{"@type":"BreadcrumbList","@id":"https:\/\/www.mtjelectronics.pl\/oferta\/serwis-skanerow\/#breadcrumb","itemListElement":[{"@type":"ListItem","position":1,"name":"Strona g\u0142\u00f3wna","item":"https:\/\/www.mtjelectronics.pl\/"},{"@type":"ListItem","position":2,"name":"Oferta","item":"https:\/\/www.mtjelectronics.pl\/oferta\/"},{"@type":"ListItem","position":3,"name":"Serwis"}]},{"@type":"WebSite","@id":"https:\/\/www.mtjelectronics.pl\/#website","url":"https:\/\/www.mtjelectronics.pl\/","name":"MTJ Electronics","description":"Globalny dostawca odnowionego sprz\u0119tu Auto ID, Skanery kod&oacute;w kreskowych, kolektory danych, Drukarki etykiet.","publisher":{"@id":"https:\/\/www.mtjelectronics.pl\/#organization"},"potentialAction":[{"@type":"SearchAction","target":{"@type":"EntryPoint","urlTemplate":"https:\/\/www.mtjelectronics.pl\/?s={search_term_string}"},"query-input":{"@type":"PropertyValueSpecification","valueRequired":true,"valueName":"search_term_string"}}],"inLanguage":"en-US"},{"@type":"Organization","@id":"https:\/\/www.mtjelectronics.pl\/#organization","name":"MTJ Electronics","url":"https:\/\/www.mtjelectronics.pl\/","logo":{"@type":"ImageObject","inLanguage":"en-US","@id":"https:\/\/www.mtjelectronics.pl\/#\/schema\/logo\/image\/","url":"https:\/\/www.mtjelectronics.pl\/wp-content\/uploads\/2021\/04\/logob.png","contentUrl":"https:\/\/www.mtjelectronics.pl\/wp-content\/uploads\/2021\/04\/logob.png","width":504,"height":80,"caption":"MTJ Electronics"},"image":{"@id":"https:\/\/www.mtjelectronics.pl\/#\/schema\/logo\/image\/"},"sameAs":["https:\/\/www.facebook.com\/mtjelectronicspolska","https:\/\/www.linkedin.com\/company\/mtj-electronics"]}]}},"_links":{"self":[{"href":"https:\/\/www.mtjelectronics.pl\/en\/wp-json\/wp\/v2\/pages\/372","targetHints":{"allow":["GET"]}}],"collection":[{"href":"https:\/\/www.mtjelectronics.pl\/en\/wp-json\/wp\/v2\/pages"}],"about":[{"href":"https:\/\/www.mtjelectronics.pl\/en\/wp-json\/wp\/v2\/types\/page"}],"author":[{"embeddable":true,"href":"https:\/\/www.mtjelectronics.pl\/en\/wp-json\/wp\/v2\/users\/1"}],"replies":[{"embeddable":true,"href":"https:\/\/www.mtjelectronics.pl\/en\/wp-json\/wp\/v2\/comments?post=372"}],"version-history":[{"count":6,"href":"https:\/\/www.mtjelectronics.pl\/en\/wp-json\/wp\/v2\/pages\/372\/revisions"}],"predecessor-version":[{"id":1041,"href":"https:\/\/www.mtjelectronics.pl\/en\/wp-json\/wp\/v2\/pages\/372\/revisions\/1041"}],"up":[{"embeddable":true,"href":"https:\/\/www.mtjelectronics.pl\/en\/wp-json\/wp\/v2\/pages\/16"}],"wp:attachment":[{"href":"https:\/\/www.mtjelectronics.pl\/en\/wp-json\/wp\/v2\/media?parent=372"}],"curies":[{"name":"wp","href":"https:\/\/api.w.org\/{rel}","templated":true}]}}