{"id":380,"date":"2020-12-29T12:21:51","date_gmt":"2020-12-29T12:21:51","guid":{"rendered":"http:\/\/sw-themes.com\/porto_dummy\/auto-services\/?page_id=380"},"modified":"2021-04-10T11:43:00","modified_gmt":"2021-04-10T11:43:00","slug":"konfiguracja-skanera","status":"publish","type":"page","link":"https:\/\/www.mtjelectronics.pl\/en\/oferta\/konfiguracja-skanera\/","title":{"rendered":"Device configuration with Windows"},"content":{"rendered":"<div class=\"vc_row wpb_row porto-inner-container\"><div class=\"porto-wrap-container container\"><div class=\"row\"><div class=\"order-lg-2 vc_column_container col-md-12 col-xl-8 col-lg-8\"><div class=\"wpb_wrapper vc_column-inner\">\n\t<div class=\"wpb_text_column wpb_content_element  vc_custom_1617532573290\" >\n\t\t<div class=\"wpb_wrapper\">\n\t\t\t<h4><img loading=\"lazy\" decoding=\"async\" class=\"aligncenter wp-image-681 size-full\" src=\"https:\/\/www.mtjelectronics.pl\/wp-content\/uploads\/2021\/04\/windowsmobile.jpg\" alt=\"windows mobile\" width=\"640\" height=\"268\" srcset=\"https:\/\/www.mtjelectronics.pl\/wp-content\/uploads\/2021\/04\/windowsmobile.jpg 640w, https:\/\/www.mtjelectronics.pl\/wp-content\/uploads\/2021\/04\/windowsmobile-600x251.jpg 600w, https:\/\/www.mtjelectronics.pl\/wp-content\/uploads\/2021\/04\/windowsmobile-400x168.jpg 400w, https:\/\/www.mtjelectronics.pl\/wp-content\/uploads\/2021\/04\/windowsmobile-367x154.jpg 367w\" sizes=\"auto, (max-width: 640px) 100vw, 640px\" \/><\/h4>\n<h4>Before making a purchase decision, it's important to consider several factors.<\/h4>\n<p>When deciding to implement data collectors, it is important to consider that they are essentially computers with a bare operating system. In order for these devices to perform any warehouse movements, scanning to a list, or file transfer to a computer, they need to be properly configured or have additional, often paid, software installed. While the Android system is more user-friendly due to its versatile use in mobile devices, older Windows Mobile systems may pose configuration challenges. Another key difference between data collectors and, for example, smartphones is the use of a memory backup battery in data collectors. This battery is used to maintain all our configurations when the main battery is not installed. If the backup battery is depleted or completely worn out during a battery replacement with a charged one, it can result in data loss, such as Wi-Fi connections, installed programs, remote desktop connection icons, etc.<\/p>\n<h4>Data Security<\/h4>\n<p>To prevent this, we can use non-volatile memory, which (on Zebra\/Motorola\/Symbol devices) is the \\Application partition. By using .EXE, .CPY, and .REG files, the scanner will automatically restore all settings and install the software. During the factory reset (Cold Boot) procedure, the scanner analyzes the data from the \/Application partition and automatically restores the full configuration. In the case of remote desktop connections, this operation time is not noticeable to the user. However, if the scanner needs to install databases or dedicated software, this time may be extended to several seconds. However, please note that this operation occurs once or twice per 8-hour shift, which has no significant impact on work downtime.<\/p>\n<p>More information about persistent device configuration can be found in the Integrator Guides for specific mobile devices.<\/p>\n<h4>We are here to help<\/h4>\n<p>If you are facing difficulties with configuring your devices on your own, we are here to help. We can prepare a configuration package and an installation package tailored to your needs. Such a package completely automates the initial device configuration and ensures the continuity of device operation. Installing the configuration package simply involves copying the prepared set of files to the \/Application partition and initiating the Cold Boot procedure.<\/p>\n<h4>The scope of our technical support includes a wide range of services to provide you with comprehensive assistance. We can help with:<\/h4>\n<ul>\n<li>Wi-Fi connection<\/li>\n<li>Scanning settings<\/li>\n<li>Automatic application launch<\/li>\n<li>Client software installation<\/li>\n<li>Automatic login with Remote Desktop (RDP)<\/li>\n<li>Restricting user access to the system using AppCenter<\/li>\n<li>Automatic configuration of WLAN Fusion client<\/li>\n<li>Configuration and registry system saving<\/li>\n<li>Blocking keys\/keyboard (e.g., phone keys)<\/li>\n<li>Clean operating system installation<\/li>\n<\/ul>\n\n\t\t<\/div>\n\t<\/div>\n<\/div><\/div><div class=\"card-section order-lg-1 vc_column_container col-md-12 col-xl-4 col-lg-4\"><div class=\"wpb_wrapper vc_column-inner\"><div class=\"porto-ultimate-content-box-container card py-5 mb-5 box-shadow-1 custom-border-radius-1\"><style>#porto_ucb_9535{will-change: box-shadow;box-shadow: none;}<\/style><div class=\"porto-ultimate-content-box vc_custom_1640813435198\" style=\"\" id=\"porto_ucb_9535\"><div  class=\"vc_wp_custommenu wpb_content_element mb-0\"><div class=\"widget widget_nav_menu\"><h2 class=\"widgettitle\">Services<\/h2><div class=\"menu-services-container\"><ul id=\"menu-services\" class=\"menu\"><li id=\"menu-item-485\" class=\"menu-item menu-item-type-post_type menu-item-object-page menu-item-485\"><a href=\"https:\/\/www.mtjelectronics.pl\/en\/oferta\/sprzedaz-skanerow\/\">IT device sales<\/a><\/li>\n<li id=\"menu-item-486\" class=\"menu-item menu-item-type-post_type menu-item-object-page menu-item-486\"><a href=\"https:\/\/www.mtjelectronics.pl\/en\/oferta\/serwis-skanerow\/\">Repairs<\/a><\/li>\n<li id=\"menu-item-487\" class=\"menu-item menu-item-type-post_type menu-item-object-page menu-item-487\"><a href=\"https:\/\/www.mtjelectronics.pl\/en\/oferta\/opieka-serwisowa\/\">Service support<\/a><\/li>\n<li id=\"menu-item-488\" class=\"menu-item menu-item-type-post_type menu-item-object-page menu-item-488\"><a href=\"https:\/\/www.mtjelectronics.pl\/en\/oferta\/skup-skanerow\/\">Purchase of barcode scanners<\/a><\/li>\n<li id=\"menu-item-489\" class=\"menu-item menu-item-type-post_type menu-item-object-page menu-item-489\"><a href=\"https:\/\/www.mtjelectronics.pl\/en\/oferta\/wynajem-skanerow\/\">Scanner rental<\/a><\/li>\n<li id=\"menu-item-490\" class=\"menu-item menu-item-type-post_type menu-item-object-page menu-item-490\"><a href=\"https:\/\/www.mtjelectronics.pl\/en\/oferta\/konfiguracja-skanera\/\">Device configuration with Windows<\/a><\/li>\n<\/ul><\/div><\/div><\/div><\/div><\/div><div class=\"porto-ultimate-content-box-container bg-primary py-5 custom-border-radius-1\"><style>#porto_ucb_7599{will-change: box-shadow;box-shadow: none;}<\/style><div class=\"porto-ultimate-content-box vc_custom_1640813573101\" style=\"\" id=\"porto_ucb_7599\"><h3 style=\"font-size: 14px;color: #ffffff;line-height: 1;text-align: center;font-weight:500;letter-spacing:-0.7px\" class=\"vc_custom_heading ls-0 mb-3 pb-1 mt-2 text-center\">ARE YOU LOOKING FOR A RELIABLE AUTO ID EQUIPMENT SUPPLIER?<\/h3><h3 style=\"font-size: 32.2px;color: #ffffff;line-height: 1.3;text-align: center;font-weight:700;letter-spacing:-1.61px\" class=\"vc_custom_heading mb-3 text-center\">For over 10 years, we have been supporting the Polish industry.<\/h3><p style=\"font-size: 16.8px;color: rgba(255,255,255,0.7);line-height: 26px;text-align: center;font-weight:700\" class=\"vc_custom_heading mb-5 text-center\">We will tailor a solution to fit your needs and budget.<\/p><div class=\"porto-sicon-box custom-view-more mb-4 justify-content-center  wpb_custom_1efe903570d178ff0a9b7bfa5febd3a4 style_1 default-icon\"><div class=\"porto-sicon-default\"><div class=\"porto-just-icon-wrapper porto-icon none\" style=\"color:#ffffff;font-size:36.8px;margin-right:0px;\"><i class=\"Simple-Line-Icons-phone\"><\/i><\/div><\/div><div class=\"porto-sicon-header\"><h5 class=\"porto-sicon-title\" style=\"font-weight:500;font-size:16.8px;line-height:1.2;letter-spacing:0;color:#ffffff;margin-bottom:4px;\">CALL US<\/h5><p style=\"font-weight:700;font-size:25.2px;line-height:1.2;color:#ffffff;\">+48 572 344 176<\/p><\/div> <!-- header --><\/div><!-- porto-sicon-box --><div class=\"vc_btn3-container  mb-2 text-center vc_btn3-left\" >\n\t<a class=\"vc_btn3 vc_btn3-shape-rounded btn-borders btn btn-md btn-light\" style=\"font-size:0.8rem; font-weight:700; padding:1.282rem 2.4rem;\" href=\"https:\/\/www.mtjelectronics.pl\/en\/contact\/\" title=\"Contact\">CONTACT<\/a>\t<\/div>\n<\/div><\/div><\/div><\/div><\/div><\/div><\/div>\n<p>&nbsp;<\/p>","protected":false},"excerpt":{"rendered":"<p>&nbsp;<\/p>","protected":false},"author":1,"featured_media":0,"parent":16,"menu_order":0,"comment_status":"closed","ping_status":"closed","template":"","meta":{"footnotes":""},"class_list":["post-380","page","type-page","status-publish","hentry"],"yoast_head":"<!-- This site is optimized with the Yoast SEO plugin v27.5 - https:\/\/yoast.com\/product\/yoast-seo-wordpress\/ -->\n<title>Konfiguracja urz\u0105dze\u0144 z systemem Windows - MTJ Electronics<\/title>\n<meta name=\"description\" content=\"Decyduj\u0105c si\u0119 na wdro\u017cenie kolektor\u00f3w danych musimy wzi\u0105\u0107 pod uwag\u0119 \u017ce s\u0105 to komputery posiadaj\u0105ce go\u0142y system operacyjny.\" \/>\n<meta name=\"robots\" content=\"index, follow, max-snippet:-1, max-image-preview:large, max-video-preview:-1\" \/>\n<link rel=\"canonical\" href=\"https:\/\/www.mtjelectronics.pl\/en\/oferta\/konfiguracja-skanera\/\" \/>\n<meta property=\"og:locale\" content=\"en_US\" \/>\n<meta property=\"og:type\" content=\"article\" \/>\n<meta property=\"og:title\" content=\"Konfiguracja urz\u0105dze\u0144 z systemem Windows - MTJ Electronics\" \/>\n<meta property=\"og:description\" content=\"Decyduj\u0105c si\u0119 na wdro\u017cenie kolektor\u00f3w danych musimy wzi\u0105\u0107 pod uwag\u0119 \u017ce s\u0105 to komputery posiadaj\u0105ce go\u0142y system operacyjny.\" \/>\n<meta property=\"og:url\" content=\"https:\/\/www.mtjelectronics.pl\/en\/oferta\/konfiguracja-skanera\/\" \/>\n<meta property=\"og:site_name\" content=\"MTJ Electronics\" \/>\n<meta property=\"article:publisher\" content=\"https:\/\/www.facebook.com\/mtjelectronicspolska\" \/>\n<meta property=\"article:modified_time\" content=\"2021-04-10T11:43:00+00:00\" \/>\n<meta property=\"og:image\" content=\"https:\/\/www.mtjelectronics.pl\/wp-content\/uploads\/2021\/04\/windowsmobile.jpg\" \/>\n<meta name=\"twitter:card\" content=\"summary_large_image\" \/>\n<meta name=\"twitter:label1\" content=\"Est. reading time\" \/>\n\t<meta name=\"twitter:data1\" content=\"3 minutes\" \/>\n<script type=\"application\/ld+json\" class=\"yoast-schema-graph\">{\"@context\":\"https:\\\/\\\/schema.org\",\"@graph\":[{\"@type\":\"WebPage\",\"@id\":\"https:\\\/\\\/www.mtjelectronics.pl\\\/oferta\\\/konfiguracja-skanera\\\/\",\"url\":\"https:\\\/\\\/www.mtjelectronics.pl\\\/oferta\\\/konfiguracja-skanera\\\/\",\"name\":\"Konfiguracja urz\u0105dze\u0144 z systemem Windows - MTJ Electronics\",\"isPartOf\":{\"@id\":\"https:\\\/\\\/www.mtjelectronics.pl\\\/#website\"},\"primaryImageOfPage\":{\"@id\":\"https:\\\/\\\/www.mtjelectronics.pl\\\/oferta\\\/konfiguracja-skanera\\\/#primaryimage\"},\"image\":{\"@id\":\"https:\\\/\\\/www.mtjelectronics.pl\\\/oferta\\\/konfiguracja-skanera\\\/#primaryimage\"},\"thumbnailUrl\":\"https:\\\/\\\/www.mtjelectronics.pl\\\/wp-content\\\/uploads\\\/2021\\\/04\\\/windowsmobile.jpg\",\"datePublished\":\"2020-12-29T12:21:51+00:00\",\"dateModified\":\"2021-04-10T11:43:00+00:00\",\"description\":\"Decyduj\u0105c si\u0119 na wdro\u017cenie kolektor\u00f3w danych musimy wzi\u0105\u0107 pod uwag\u0119 \u017ce s\u0105 to komputery posiadaj\u0105ce go\u0142y system operacyjny.\",\"breadcrumb\":{\"@id\":\"https:\\\/\\\/www.mtjelectronics.pl\\\/oferta\\\/konfiguracja-skanera\\\/#breadcrumb\"},\"inLanguage\":\"en-US\",\"potentialAction\":[{\"@type\":\"ReadAction\",\"target\":[\"https:\\\/\\\/www.mtjelectronics.pl\\\/oferta\\\/konfiguracja-skanera\\\/\"]}]},{\"@type\":\"ImageObject\",\"inLanguage\":\"en-US\",\"@id\":\"https:\\\/\\\/www.mtjelectronics.pl\\\/oferta\\\/konfiguracja-skanera\\\/#primaryimage\",\"url\":\"https:\\\/\\\/www.mtjelectronics.pl\\\/wp-content\\\/uploads\\\/2021\\\/04\\\/windowsmobile.jpg\",\"contentUrl\":\"https:\\\/\\\/www.mtjelectronics.pl\\\/wp-content\\\/uploads\\\/2021\\\/04\\\/windowsmobile.jpg\"},{\"@type\":\"BreadcrumbList\",\"@id\":\"https:\\\/\\\/www.mtjelectronics.pl\\\/oferta\\\/konfiguracja-skanera\\\/#breadcrumb\",\"itemListElement\":[{\"@type\":\"ListItem\",\"position\":1,\"name\":\"Strona g\u0142\u00f3wna\",\"item\":\"https:\\\/\\\/www.mtjelectronics.pl\\\/\"},{\"@type\":\"ListItem\",\"position\":2,\"name\":\"Oferta\",\"item\":\"https:\\\/\\\/www.mtjelectronics.pl\\\/oferta\\\/\"},{\"@type\":\"ListItem\",\"position\":3,\"name\":\"Konfiguracja urz\u0105dze\u0144 z systemem Windows\"}]},{\"@type\":\"WebSite\",\"@id\":\"https:\\\/\\\/www.mtjelectronics.pl\\\/#website\",\"url\":\"https:\\\/\\\/www.mtjelectronics.pl\\\/\",\"name\":\"MTJ Electronics\",\"description\":\"Globalny dostawca odnowionego sprz\u0119tu Auto ID, Skanery kod&oacute;w kreskowych, kolektory danych, Drukarki etykiet.\",\"publisher\":{\"@id\":\"https:\\\/\\\/www.mtjelectronics.pl\\\/#organization\"},\"potentialAction\":[{\"@type\":\"SearchAction\",\"target\":{\"@type\":\"EntryPoint\",\"urlTemplate\":\"https:\\\/\\\/www.mtjelectronics.pl\\\/?s={search_term_string}\"},\"query-input\":{\"@type\":\"PropertyValueSpecification\",\"valueRequired\":true,\"valueName\":\"search_term_string\"}}],\"inLanguage\":\"en-US\"},{\"@type\":\"Organization\",\"@id\":\"https:\\\/\\\/www.mtjelectronics.pl\\\/#organization\",\"name\":\"MTJ Electronics\",\"url\":\"https:\\\/\\\/www.mtjelectronics.pl\\\/\",\"logo\":{\"@type\":\"ImageObject\",\"inLanguage\":\"en-US\",\"@id\":\"https:\\\/\\\/www.mtjelectronics.pl\\\/#\\\/schema\\\/logo\\\/image\\\/\",\"url\":\"https:\\\/\\\/www.mtjelectronics.pl\\\/wp-content\\\/uploads\\\/2021\\\/04\\\/logob.png\",\"contentUrl\":\"https:\\\/\\\/www.mtjelectronics.pl\\\/wp-content\\\/uploads\\\/2021\\\/04\\\/logob.png\",\"width\":504,\"height\":80,\"caption\":\"MTJ Electronics\"},\"image\":{\"@id\":\"https:\\\/\\\/www.mtjelectronics.pl\\\/#\\\/schema\\\/logo\\\/image\\\/\"},\"sameAs\":[\"https:\\\/\\\/www.facebook.com\\\/mtjelectronicspolska\",\"https:\\\/\\\/www.linkedin.com\\\/company\\\/mtj-electronics\"]}]}<\/script>\n<!-- \/ Yoast SEO plugin. -->","yoast_head_json":{"title":"Konfiguracja urz\u0105dze\u0144 z systemem Windows - MTJ Electronics","description":"Decyduj\u0105c si\u0119 na wdro\u017cenie kolektor\u00f3w danych musimy wzi\u0105\u0107 pod uwag\u0119 \u017ce s\u0105 to komputery posiadaj\u0105ce go\u0142y system operacyjny.","robots":{"index":"index","follow":"follow","max-snippet":"max-snippet:-1","max-image-preview":"max-image-preview:large","max-video-preview":"max-video-preview:-1"},"canonical":"https:\/\/www.mtjelectronics.pl\/en\/oferta\/konfiguracja-skanera\/","og_locale":"en_US","og_type":"article","og_title":"Konfiguracja urz\u0105dze\u0144 z systemem Windows - MTJ Electronics","og_description":"Decyduj\u0105c si\u0119 na wdro\u017cenie kolektor\u00f3w danych musimy wzi\u0105\u0107 pod uwag\u0119 \u017ce s\u0105 to komputery posiadaj\u0105ce go\u0142y system operacyjny.","og_url":"https:\/\/www.mtjelectronics.pl\/en\/oferta\/konfiguracja-skanera\/","og_site_name":"MTJ Electronics","article_publisher":"https:\/\/www.facebook.com\/mtjelectronicspolska","article_modified_time":"2021-04-10T11:43:00+00:00","og_image":[{"url":"https:\/\/www.mtjelectronics.pl\/wp-content\/uploads\/2021\/04\/windowsmobile.jpg","type":"","width":"","height":""}],"twitter_card":"summary_large_image","twitter_misc":{"Est. reading time":"3 minutes"},"schema":{"@context":"https:\/\/schema.org","@graph":[{"@type":"WebPage","@id":"https:\/\/www.mtjelectronics.pl\/oferta\/konfiguracja-skanera\/","url":"https:\/\/www.mtjelectronics.pl\/oferta\/konfiguracja-skanera\/","name":"Konfiguracja urz\u0105dze\u0144 z systemem Windows - MTJ Electronics","isPartOf":{"@id":"https:\/\/www.mtjelectronics.pl\/#website"},"primaryImageOfPage":{"@id":"https:\/\/www.mtjelectronics.pl\/oferta\/konfiguracja-skanera\/#primaryimage"},"image":{"@id":"https:\/\/www.mtjelectronics.pl\/oferta\/konfiguracja-skanera\/#primaryimage"},"thumbnailUrl":"https:\/\/www.mtjelectronics.pl\/wp-content\/uploads\/2021\/04\/windowsmobile.jpg","datePublished":"2020-12-29T12:21:51+00:00","dateModified":"2021-04-10T11:43:00+00:00","description":"Decyduj\u0105c si\u0119 na wdro\u017cenie kolektor\u00f3w danych musimy wzi\u0105\u0107 pod uwag\u0119 \u017ce s\u0105 to komputery posiadaj\u0105ce go\u0142y system operacyjny.","breadcrumb":{"@id":"https:\/\/www.mtjelectronics.pl\/oferta\/konfiguracja-skanera\/#breadcrumb"},"inLanguage":"en-US","potentialAction":[{"@type":"ReadAction","target":["https:\/\/www.mtjelectronics.pl\/oferta\/konfiguracja-skanera\/"]}]},{"@type":"ImageObject","inLanguage":"en-US","@id":"https:\/\/www.mtjelectronics.pl\/oferta\/konfiguracja-skanera\/#primaryimage","url":"https:\/\/www.mtjelectronics.pl\/wp-content\/uploads\/2021\/04\/windowsmobile.jpg","contentUrl":"https:\/\/www.mtjelectronics.pl\/wp-content\/uploads\/2021\/04\/windowsmobile.jpg"},{"@type":"BreadcrumbList","@id":"https:\/\/www.mtjelectronics.pl\/oferta\/konfiguracja-skanera\/#breadcrumb","itemListElement":[{"@type":"ListItem","position":1,"name":"Strona g\u0142\u00f3wna","item":"https:\/\/www.mtjelectronics.pl\/"},{"@type":"ListItem","position":2,"name":"Oferta","item":"https:\/\/www.mtjelectronics.pl\/oferta\/"},{"@type":"ListItem","position":3,"name":"Konfiguracja urz\u0105dze\u0144 z systemem Windows"}]},{"@type":"WebSite","@id":"https:\/\/www.mtjelectronics.pl\/#website","url":"https:\/\/www.mtjelectronics.pl\/","name":"MTJ Electronics","description":"Globalny dostawca odnowionego sprz\u0119tu Auto ID, Skanery kod&oacute;w kreskowych, kolektory danych, Drukarki etykiet.","publisher":{"@id":"https:\/\/www.mtjelectronics.pl\/#organization"},"potentialAction":[{"@type":"SearchAction","target":{"@type":"EntryPoint","urlTemplate":"https:\/\/www.mtjelectronics.pl\/?s={search_term_string}"},"query-input":{"@type":"PropertyValueSpecification","valueRequired":true,"valueName":"search_term_string"}}],"inLanguage":"en-US"},{"@type":"Organization","@id":"https:\/\/www.mtjelectronics.pl\/#organization","name":"MTJ Electronics","url":"https:\/\/www.mtjelectronics.pl\/","logo":{"@type":"ImageObject","inLanguage":"en-US","@id":"https:\/\/www.mtjelectronics.pl\/#\/schema\/logo\/image\/","url":"https:\/\/www.mtjelectronics.pl\/wp-content\/uploads\/2021\/04\/logob.png","contentUrl":"https:\/\/www.mtjelectronics.pl\/wp-content\/uploads\/2021\/04\/logob.png","width":504,"height":80,"caption":"MTJ Electronics"},"image":{"@id":"https:\/\/www.mtjelectronics.pl\/#\/schema\/logo\/image\/"},"sameAs":["https:\/\/www.facebook.com\/mtjelectronicspolska","https:\/\/www.linkedin.com\/company\/mtj-electronics"]}]}},"_links":{"self":[{"href":"https:\/\/www.mtjelectronics.pl\/en\/wp-json\/wp\/v2\/pages\/380","targetHints":{"allow":["GET"]}}],"collection":[{"href":"https:\/\/www.mtjelectronics.pl\/en\/wp-json\/wp\/v2\/pages"}],"about":[{"href":"https:\/\/www.mtjelectronics.pl\/en\/wp-json\/wp\/v2\/types\/page"}],"author":[{"embeddable":true,"href":"https:\/\/www.mtjelectronics.pl\/en\/wp-json\/wp\/v2\/users\/1"}],"replies":[{"embeddable":true,"href":"https:\/\/www.mtjelectronics.pl\/en\/wp-json\/wp\/v2\/comments?post=380"}],"version-history":[{"count":15,"href":"https:\/\/www.mtjelectronics.pl\/en\/wp-json\/wp\/v2\/pages\/380\/revisions"}],"predecessor-version":[{"id":683,"href":"https:\/\/www.mtjelectronics.pl\/en\/wp-json\/wp\/v2\/pages\/380\/revisions\/683"}],"up":[{"embeddable":true,"href":"https:\/\/www.mtjelectronics.pl\/en\/wp-json\/wp\/v2\/pages\/16"}],"wp:attachment":[{"href":"https:\/\/www.mtjelectronics.pl\/en\/wp-json\/wp\/v2\/media?parent=380"}],"curies":[{"name":"wp","href":"https:\/\/api.w.org\/{rel}","templated":true}]}}