{"id":1120,"date":"2025-01-30T08:03:11","date_gmt":"2025-01-30T08:03:11","guid":{"rendered":"https:\/\/www.mtjelectronics.pl\/?post_type=product&#038;p=1120"},"modified":"2025-12-08T21:44:37","modified_gmt":"2025-12-08T21:44:37","slug":"wynajem-zebra-motorola-mc92n0","status":"publish","type":"product","link":"https:\/\/www.mtjelectronics.pl\/en\/product\/wynajem-zebra-motorola-mc92n0\/","title":{"rendered":"Wynajem Zebra Motorola MC92N0"},"content":{"rendered":"<p><strong>Motorola MC92N0<\/strong> to zaawansowany terminal mobilny stworzony z my\u015bl\u0105 o wymagaj\u0105cych \u015brodowiskach pracy, takich jak magazyny, centra logistyczne czy hale produkcyjne. Wyposa\u017cony w system operacyjny <strong>Windows CE<\/strong>, zapewnia stabilno\u015b\u0107 i kompatybilno\u015b\u0107 z r\u00f3\u017cnorodnymi aplikacjami biznesowymi. Posiada znacznie szybszy procesor i wi\u0119cej pami\u0119ci ni\u017c jego poprzednik MC9190, dlatego jest doskona\u0142\u0105 opcj\u0105 dla wymagaj\u0105cego oprogramowania klienta.<\/p>\n<p>Urz\u0105dzenie posiada <strong>skaner 1D standard SE965 <\/strong>cechuj\u0105cy si\u0119 wy\u017cszymi parametrami ni\u017c SE960 we wcze\u015bniejszym modelu MC9190,\u00a0kt\u00f3ry umo\u017cliwia szybkie i precyzyjne odczytywanie kod\u00f3w kreskowych liniowych, nawet w trudnych warunkach o\u015bwietleniowych czy z uszkodzonych etykiet. Dzi\u0119ki temu procesy zwi\u0105zane z inwentaryzacj\u0105 czy kompletacj\u0105 zam\u00f3wie\u0144 staj\u0105 si\u0119 bardziej efektywne.<\/p>\n<p>Ergonomiczna <strong>klawiatura QWERTY z 53 klawiszami<\/strong> u\u0142atwia wprowadzanie danych i nawigacj\u0119 po systemie, co jest szczeg\u00f3lnie wa\u017cne przy intensywnym u\u017cytkowaniu urz\u0105dzenia. Solidna konstrukcja terminala, odporno\u015b\u0107 na upadki oraz py\u0142 i wilgo\u0107 gwarantuj\u0105 d\u0142ugotrwa\u0142e i niezawodne dzia\u0142anie w trudnych warunkach przemys\u0142owych.<\/p>\n<p><strong>Kluczowe cechy:<\/strong><\/p>\n<ul>\n<li><strong>System operacyjny:<\/strong> Windows CE 7.0\/ Windows Mobile 6.5<\/li>\n<li><strong>Skaner:<\/strong> 1D standard SE965, lub 2D Imager SE4500<\/li>\n<li><strong>Klawiatura:<\/strong> Alfanumeryczna 53 klawisze \/ Numeryczna 28 klawiszy<\/li>\n<li><strong>Zastosowanie:<\/strong> Logistyka, magazynowanie, produkcja, handel detaliczny<\/li>\n<li><strong>Wytrzyma\u0142o\u015b\u0107:<\/strong> Odporno\u015b\u0107 na upadki, py\u0142 i wilgo\u0107 zgodnie z normami przemys\u0142owymi<\/li>\n<\/ul>\n<p><strong>Motorola MC9190<\/strong> to niezawodne narz\u0119dzie dla profesjonalist\u00f3w, kt\u00f3rzy potrzebuj\u0105 wydajnego i trwa\u0142ego rozwi\u0105zania do zarz\u0105dzania danymi w ruchu.<\/p>\n<p>&nbsp;<\/p>\n<p><strong>Dost\u0119pny w wynajmie kr\u00f3tko i d\u0142ugoterminowym w cenach:<\/strong><\/p>\n<ul>\n<li>wynajem d\u0142ugoterminowy od 35z\u0142 do 75 z\u0142 \/ miesi\u0105c.<\/li>\n<li>wynajem kr\u00f3tkoterminowy 100 z\u0142 tydzie\u0144.<\/li>\n<\/ul>\n<p>Ceny uzale\u017cnione od d\u0142ugo\u015bci wynajmu.<\/p>\n<p><strong>W tym pakiecie do wyboru mamy nast\u0119puj\u0105ce specyfikacje:<\/strong><\/p>\n<ul>\n<li>Klawiatura: 28 klawiszy(numeryczna z du\u017cymi przyciskami), 53 klawisze(alfanumeryczna)<\/li>\n<li>Model skanera: Standardowy zasi\u0119g 1D laserowy, 2D\/1D Imager<\/li>\n<\/ul>\n<p>W wy\u017cszym pakiecie dost\u0119pne r\u00f3wnie\u017c wersje dalekiego zasi\u0119gu, oraz nowsze modele tego skanera.<\/p>","protected":false},"excerpt":{"rendered":"<p><strong>Motorola MC92N0<\/strong> to zaawansowany terminal mobilny stworzony z my\u015bl\u0105 o wymagaj\u0105cych \u015brodowiskach pracy, takich jak magazyny, centra logistyczne czy hale produkcyjne. Wyposa\u017cony w system operacyjny <strong>Windows CE<\/strong>, zapewnia stabilno\u015b\u0107 i kompatybilno\u015b\u0107 z r\u00f3\u017cnorodnymi aplikacjami biznesowymi. Posiada znacznie szybszy procesor i wi\u0119cej pami\u0119ci ni\u017c jego poprzednik MC9190, dlatego jest doskona\u0142\u0105 opcj\u0105 dla wymagaj\u0105cego oprogramowania klienta.<\/p>\n<p>Urz\u0105dzenie posiada <strong>skaner 1D standard SE965 <\/strong>cechuj\u0105cy si\u0119 wy\u017cszymi parametrami ni\u017c SE960 we wcze\u015bniejszym modelu MC9190,\u00a0kt\u00f3ry umo\u017cliwia szybkie i precyzyjne odczytywanie kod\u00f3w kreskowych liniowych, nawet w trudnych warunkach o\u015bwietleniowych czy z uszkodzonych etykiet. Dzi\u0119ki temu procesy zwi\u0105zane z inwentaryzacj\u0105 czy kompletacj\u0105 zam\u00f3wie\u0144 staj\u0105 si\u0119 bardziej efektywne.<\/p>","protected":false},"featured_media":1048,"template":"","meta":[],"product_brand":[],"product_cat":[180],"product_tag":[181,182,178],"class_list":{"0":"post-1120","1":"product","2":"type-product","3":"status-publish","4":"has-post-thumbnail","6":"product_cat-wynajem","7":"product_tag-mc92n0","8":"product_tag-mc92n0-ga0syaya6wr","9":"product_tag-motorola","11":"first","12":"instock","13":"sale","14":"purchasable","15":"product-type-simple"},"yoast_head":"<!-- This site is optimized with the Yoast SEO plugin v27.3 - https:\/\/yoast.com\/product\/yoast-seo-wordpress\/ -->\n<title>Wynajem Zebra Motorola MC92N0 - MTJ Electronics<\/title>\n<meta name=\"description\" content=\"Wynajem kr\u00f3tko lub d\u0142ugoterminowy skanera Motorola MC92N0 stworzonego dla przestrzeni magazynowych i wszystkich innych wymagaj\u0105cych \u015brodowisk pracy.\" \/>\n<meta name=\"robots\" content=\"index, follow, max-snippet:-1, max-image-preview:large, max-video-preview:-1\" \/>\n<link rel=\"canonical\" href=\"https:\/\/www.mtjelectronics.pl\/en\/product\/wynajem-zebra-motorola-mc92n0\/\" \/>\n<meta property=\"og:locale\" content=\"en_US\" \/>\n<meta property=\"og:type\" content=\"article\" \/>\n<meta property=\"og:title\" content=\"Wynajem Zebra Motorola MC92N0 - MTJ Electronics\" \/>\n<meta property=\"og:description\" content=\"Wynajem kr\u00f3tko lub d\u0142ugoterminowy skanera Motorola MC92N0 stworzonego dla przestrzeni magazynowych i wszystkich innych wymagaj\u0105cych \u015brodowisk pracy.\" \/>\n<meta property=\"og:url\" content=\"https:\/\/www.mtjelectronics.pl\/en\/product\/wynajem-zebra-motorola-mc92n0\/\" \/>\n<meta property=\"og:site_name\" content=\"MTJ Electronics\" \/>\n<meta property=\"article:publisher\" content=\"https:\/\/www.facebook.com\/mtjelectronicspolska\" \/>\n<meta property=\"article:modified_time\" content=\"2025-12-08T21:44:37+00:00\" \/>\n<meta property=\"og:image\" content=\"https:\/\/www.mtjelectronics.pl\/wp-content\/uploads\/2024\/09\/mc9090-jpg.webp\" \/>\n\t<meta property=\"og:image:width\" content=\"452\" \/>\n\t<meta property=\"og:image:height\" content=\"487\" \/>\n\t<meta property=\"og:image:type\" content=\"image\/jpeg\" \/>\n<meta name=\"twitter:card\" content=\"summary_large_image\" \/>\n<meta name=\"twitter:label1\" content=\"Est. reading time\" \/>\n\t<meta name=\"twitter:data1\" content=\"1 minute\" \/>\n<script type=\"application\/ld+json\" class=\"yoast-schema-graph\">{\"@context\":\"https:\\\/\\\/schema.org\",\"@graph\":[{\"@type\":\"WebPage\",\"@id\":\"https:\\\/\\\/www.mtjelectronics.pl\\\/product\\\/wynajem-zebra-motorola-mc92n0\\\/\",\"url\":\"https:\\\/\\\/www.mtjelectronics.pl\\\/product\\\/wynajem-zebra-motorola-mc92n0\\\/\",\"name\":\"Wynajem Zebra Motorola MC92N0 - MTJ Electronics\",\"isPartOf\":{\"@id\":\"https:\\\/\\\/www.mtjelectronics.pl\\\/#website\"},\"primaryImageOfPage\":{\"@id\":\"https:\\\/\\\/www.mtjelectronics.pl\\\/product\\\/wynajem-zebra-motorola-mc92n0\\\/#primaryimage\"},\"image\":{\"@id\":\"https:\\\/\\\/www.mtjelectronics.pl\\\/product\\\/wynajem-zebra-motorola-mc92n0\\\/#primaryimage\"},\"thumbnailUrl\":\"https:\\\/\\\/www.mtjelectronics.pl\\\/wp-content\\\/uploads\\\/2024\\\/09\\\/mc9090-jpg.webp\",\"datePublished\":\"2025-01-30T08:03:11+00:00\",\"dateModified\":\"2025-12-08T21:44:37+00:00\",\"description\":\"Wynajem kr\u00f3tko lub d\u0142ugoterminowy skanera Motorola MC92N0 stworzonego dla przestrzeni magazynowych i wszystkich innych wymagaj\u0105cych \u015brodowisk pracy.\",\"breadcrumb\":{\"@id\":\"https:\\\/\\\/www.mtjelectronics.pl\\\/product\\\/wynajem-zebra-motorola-mc92n0\\\/#breadcrumb\"},\"inLanguage\":\"en-US\",\"potentialAction\":[{\"@type\":\"ReadAction\",\"target\":[\"https:\\\/\\\/www.mtjelectronics.pl\\\/product\\\/wynajem-zebra-motorola-mc92n0\\\/\"]}]},{\"@type\":\"ImageObject\",\"inLanguage\":\"en-US\",\"@id\":\"https:\\\/\\\/www.mtjelectronics.pl\\\/product\\\/wynajem-zebra-motorola-mc92n0\\\/#primaryimage\",\"url\":\"https:\\\/\\\/www.mtjelectronics.pl\\\/wp-content\\\/uploads\\\/2024\\\/09\\\/mc9090-jpg.webp\",\"contentUrl\":\"https:\\\/\\\/www.mtjelectronics.pl\\\/wp-content\\\/uploads\\\/2024\\\/09\\\/mc9090-jpg.webp\",\"width\":452,\"height\":487,\"caption\":\"Motorola MC9090\"},{\"@type\":\"BreadcrumbList\",\"@id\":\"https:\\\/\\\/www.mtjelectronics.pl\\\/product\\\/wynajem-zebra-motorola-mc92n0\\\/#breadcrumb\",\"itemListElement\":[{\"@type\":\"ListItem\",\"position\":1,\"name\":\"Strona g\u0142\u00f3wna\",\"item\":\"https:\\\/\\\/www.mtjelectronics.pl\\\/\"},{\"@type\":\"ListItem\",\"position\":2,\"name\":\"Shop\",\"item\":\"https:\\\/\\\/www.mtjelectronics.pl\\\/shop\\\/\"},{\"@type\":\"ListItem\",\"position\":3,\"name\":\"Wynajem Zebra Motorola MC92N0\"}]},{\"@type\":\"WebSite\",\"@id\":\"https:\\\/\\\/www.mtjelectronics.pl\\\/#website\",\"url\":\"https:\\\/\\\/www.mtjelectronics.pl\\\/\",\"name\":\"MTJ Electronics\",\"description\":\"Globalny dostawca odnowionego sprz\u0119tu Auto ID, Skanery kod&oacute;w kreskowych, kolektory danych, Drukarki etykiet.\",\"publisher\":{\"@id\":\"https:\\\/\\\/www.mtjelectronics.pl\\\/#organization\"},\"potentialAction\":[{\"@type\":\"SearchAction\",\"target\":{\"@type\":\"EntryPoint\",\"urlTemplate\":\"https:\\\/\\\/www.mtjelectronics.pl\\\/?s={search_term_string}\"},\"query-input\":{\"@type\":\"PropertyValueSpecification\",\"valueRequired\":true,\"valueName\":\"search_term_string\"}}],\"inLanguage\":\"en-US\"},{\"@type\":\"Organization\",\"@id\":\"https:\\\/\\\/www.mtjelectronics.pl\\\/#organization\",\"name\":\"MTJ Electronics\",\"url\":\"https:\\\/\\\/www.mtjelectronics.pl\\\/\",\"logo\":{\"@type\":\"ImageObject\",\"inLanguage\":\"en-US\",\"@id\":\"https:\\\/\\\/www.mtjelectronics.pl\\\/#\\\/schema\\\/logo\\\/image\\\/\",\"url\":\"https:\\\/\\\/www.mtjelectronics.pl\\\/wp-content\\\/uploads\\\/2021\\\/04\\\/logob.png\",\"contentUrl\":\"https:\\\/\\\/www.mtjelectronics.pl\\\/wp-content\\\/uploads\\\/2021\\\/04\\\/logob.png\",\"width\":504,\"height\":80,\"caption\":\"MTJ Electronics\"},\"image\":{\"@id\":\"https:\\\/\\\/www.mtjelectronics.pl\\\/#\\\/schema\\\/logo\\\/image\\\/\"},\"sameAs\":[\"https:\\\/\\\/www.facebook.com\\\/mtjelectronicspolska\",\"https:\\\/\\\/www.linkedin.com\\\/company\\\/mtj-electronics\"]}]}<\/script>\n<!-- \/ Yoast SEO plugin. -->","yoast_head_json":{"title":"Wynajem Zebra Motorola MC92N0 - MTJ Electronics","description":"Wynajem kr\u00f3tko lub d\u0142ugoterminowy skanera Motorola MC92N0 stworzonego dla przestrzeni magazynowych i wszystkich innych wymagaj\u0105cych \u015brodowisk pracy.","robots":{"index":"index","follow":"follow","max-snippet":"max-snippet:-1","max-image-preview":"max-image-preview:large","max-video-preview":"max-video-preview:-1"},"canonical":"https:\/\/www.mtjelectronics.pl\/en\/product\/wynajem-zebra-motorola-mc92n0\/","og_locale":"en_US","og_type":"article","og_title":"Wynajem Zebra Motorola MC92N0 - MTJ Electronics","og_description":"Wynajem kr\u00f3tko lub d\u0142ugoterminowy skanera Motorola MC92N0 stworzonego dla przestrzeni magazynowych i wszystkich innych wymagaj\u0105cych \u015brodowisk pracy.","og_url":"https:\/\/www.mtjelectronics.pl\/en\/product\/wynajem-zebra-motorola-mc92n0\/","og_site_name":"MTJ Electronics","article_publisher":"https:\/\/www.facebook.com\/mtjelectronicspolska","article_modified_time":"2025-12-08T21:44:37+00:00","og_image":[{"width":452,"height":487,"url":"https:\/\/www.mtjelectronics.pl\/wp-content\/uploads\/2024\/09\/mc9090-jpg.webp","type":"image\/jpeg"}],"twitter_card":"summary_large_image","twitter_misc":{"Est. reading time":"1 minute"},"schema":{"@context":"https:\/\/schema.org","@graph":[{"@type":"WebPage","@id":"https:\/\/www.mtjelectronics.pl\/product\/wynajem-zebra-motorola-mc92n0\/","url":"https:\/\/www.mtjelectronics.pl\/product\/wynajem-zebra-motorola-mc92n0\/","name":"Wynajem Zebra Motorola MC92N0 - MTJ Electronics","isPartOf":{"@id":"https:\/\/www.mtjelectronics.pl\/#website"},"primaryImageOfPage":{"@id":"https:\/\/www.mtjelectronics.pl\/product\/wynajem-zebra-motorola-mc92n0\/#primaryimage"},"image":{"@id":"https:\/\/www.mtjelectronics.pl\/product\/wynajem-zebra-motorola-mc92n0\/#primaryimage"},"thumbnailUrl":"https:\/\/www.mtjelectronics.pl\/wp-content\/uploads\/2024\/09\/mc9090-jpg.webp","datePublished":"2025-01-30T08:03:11+00:00","dateModified":"2025-12-08T21:44:37+00:00","description":"Wynajem kr\u00f3tko lub d\u0142ugoterminowy skanera Motorola MC92N0 stworzonego dla przestrzeni magazynowych i wszystkich innych wymagaj\u0105cych \u015brodowisk pracy.","breadcrumb":{"@id":"https:\/\/www.mtjelectronics.pl\/product\/wynajem-zebra-motorola-mc92n0\/#breadcrumb"},"inLanguage":"en-US","potentialAction":[{"@type":"ReadAction","target":["https:\/\/www.mtjelectronics.pl\/product\/wynajem-zebra-motorola-mc92n0\/"]}]},{"@type":"ImageObject","inLanguage":"en-US","@id":"https:\/\/www.mtjelectronics.pl\/product\/wynajem-zebra-motorola-mc92n0\/#primaryimage","url":"https:\/\/www.mtjelectronics.pl\/wp-content\/uploads\/2024\/09\/mc9090-jpg.webp","contentUrl":"https:\/\/www.mtjelectronics.pl\/wp-content\/uploads\/2024\/09\/mc9090-jpg.webp","width":452,"height":487,"caption":"Motorola MC9090"},{"@type":"BreadcrumbList","@id":"https:\/\/www.mtjelectronics.pl\/product\/wynajem-zebra-motorola-mc92n0\/#breadcrumb","itemListElement":[{"@type":"ListItem","position":1,"name":"Strona g\u0142\u00f3wna","item":"https:\/\/www.mtjelectronics.pl\/"},{"@type":"ListItem","position":2,"name":"Shop","item":"https:\/\/www.mtjelectronics.pl\/shop\/"},{"@type":"ListItem","position":3,"name":"Wynajem Zebra Motorola MC92N0"}]},{"@type":"WebSite","@id":"https:\/\/www.mtjelectronics.pl\/#website","url":"https:\/\/www.mtjelectronics.pl\/","name":"MTJ Electronics","description":"Globalny dostawca odnowionego sprz\u0119tu Auto ID, Skanery kod&oacute;w kreskowych, kolektory danych, Drukarki etykiet.","publisher":{"@id":"https:\/\/www.mtjelectronics.pl\/#organization"},"potentialAction":[{"@type":"SearchAction","target":{"@type":"EntryPoint","urlTemplate":"https:\/\/www.mtjelectronics.pl\/?s={search_term_string}"},"query-input":{"@type":"PropertyValueSpecification","valueRequired":true,"valueName":"search_term_string"}}],"inLanguage":"en-US"},{"@type":"Organization","@id":"https:\/\/www.mtjelectronics.pl\/#organization","name":"MTJ Electronics","url":"https:\/\/www.mtjelectronics.pl\/","logo":{"@type":"ImageObject","inLanguage":"en-US","@id":"https:\/\/www.mtjelectronics.pl\/#\/schema\/logo\/image\/","url":"https:\/\/www.mtjelectronics.pl\/wp-content\/uploads\/2021\/04\/logob.png","contentUrl":"https:\/\/www.mtjelectronics.pl\/wp-content\/uploads\/2021\/04\/logob.png","width":504,"height":80,"caption":"MTJ Electronics"},"image":{"@id":"https:\/\/www.mtjelectronics.pl\/#\/schema\/logo\/image\/"},"sameAs":["https:\/\/www.facebook.com\/mtjelectronicspolska","https:\/\/www.linkedin.com\/company\/mtj-electronics"]}]}},"_links":{"self":[{"href":"https:\/\/www.mtjelectronics.pl\/en\/wp-json\/wp\/v2\/product\/1120","targetHints":{"allow":["GET"]}}],"collection":[{"href":"https:\/\/www.mtjelectronics.pl\/en\/wp-json\/wp\/v2\/product"}],"about":[{"href":"https:\/\/www.mtjelectronics.pl\/en\/wp-json\/wp\/v2\/types\/product"}],"wp:featuredmedia":[{"embeddable":true,"href":"https:\/\/www.mtjelectronics.pl\/en\/wp-json\/wp\/v2\/media\/1048"}],"wp:attachment":[{"href":"https:\/\/www.mtjelectronics.pl\/en\/wp-json\/wp\/v2\/media?parent=1120"}],"wp:term":[{"taxonomy":"product_brand","embeddable":true,"href":"https:\/\/www.mtjelectronics.pl\/en\/wp-json\/wp\/v2\/product_brand?post=1120"},{"taxonomy":"product_cat","embeddable":true,"href":"https:\/\/www.mtjelectronics.pl\/en\/wp-json\/wp\/v2\/product_cat?post=1120"},{"taxonomy":"product_tag","embeddable":true,"href":"https:\/\/www.mtjelectronics.pl\/en\/wp-json\/wp\/v2\/product_tag?post=1120"}],"curies":[{"name":"wp","href":"https:\/\/api.w.org\/{rel}","templated":true}]}}