{"id":1121,"date":"2025-01-30T10:41:09","date_gmt":"2025-01-30T10:41:09","guid":{"rendered":"https:\/\/www.mtjelectronics.pl\/?post_type=product&#038;p=1121"},"modified":"2025-12-08T21:44:37","modified_gmt":"2025-12-08T21:44:37","slug":"wynajem-zebra-tc56-tc56dj-2pazu2p-a6","status":"publish","type":"product","link":"https:\/\/www.mtjelectronics.pl\/en\/product\/wynajem-zebra-tc56-tc56dj-2pazu2p-a6\/","title":{"rendered":"Wynajem Zebra TC56 TC56DJ-2PAZU2P-A6"},"content":{"rendered":"<h2>ZEBRA TC56 skaner terminal mobilny komputer WiFi LTE 2D 1D GSM BLUETOOTH<\/h2>\n<p><b>Odnowiony mobilny komputer r\u0119czny\u00a0 skaner czytnik kod\u00f3w Motorola Zebra TC56<\/b><\/p>\n<p>WLAN, Wi-Fi, LTE, Bluetooth, NFC, Imager 2D, 8 MP kamera, Android 8, GSM, 2GB RAM\/ 16GB Flash<\/p>\n<p>Oferujemy inteligentne urz\u0105dzenie do b\u0142yskawicznej rejestracji kod\u00f3w.<\/p>\n<p>System Android zapewnia intuicyjn\u0105 obs\u0142ug\u0119.<\/p>\n<p>Sprawdza si\u0119 w bran\u017cy logistycznej, kurierskiej i detalicznej.<\/p>\n<p><b>Kluczowe cechy:<\/b><\/p>\n<ul>\n<li><b>Modu\u0142 skanera:<\/b>\u00a0Image 2D\/1D<\/li>\n<li><b>Odleg\u0142o\u015b\u0107 odczytu:<\/b>\u00a0do 81 cm<\/li>\n<li><b>Ekran:<\/b>\u00a05\u2019\u2019 LED 1280 x 720, dotykowy<\/li>\n<li><b>System operacyjny:<\/b>\u00a0Android 6<\/li>\n<li><b>Procesor:<\/b>\u00a0Snapdragon 650 1.8 GHz<\/li>\n<li><b>Pami\u0119\u0107 RAM:<\/b>\u00a02 Gb<\/li>\n<li><b>Pami\u0119\u0107 masowa:<\/b>\u00a016 GB<\/li>\n<li><b>Wi-Fi:<\/b>\u00a0Tak<\/li>\n<li><b>GSM:<\/b>\u00a0Tak<\/li>\n<li><b>Bluetooth:<\/b>\u00a0Tak<\/li>\n<li><b>Bateria:<\/b>\u00a04300 mAh<\/li>\n<li><b>Wymiary [mm]:<\/b>\u00a0155x76x19<\/li>\n<li><b>Waga:<\/b>\u00a0249 g<\/li>\n<li><b>Temperatura pracy:<\/b>\u00a0od -20\u00b0C do 50\u00b0C<\/li>\n<li><b>Temperatura sk\u0142adowania:<\/b>\u00a0od -40\u00b0C do 70\u00b0C<\/li>\n<li><b>Wilgotno\u015b\u0107:\u00a0<\/b>od od 5% do 85%, IP67<\/li>\n<li><b>Przew\u00f3d:<\/b>\u00a0USB<\/li>\n<\/ul>\n<p>&nbsp;<\/p>\n<p><strong>Dost\u0119pny w wynajmie kr\u00f3tko i d\u0142ugoterminowym w cenach:<\/strong><\/p>\n<ul>\n<li>wynajem d\u0142ugoterminowy:\n<ul>\n<li>35z\u0142 netto \/ miesi\u0105c (od 24 miesi\u0119cy)<\/li>\n<li>75 z\u0142 netto \/ miesi\u0105c (od 3 do 23 miesi\u0119cy)<\/li>\n<\/ul>\n<\/li>\n<li>wynajem kr\u00f3tkoterminowy 100 z\u0142 tydzie\u0144<\/li>\n<\/ul>\n<p>Ceny uzale\u017cnione od d\u0142ugo\u015bci wynajmu.<\/p>\n<p>W wy\u017cszym pakiecie dost\u0119pne r\u00f3wnie\u017c wersje dalekiego zasi\u0119gu, oraz nowsze modele tego skanera.<\/p>\n","protected":false},"excerpt":{"rendered":"<h2>ZEBRA TC56 skaner terminal mobilny komputer WiFi LTE 2D 1D GSM BLUETOOTH<\/h2>\n<p><b>Odnowiony mobilny komputer r\u0119czny\u00a0 skaner czytnik kod\u00f3w Motorola Zebra TC56<\/b><\/p>\n<p>WLAN, Wi-Fi, LTE, Bluetooth, NFC, Imager 2D, 8 MP kamera, Android 8, GSM, 2GB RAM\/ 16GB Flash<\/p>\n<p>Oferujemy inteligentne urz\u0105dzenie do b\u0142yskawicznej rejestracji kod\u00f3w.<\/p>\n<p>System Android zapewnia intuicyjn\u0105 obs\u0142ug\u0119.<\/p>\n<p>Sprawdza si\u0119 w bran\u017cy logistycznej, kurierskiej i detalicznej.<\/p>","protected":false},"featured_media":1111,"template":"","meta":[],"product_brand":[],"product_cat":[180],"product_tag":[184,183],"class_list":{"0":"post-1121","1":"product","2":"type-product","3":"status-publish","4":"has-post-thumbnail","6":"product_cat-wynajem","7":"product_tag-skaner-zebra","8":"product_tag-tc56","10":"first","11":"instock","12":"sale","13":"purchasable","14":"product-type-simple"},"yoast_head":"<!-- This site is optimized with the Yoast SEO plugin v27.3 - https:\/\/yoast.com\/product\/yoast-seo-wordpress\/ -->\n<title>Wynajem Zebra TC56 TC56DJ-2PAZU2P-A6 - MTJ Electronics<\/title>\n<meta name=\"description\" content=\"Wynajem kr\u00f3tko lub d\u0142ugoterminowy skanera Motorola Zebra TC56WLAN, Wi-Fi, LTE, Bluetooth, NFC, Imager 2D, 8 MP kamera, Android 8, GSM, 2GB RAM\/ 16GB Flash\" \/>\n<meta name=\"robots\" content=\"index, follow, max-snippet:-1, max-image-preview:large, max-video-preview:-1\" \/>\n<link rel=\"canonical\" href=\"https:\/\/www.mtjelectronics.pl\/en\/product\/wynajem-zebra-tc56-tc56dj-2pazu2p-a6\/\" \/>\n<meta property=\"og:locale\" content=\"en_US\" \/>\n<meta property=\"og:type\" content=\"article\" \/>\n<meta property=\"og:title\" content=\"Wynajem Zebra TC56 TC56DJ-2PAZU2P-A6 - MTJ Electronics\" \/>\n<meta property=\"og:description\" content=\"Wynajem kr\u00f3tko lub d\u0142ugoterminowy skanera Motorola Zebra TC56WLAN, Wi-Fi, LTE, Bluetooth, NFC, Imager 2D, 8 MP kamera, Android 8, GSM, 2GB RAM\/ 16GB Flash\" \/>\n<meta property=\"og:url\" content=\"https:\/\/www.mtjelectronics.pl\/en\/product\/wynajem-zebra-tc56-tc56dj-2pazu2p-a6\/\" \/>\n<meta property=\"og:site_name\" content=\"MTJ Electronics\" \/>\n<meta property=\"article:publisher\" content=\"https:\/\/www.facebook.com\/mtjelectronicspolska\" \/>\n<meta property=\"article:modified_time\" content=\"2025-12-08T21:44:37+00:00\" \/>\n<meta property=\"og:image\" content=\"https:\/\/www.mtjelectronics.pl\/wp-content\/uploads\/2024\/09\/tc56-zebra-jpg.webp\" \/>\n\t<meta property=\"og:image:width\" content=\"672\" \/>\n\t<meta property=\"og:image:height\" content=\"729\" \/>\n\t<meta property=\"og:image:type\" content=\"image\/jpeg\" \/>\n<meta name=\"twitter:card\" content=\"summary_large_image\" \/>\n<meta name=\"twitter:label1\" content=\"Est. reading time\" \/>\n\t<meta name=\"twitter:data1\" content=\"1 minute\" \/>\n<script type=\"application\/ld+json\" class=\"yoast-schema-graph\">{\"@context\":\"https:\\\/\\\/schema.org\",\"@graph\":[{\"@type\":\"WebPage\",\"@id\":\"https:\\\/\\\/www.mtjelectronics.pl\\\/product\\\/wynajem-zebra-tc56-tc56dj-2pazu2p-a6\\\/\",\"url\":\"https:\\\/\\\/www.mtjelectronics.pl\\\/product\\\/wynajem-zebra-tc56-tc56dj-2pazu2p-a6\\\/\",\"name\":\"Wynajem Zebra TC56 TC56DJ-2PAZU2P-A6 - MTJ Electronics\",\"isPartOf\":{\"@id\":\"https:\\\/\\\/www.mtjelectronics.pl\\\/#website\"},\"primaryImageOfPage\":{\"@id\":\"https:\\\/\\\/www.mtjelectronics.pl\\\/product\\\/wynajem-zebra-tc56-tc56dj-2pazu2p-a6\\\/#primaryimage\"},\"image\":{\"@id\":\"https:\\\/\\\/www.mtjelectronics.pl\\\/product\\\/wynajem-zebra-tc56-tc56dj-2pazu2p-a6\\\/#primaryimage\"},\"thumbnailUrl\":\"https:\\\/\\\/www.mtjelectronics.pl\\\/wp-content\\\/uploads\\\/2024\\\/09\\\/tc56-zebra-jpg.webp\",\"datePublished\":\"2025-01-30T10:41:09+00:00\",\"dateModified\":\"2025-12-08T21:44:37+00:00\",\"description\":\"Wynajem kr\u00f3tko lub d\u0142ugoterminowy skanera Motorola Zebra TC56WLAN, Wi-Fi, LTE, Bluetooth, NFC, Imager 2D, 8 MP kamera, Android 8, GSM, 2GB RAM\\\/ 16GB Flash\",\"breadcrumb\":{\"@id\":\"https:\\\/\\\/www.mtjelectronics.pl\\\/product\\\/wynajem-zebra-tc56-tc56dj-2pazu2p-a6\\\/#breadcrumb\"},\"inLanguage\":\"en-US\",\"potentialAction\":[{\"@type\":\"ReadAction\",\"target\":[\"https:\\\/\\\/www.mtjelectronics.pl\\\/product\\\/wynajem-zebra-tc56-tc56dj-2pazu2p-a6\\\/\"]}]},{\"@type\":\"ImageObject\",\"inLanguage\":\"en-US\",\"@id\":\"https:\\\/\\\/www.mtjelectronics.pl\\\/product\\\/wynajem-zebra-tc56-tc56dj-2pazu2p-a6\\\/#primaryimage\",\"url\":\"https:\\\/\\\/www.mtjelectronics.pl\\\/wp-content\\\/uploads\\\/2024\\\/09\\\/tc56-zebra-jpg.webp\",\"contentUrl\":\"https:\\\/\\\/www.mtjelectronics.pl\\\/wp-content\\\/uploads\\\/2024\\\/09\\\/tc56-zebra-jpg.webp\",\"width\":672,\"height\":729,\"caption\":\"skaner zebra tc56\"},{\"@type\":\"BreadcrumbList\",\"@id\":\"https:\\\/\\\/www.mtjelectronics.pl\\\/product\\\/wynajem-zebra-tc56-tc56dj-2pazu2p-a6\\\/#breadcrumb\",\"itemListElement\":[{\"@type\":\"ListItem\",\"position\":1,\"name\":\"Strona g\u0142\u00f3wna\",\"item\":\"https:\\\/\\\/www.mtjelectronics.pl\\\/\"},{\"@type\":\"ListItem\",\"position\":2,\"name\":\"Shop\",\"item\":\"https:\\\/\\\/www.mtjelectronics.pl\\\/shop\\\/\"},{\"@type\":\"ListItem\",\"position\":3,\"name\":\"Wynajem Zebra TC56 TC56DJ-2PAZU2P-A6\"}]},{\"@type\":\"WebSite\",\"@id\":\"https:\\\/\\\/www.mtjelectronics.pl\\\/#website\",\"url\":\"https:\\\/\\\/www.mtjelectronics.pl\\\/\",\"name\":\"MTJ Electronics\",\"description\":\"Globalny dostawca odnowionego sprz\u0119tu Auto ID, Skanery kod&oacute;w kreskowych, kolektory danych, Drukarki etykiet.\",\"publisher\":{\"@id\":\"https:\\\/\\\/www.mtjelectronics.pl\\\/#organization\"},\"potentialAction\":[{\"@type\":\"SearchAction\",\"target\":{\"@type\":\"EntryPoint\",\"urlTemplate\":\"https:\\\/\\\/www.mtjelectronics.pl\\\/?s={search_term_string}\"},\"query-input\":{\"@type\":\"PropertyValueSpecification\",\"valueRequired\":true,\"valueName\":\"search_term_string\"}}],\"inLanguage\":\"en-US\"},{\"@type\":\"Organization\",\"@id\":\"https:\\\/\\\/www.mtjelectronics.pl\\\/#organization\",\"name\":\"MTJ Electronics\",\"url\":\"https:\\\/\\\/www.mtjelectronics.pl\\\/\",\"logo\":{\"@type\":\"ImageObject\",\"inLanguage\":\"en-US\",\"@id\":\"https:\\\/\\\/www.mtjelectronics.pl\\\/#\\\/schema\\\/logo\\\/image\\\/\",\"url\":\"https:\\\/\\\/www.mtjelectronics.pl\\\/wp-content\\\/uploads\\\/2021\\\/04\\\/logob.png\",\"contentUrl\":\"https:\\\/\\\/www.mtjelectronics.pl\\\/wp-content\\\/uploads\\\/2021\\\/04\\\/logob.png\",\"width\":504,\"height\":80,\"caption\":\"MTJ Electronics\"},\"image\":{\"@id\":\"https:\\\/\\\/www.mtjelectronics.pl\\\/#\\\/schema\\\/logo\\\/image\\\/\"},\"sameAs\":[\"https:\\\/\\\/www.facebook.com\\\/mtjelectronicspolska\",\"https:\\\/\\\/www.linkedin.com\\\/company\\\/mtj-electronics\"]}]}<\/script>\n<!-- \/ Yoast SEO plugin. -->","yoast_head_json":{"title":"Wynajem Zebra TC56 TC56DJ-2PAZU2P-A6 - MTJ Electronics","description":"Wynajem kr\u00f3tko lub d\u0142ugoterminowy skanera Motorola Zebra TC56WLAN, Wi-Fi, LTE, Bluetooth, NFC, Imager 2D, 8 MP kamera, Android 8, GSM, 2GB RAM\/ 16GB Flash","robots":{"index":"index","follow":"follow","max-snippet":"max-snippet:-1","max-image-preview":"max-image-preview:large","max-video-preview":"max-video-preview:-1"},"canonical":"https:\/\/www.mtjelectronics.pl\/en\/product\/wynajem-zebra-tc56-tc56dj-2pazu2p-a6\/","og_locale":"en_US","og_type":"article","og_title":"Wynajem Zebra TC56 TC56DJ-2PAZU2P-A6 - MTJ Electronics","og_description":"Wynajem kr\u00f3tko lub d\u0142ugoterminowy skanera Motorola Zebra TC56WLAN, Wi-Fi, LTE, Bluetooth, NFC, Imager 2D, 8 MP kamera, Android 8, GSM, 2GB RAM\/ 16GB Flash","og_url":"https:\/\/www.mtjelectronics.pl\/en\/product\/wynajem-zebra-tc56-tc56dj-2pazu2p-a6\/","og_site_name":"MTJ Electronics","article_publisher":"https:\/\/www.facebook.com\/mtjelectronicspolska","article_modified_time":"2025-12-08T21:44:37+00:00","og_image":[{"width":672,"height":729,"url":"https:\/\/www.mtjelectronics.pl\/wp-content\/uploads\/2024\/09\/tc56-zebra-jpg.webp","type":"image\/jpeg"}],"twitter_card":"summary_large_image","twitter_misc":{"Est. reading time":"1 minute"},"schema":{"@context":"https:\/\/schema.org","@graph":[{"@type":"WebPage","@id":"https:\/\/www.mtjelectronics.pl\/product\/wynajem-zebra-tc56-tc56dj-2pazu2p-a6\/","url":"https:\/\/www.mtjelectronics.pl\/product\/wynajem-zebra-tc56-tc56dj-2pazu2p-a6\/","name":"Wynajem Zebra TC56 TC56DJ-2PAZU2P-A6 - MTJ Electronics","isPartOf":{"@id":"https:\/\/www.mtjelectronics.pl\/#website"},"primaryImageOfPage":{"@id":"https:\/\/www.mtjelectronics.pl\/product\/wynajem-zebra-tc56-tc56dj-2pazu2p-a6\/#primaryimage"},"image":{"@id":"https:\/\/www.mtjelectronics.pl\/product\/wynajem-zebra-tc56-tc56dj-2pazu2p-a6\/#primaryimage"},"thumbnailUrl":"https:\/\/www.mtjelectronics.pl\/wp-content\/uploads\/2024\/09\/tc56-zebra-jpg.webp","datePublished":"2025-01-30T10:41:09+00:00","dateModified":"2025-12-08T21:44:37+00:00","description":"Wynajem kr\u00f3tko lub d\u0142ugoterminowy skanera Motorola Zebra TC56WLAN, Wi-Fi, LTE, Bluetooth, NFC, Imager 2D, 8 MP kamera, Android 8, GSM, 2GB RAM\/ 16GB Flash","breadcrumb":{"@id":"https:\/\/www.mtjelectronics.pl\/product\/wynajem-zebra-tc56-tc56dj-2pazu2p-a6\/#breadcrumb"},"inLanguage":"en-US","potentialAction":[{"@type":"ReadAction","target":["https:\/\/www.mtjelectronics.pl\/product\/wynajem-zebra-tc56-tc56dj-2pazu2p-a6\/"]}]},{"@type":"ImageObject","inLanguage":"en-US","@id":"https:\/\/www.mtjelectronics.pl\/product\/wynajem-zebra-tc56-tc56dj-2pazu2p-a6\/#primaryimage","url":"https:\/\/www.mtjelectronics.pl\/wp-content\/uploads\/2024\/09\/tc56-zebra-jpg.webp","contentUrl":"https:\/\/www.mtjelectronics.pl\/wp-content\/uploads\/2024\/09\/tc56-zebra-jpg.webp","width":672,"height":729,"caption":"skaner zebra tc56"},{"@type":"BreadcrumbList","@id":"https:\/\/www.mtjelectronics.pl\/product\/wynajem-zebra-tc56-tc56dj-2pazu2p-a6\/#breadcrumb","itemListElement":[{"@type":"ListItem","position":1,"name":"Strona g\u0142\u00f3wna","item":"https:\/\/www.mtjelectronics.pl\/"},{"@type":"ListItem","position":2,"name":"Shop","item":"https:\/\/www.mtjelectronics.pl\/shop\/"},{"@type":"ListItem","position":3,"name":"Wynajem Zebra TC56 TC56DJ-2PAZU2P-A6"}]},{"@type":"WebSite","@id":"https:\/\/www.mtjelectronics.pl\/#website","url":"https:\/\/www.mtjelectronics.pl\/","name":"MTJ Electronics","description":"Globalny dostawca odnowionego sprz\u0119tu Auto ID, Skanery kod&oacute;w kreskowych, kolektory danych, Drukarki etykiet.","publisher":{"@id":"https:\/\/www.mtjelectronics.pl\/#organization"},"potentialAction":[{"@type":"SearchAction","target":{"@type":"EntryPoint","urlTemplate":"https:\/\/www.mtjelectronics.pl\/?s={search_term_string}"},"query-input":{"@type":"PropertyValueSpecification","valueRequired":true,"valueName":"search_term_string"}}],"inLanguage":"en-US"},{"@type":"Organization","@id":"https:\/\/www.mtjelectronics.pl\/#organization","name":"MTJ Electronics","url":"https:\/\/www.mtjelectronics.pl\/","logo":{"@type":"ImageObject","inLanguage":"en-US","@id":"https:\/\/www.mtjelectronics.pl\/#\/schema\/logo\/image\/","url":"https:\/\/www.mtjelectronics.pl\/wp-content\/uploads\/2021\/04\/logob.png","contentUrl":"https:\/\/www.mtjelectronics.pl\/wp-content\/uploads\/2021\/04\/logob.png","width":504,"height":80,"caption":"MTJ Electronics"},"image":{"@id":"https:\/\/www.mtjelectronics.pl\/#\/schema\/logo\/image\/"},"sameAs":["https:\/\/www.facebook.com\/mtjelectronicspolska","https:\/\/www.linkedin.com\/company\/mtj-electronics"]}]}},"_links":{"self":[{"href":"https:\/\/www.mtjelectronics.pl\/en\/wp-json\/wp\/v2\/product\/1121","targetHints":{"allow":["GET"]}}],"collection":[{"href":"https:\/\/www.mtjelectronics.pl\/en\/wp-json\/wp\/v2\/product"}],"about":[{"href":"https:\/\/www.mtjelectronics.pl\/en\/wp-json\/wp\/v2\/types\/product"}],"wp:featuredmedia":[{"embeddable":true,"href":"https:\/\/www.mtjelectronics.pl\/en\/wp-json\/wp\/v2\/media\/1111"}],"wp:attachment":[{"href":"https:\/\/www.mtjelectronics.pl\/en\/wp-json\/wp\/v2\/media?parent=1121"}],"wp:term":[{"taxonomy":"product_brand","embeddable":true,"href":"https:\/\/www.mtjelectronics.pl\/en\/wp-json\/wp\/v2\/product_brand?post=1121"},{"taxonomy":"product_cat","embeddable":true,"href":"https:\/\/www.mtjelectronics.pl\/en\/wp-json\/wp\/v2\/product_cat?post=1121"},{"taxonomy":"product_tag","embeddable":true,"href":"https:\/\/www.mtjelectronics.pl\/en\/wp-json\/wp\/v2\/product_tag?post=1121"}],"curies":[{"name":"wp","href":"https:\/\/api.w.org\/{rel}","templated":true}]}}