{"id":1125,"date":"2025-01-30T10:54:38","date_gmt":"2025-01-30T10:54:38","guid":{"rendered":"https:\/\/www.mtjelectronics.pl\/?post_type=product&#038;p=1125"},"modified":"2025-12-08T21:44:37","modified_gmt":"2025-12-08T21:44:37","slug":"wynajem-zebra-mc2180-mc2180-ms01e0a","status":"publish","type":"product","link":"https:\/\/www.mtjelectronics.pl\/en\/product\/wynajem-zebra-mc2180-mc2180-ms01e0a\/","title":{"rendered":"Wynajem Zebra MC2180 MC2180-MS01E0A"},"content":{"rendered":"<h2>ZEBRA MC2180 Wi-Fi WLAN CE<\/h2>\n<p>Motorola stworzy\u0142a model MC2180 g\u0142\u00f3wnie z my\u015bl\u0105 o ma\u0142ych i \u015brednich przedsi\u0119biorcach, \u0142\u0105cz\u0105c du\u017c\u0105 funkcjonalno\u015b\u0107, ergonomiczny kszta\u0142t i przyst\u0119pn\u0105 cen\u0119.<\/p>\n<p>\u015awietnie sprawdzi si\u0119 w ma\u0142ych magazynach, punktach detalicznych i us\u0142ugach logistycznych.<\/p>\n<p><b>Kluczowe cechy:<\/b><\/p>\n<ul>\n<li>Modu\u0142 skanera:\u00a0<b>Imager 2D<\/b><\/li>\n<li>Obudowa:\u00a0<b>Brick<\/b><\/li>\n<li>Ekran:\u00a0<b>Kolorowy<\/b><\/li>\n<li>System operacyjny:\u00a0<b>Windows CE 6.0<\/b><\/li>\n<li>Pami\u0119\u0107 RAM:\u00a0<b>256 MB<\/b><\/li>\n<li>Pami\u0119\u0107 masowa:\u00a0<b>256 MB<\/b><\/li>\n<li>Wi-Fi:\u00a0<b>Tak<\/b><\/li>\n<li>GSM (GPRS):\u00a0<b>Nie<\/b><\/li>\n<li>Bluetooth:\u00a0<b>Tak<\/b><\/li>\n<li>Klawiatura:\u00a0<b>27 k<\/b><\/li>\n<li>Wymiary [mm]:\u00a0<b>172 x 61 x 34<\/b><\/li>\n<li>Waga:\u00a0<b>236 gram\u00f3w<\/b><\/li>\n<li>Temperatura pracy:\u00a0<b>od -10\u00b0C do 50\u00b0C<\/b><\/li>\n<li>Temperatura sk\u0142adowania:\u00a0<b>od -40\u00b0C do 70\u00b0C<\/b><\/li>\n<li>Wilgotno\u015b\u0107:\u00a0<b>od 5% do 95%, bez kondensacji; IP54<\/b><\/li>\n<li>Przew\u00f3d:\u00a0<b>USB<\/b><\/li>\n<\/ul>\n<p>&nbsp;<\/p>\n<p><strong>Dost\u0119pny w wynajmie kr\u00f3tko i d\u0142ugoterminowym w cenach:<\/strong><\/p>\n<ul>\n<li>wynajem d\u0142ugoterminowy od 35z\u0142 do 55 z\u0142 \/ miesi\u0105c.<\/li>\n<li>wynajem kr\u00f3tkoterminowy 100 z\u0142 tydzie\u0144.<\/li>\n<\/ul>\n<p>Ceny uzale\u017cnione od d\u0142ugo\u015bci wynajmu.<\/p>\n<p>W wy\u017cszym pakiecie dost\u0119pne r\u00f3wnie\u017c wersje dalekiego zasi\u0119gu, oraz nowsze modele tego skanera.<\/p>\n","protected":false},"excerpt":{"rendered":"<h2>ZEBRA TC57 skaner terminal mobilny komputer WiFi LTE 2D 1D GSM BLUETOOTH<\/h2>\n<p><b>Odnowiony mobilny komputer r\u0119czny\u00a0 skaner czytnik kod\u00f3w Motorola Zebra TC56<\/b><\/p>\n<p>WLAN, Wi-Fi, LTE, Bluetooth, NFC, Imager 2D, 8 MP kamera, Android 11, GSM, 4GB RAM\/ 32GB Flash<\/p>\n<p>Oferujemy inteligentne urz\u0105dzenie do b\u0142yskawicznej rejestracji kod\u00f3w.<\/p>\n<p>System Android zapewnia intuicyjn\u0105 obs\u0142ug\u0119.<\/p>\n<p>Sprawdza si\u0119 w bran\u017cy logistycznej, kurierskiej i detalicznej.<\/p>","protected":false},"featured_media":1126,"template":"","meta":[],"product_brand":[],"product_cat":[180],"product_tag":[187,188],"class_list":{"0":"post-1125","1":"product","2":"type-product","3":"status-publish","4":"has-post-thumbnail","6":"product_cat-wynajem","7":"product_tag-mc2180","8":"product_tag-skaner-windows","10":"first","11":"instock","12":"sale","13":"purchasable","14":"product-type-simple"},"yoast_head":"<!-- This site is optimized with the Yoast SEO plugin v27.3 - https:\/\/yoast.com\/product\/yoast-seo-wordpress\/ -->\n<title>Wynajem Zebra MC2180 MC2180-MS01E0A - MTJ Electronics<\/title>\n<meta name=\"description\" content=\"ZEBRA MC2180 stworzona z my\u015bl\u0105 o ma\u0142ych i \u015brednich przedsi\u0119biorcach, \u0142\u0105cz\u0105c du\u017c\u0105 funkcjonalno\u015b\u0107, ergonomiczny kszta\u0142t i przyst\u0119pn\u0105 cen\u0119.\" \/>\n<meta name=\"robots\" content=\"index, follow, max-snippet:-1, max-image-preview:large, max-video-preview:-1\" \/>\n<link rel=\"canonical\" href=\"https:\/\/www.mtjelectronics.pl\/en\/product\/wynajem-zebra-mc2180-mc2180-ms01e0a\/\" \/>\n<meta property=\"og:locale\" content=\"en_US\" \/>\n<meta property=\"og:type\" content=\"article\" \/>\n<meta property=\"og:title\" content=\"Wynajem Zebra MC2180 MC2180-MS01E0A - MTJ Electronics\" \/>\n<meta property=\"og:description\" content=\"ZEBRA MC2180 stworzona z my\u015bl\u0105 o ma\u0142ych i \u015brednich przedsi\u0119biorcach, \u0142\u0105cz\u0105c du\u017c\u0105 funkcjonalno\u015b\u0107, ergonomiczny kszta\u0142t i przyst\u0119pn\u0105 cen\u0119.\" \/>\n<meta property=\"og:url\" content=\"https:\/\/www.mtjelectronics.pl\/en\/product\/wynajem-zebra-mc2180-mc2180-ms01e0a\/\" \/>\n<meta property=\"og:site_name\" content=\"MTJ Electronics\" \/>\n<meta property=\"article:publisher\" content=\"https:\/\/www.facebook.com\/mtjelectronicspolska\" \/>\n<meta property=\"article:modified_time\" content=\"2025-12-08T21:44:37+00:00\" \/>\n<meta property=\"og:image\" content=\"https:\/\/www.mtjelectronics.pl\/wp-content\/uploads\/2025\/01\/zebra-mc2180-kolektor-terminal-przenosny-on-line.png\" \/>\n\t<meta property=\"og:image:width\" content=\"1000\" \/>\n\t<meta property=\"og:image:height\" content=\"1000\" \/>\n\t<meta property=\"og:image:type\" content=\"image\/png\" \/>\n<meta name=\"twitter:card\" content=\"summary_large_image\" \/>\n<meta name=\"twitter:label1\" content=\"Est. reading time\" \/>\n\t<meta name=\"twitter:data1\" content=\"1 minute\" \/>\n<script type=\"application\/ld+json\" class=\"yoast-schema-graph\">{\"@context\":\"https:\\\/\\\/schema.org\",\"@graph\":[{\"@type\":\"WebPage\",\"@id\":\"https:\\\/\\\/www.mtjelectronics.pl\\\/product\\\/wynajem-zebra-mc2180-mc2180-ms01e0a\\\/\",\"url\":\"https:\\\/\\\/www.mtjelectronics.pl\\\/product\\\/wynajem-zebra-mc2180-mc2180-ms01e0a\\\/\",\"name\":\"Wynajem Zebra MC2180 MC2180-MS01E0A - MTJ Electronics\",\"isPartOf\":{\"@id\":\"https:\\\/\\\/www.mtjelectronics.pl\\\/#website\"},\"primaryImageOfPage\":{\"@id\":\"https:\\\/\\\/www.mtjelectronics.pl\\\/product\\\/wynajem-zebra-mc2180-mc2180-ms01e0a\\\/#primaryimage\"},\"image\":{\"@id\":\"https:\\\/\\\/www.mtjelectronics.pl\\\/product\\\/wynajem-zebra-mc2180-mc2180-ms01e0a\\\/#primaryimage\"},\"thumbnailUrl\":\"https:\\\/\\\/www.mtjelectronics.pl\\\/wp-content\\\/uploads\\\/2025\\\/01\\\/zebra-mc2180-kolektor-terminal-przenosny-on-line.png\",\"datePublished\":\"2025-01-30T10:54:38+00:00\",\"dateModified\":\"2025-12-08T21:44:37+00:00\",\"description\":\"ZEBRA MC2180 stworzona z my\u015bl\u0105 o ma\u0142ych i \u015brednich przedsi\u0119biorcach, \u0142\u0105cz\u0105c du\u017c\u0105 funkcjonalno\u015b\u0107, ergonomiczny kszta\u0142t i przyst\u0119pn\u0105 cen\u0119.\",\"breadcrumb\":{\"@id\":\"https:\\\/\\\/www.mtjelectronics.pl\\\/product\\\/wynajem-zebra-mc2180-mc2180-ms01e0a\\\/#breadcrumb\"},\"inLanguage\":\"en-US\",\"potentialAction\":[{\"@type\":\"ReadAction\",\"target\":[\"https:\\\/\\\/www.mtjelectronics.pl\\\/product\\\/wynajem-zebra-mc2180-mc2180-ms01e0a\\\/\"]}]},{\"@type\":\"ImageObject\",\"inLanguage\":\"en-US\",\"@id\":\"https:\\\/\\\/www.mtjelectronics.pl\\\/product\\\/wynajem-zebra-mc2180-mc2180-ms01e0a\\\/#primaryimage\",\"url\":\"https:\\\/\\\/www.mtjelectronics.pl\\\/wp-content\\\/uploads\\\/2025\\\/01\\\/zebra-mc2180-kolektor-terminal-przenosny-on-line.png\",\"contentUrl\":\"https:\\\/\\\/www.mtjelectronics.pl\\\/wp-content\\\/uploads\\\/2025\\\/01\\\/zebra-mc2180-kolektor-terminal-przenosny-on-line.png\",\"width\":1000,\"height\":1000,\"caption\":\"Zebra MC2180 wynajem\"},{\"@type\":\"BreadcrumbList\",\"@id\":\"https:\\\/\\\/www.mtjelectronics.pl\\\/product\\\/wynajem-zebra-mc2180-mc2180-ms01e0a\\\/#breadcrumb\",\"itemListElement\":[{\"@type\":\"ListItem\",\"position\":1,\"name\":\"Strona g\u0142\u00f3wna\",\"item\":\"https:\\\/\\\/www.mtjelectronics.pl\\\/\"},{\"@type\":\"ListItem\",\"position\":2,\"name\":\"Shop\",\"item\":\"https:\\\/\\\/www.mtjelectronics.pl\\\/shop\\\/\"},{\"@type\":\"ListItem\",\"position\":3,\"name\":\"Wynajem Zebra MC2180 MC2180-MS01E0A\"}]},{\"@type\":\"WebSite\",\"@id\":\"https:\\\/\\\/www.mtjelectronics.pl\\\/#website\",\"url\":\"https:\\\/\\\/www.mtjelectronics.pl\\\/\",\"name\":\"MTJ Electronics\",\"description\":\"Globalny dostawca odnowionego sprz\u0119tu Auto ID, Skanery kod&oacute;w kreskowych, kolektory danych, Drukarki etykiet.\",\"publisher\":{\"@id\":\"https:\\\/\\\/www.mtjelectronics.pl\\\/#organization\"},\"potentialAction\":[{\"@type\":\"SearchAction\",\"target\":{\"@type\":\"EntryPoint\",\"urlTemplate\":\"https:\\\/\\\/www.mtjelectronics.pl\\\/?s={search_term_string}\"},\"query-input\":{\"@type\":\"PropertyValueSpecification\",\"valueRequired\":true,\"valueName\":\"search_term_string\"}}],\"inLanguage\":\"en-US\"},{\"@type\":\"Organization\",\"@id\":\"https:\\\/\\\/www.mtjelectronics.pl\\\/#organization\",\"name\":\"MTJ Electronics\",\"url\":\"https:\\\/\\\/www.mtjelectronics.pl\\\/\",\"logo\":{\"@type\":\"ImageObject\",\"inLanguage\":\"en-US\",\"@id\":\"https:\\\/\\\/www.mtjelectronics.pl\\\/#\\\/schema\\\/logo\\\/image\\\/\",\"url\":\"https:\\\/\\\/www.mtjelectronics.pl\\\/wp-content\\\/uploads\\\/2021\\\/04\\\/logob.png\",\"contentUrl\":\"https:\\\/\\\/www.mtjelectronics.pl\\\/wp-content\\\/uploads\\\/2021\\\/04\\\/logob.png\",\"width\":504,\"height\":80,\"caption\":\"MTJ Electronics\"},\"image\":{\"@id\":\"https:\\\/\\\/www.mtjelectronics.pl\\\/#\\\/schema\\\/logo\\\/image\\\/\"},\"sameAs\":[\"https:\\\/\\\/www.facebook.com\\\/mtjelectronicspolska\",\"https:\\\/\\\/www.linkedin.com\\\/company\\\/mtj-electronics\"]}]}<\/script>\n<!-- \/ Yoast SEO plugin. -->","yoast_head_json":{"title":"Wynajem Zebra MC2180 MC2180-MS01E0A - MTJ Electronics","description":"ZEBRA MC2180 stworzona z my\u015bl\u0105 o ma\u0142ych i \u015brednich przedsi\u0119biorcach, \u0142\u0105cz\u0105c du\u017c\u0105 funkcjonalno\u015b\u0107, ergonomiczny kszta\u0142t i przyst\u0119pn\u0105 cen\u0119.","robots":{"index":"index","follow":"follow","max-snippet":"max-snippet:-1","max-image-preview":"max-image-preview:large","max-video-preview":"max-video-preview:-1"},"canonical":"https:\/\/www.mtjelectronics.pl\/en\/product\/wynajem-zebra-mc2180-mc2180-ms01e0a\/","og_locale":"en_US","og_type":"article","og_title":"Wynajem Zebra MC2180 MC2180-MS01E0A - MTJ Electronics","og_description":"ZEBRA MC2180 stworzona z my\u015bl\u0105 o ma\u0142ych i \u015brednich przedsi\u0119biorcach, \u0142\u0105cz\u0105c du\u017c\u0105 funkcjonalno\u015b\u0107, ergonomiczny kszta\u0142t i przyst\u0119pn\u0105 cen\u0119.","og_url":"https:\/\/www.mtjelectronics.pl\/en\/product\/wynajem-zebra-mc2180-mc2180-ms01e0a\/","og_site_name":"MTJ Electronics","article_publisher":"https:\/\/www.facebook.com\/mtjelectronicspolska","article_modified_time":"2025-12-08T21:44:37+00:00","og_image":[{"width":1000,"height":1000,"url":"https:\/\/www.mtjelectronics.pl\/wp-content\/uploads\/2025\/01\/zebra-mc2180-kolektor-terminal-przenosny-on-line.png","type":"image\/png"}],"twitter_card":"summary_large_image","twitter_misc":{"Est. reading time":"1 minute"},"schema":{"@context":"https:\/\/schema.org","@graph":[{"@type":"WebPage","@id":"https:\/\/www.mtjelectronics.pl\/product\/wynajem-zebra-mc2180-mc2180-ms01e0a\/","url":"https:\/\/www.mtjelectronics.pl\/product\/wynajem-zebra-mc2180-mc2180-ms01e0a\/","name":"Wynajem Zebra MC2180 MC2180-MS01E0A - MTJ Electronics","isPartOf":{"@id":"https:\/\/www.mtjelectronics.pl\/#website"},"primaryImageOfPage":{"@id":"https:\/\/www.mtjelectronics.pl\/product\/wynajem-zebra-mc2180-mc2180-ms01e0a\/#primaryimage"},"image":{"@id":"https:\/\/www.mtjelectronics.pl\/product\/wynajem-zebra-mc2180-mc2180-ms01e0a\/#primaryimage"},"thumbnailUrl":"https:\/\/www.mtjelectronics.pl\/wp-content\/uploads\/2025\/01\/zebra-mc2180-kolektor-terminal-przenosny-on-line.png","datePublished":"2025-01-30T10:54:38+00:00","dateModified":"2025-12-08T21:44:37+00:00","description":"ZEBRA MC2180 stworzona z my\u015bl\u0105 o ma\u0142ych i \u015brednich przedsi\u0119biorcach, \u0142\u0105cz\u0105c du\u017c\u0105 funkcjonalno\u015b\u0107, ergonomiczny kszta\u0142t i przyst\u0119pn\u0105 cen\u0119.","breadcrumb":{"@id":"https:\/\/www.mtjelectronics.pl\/product\/wynajem-zebra-mc2180-mc2180-ms01e0a\/#breadcrumb"},"inLanguage":"en-US","potentialAction":[{"@type":"ReadAction","target":["https:\/\/www.mtjelectronics.pl\/product\/wynajem-zebra-mc2180-mc2180-ms01e0a\/"]}]},{"@type":"ImageObject","inLanguage":"en-US","@id":"https:\/\/www.mtjelectronics.pl\/product\/wynajem-zebra-mc2180-mc2180-ms01e0a\/#primaryimage","url":"https:\/\/www.mtjelectronics.pl\/wp-content\/uploads\/2025\/01\/zebra-mc2180-kolektor-terminal-przenosny-on-line.png","contentUrl":"https:\/\/www.mtjelectronics.pl\/wp-content\/uploads\/2025\/01\/zebra-mc2180-kolektor-terminal-przenosny-on-line.png","width":1000,"height":1000,"caption":"Zebra MC2180 wynajem"},{"@type":"BreadcrumbList","@id":"https:\/\/www.mtjelectronics.pl\/product\/wynajem-zebra-mc2180-mc2180-ms01e0a\/#breadcrumb","itemListElement":[{"@type":"ListItem","position":1,"name":"Strona g\u0142\u00f3wna","item":"https:\/\/www.mtjelectronics.pl\/"},{"@type":"ListItem","position":2,"name":"Shop","item":"https:\/\/www.mtjelectronics.pl\/shop\/"},{"@type":"ListItem","position":3,"name":"Wynajem Zebra MC2180 MC2180-MS01E0A"}]},{"@type":"WebSite","@id":"https:\/\/www.mtjelectronics.pl\/#website","url":"https:\/\/www.mtjelectronics.pl\/","name":"MTJ Electronics","description":"Globalny dostawca odnowionego sprz\u0119tu Auto ID, Skanery kod&oacute;w kreskowych, kolektory danych, Drukarki etykiet.","publisher":{"@id":"https:\/\/www.mtjelectronics.pl\/#organization"},"potentialAction":[{"@type":"SearchAction","target":{"@type":"EntryPoint","urlTemplate":"https:\/\/www.mtjelectronics.pl\/?s={search_term_string}"},"query-input":{"@type":"PropertyValueSpecification","valueRequired":true,"valueName":"search_term_string"}}],"inLanguage":"en-US"},{"@type":"Organization","@id":"https:\/\/www.mtjelectronics.pl\/#organization","name":"MTJ Electronics","url":"https:\/\/www.mtjelectronics.pl\/","logo":{"@type":"ImageObject","inLanguage":"en-US","@id":"https:\/\/www.mtjelectronics.pl\/#\/schema\/logo\/image\/","url":"https:\/\/www.mtjelectronics.pl\/wp-content\/uploads\/2021\/04\/logob.png","contentUrl":"https:\/\/www.mtjelectronics.pl\/wp-content\/uploads\/2021\/04\/logob.png","width":504,"height":80,"caption":"MTJ Electronics"},"image":{"@id":"https:\/\/www.mtjelectronics.pl\/#\/schema\/logo\/image\/"},"sameAs":["https:\/\/www.facebook.com\/mtjelectronicspolska","https:\/\/www.linkedin.com\/company\/mtj-electronics"]}]}},"_links":{"self":[{"href":"https:\/\/www.mtjelectronics.pl\/en\/wp-json\/wp\/v2\/product\/1125","targetHints":{"allow":["GET"]}}],"collection":[{"href":"https:\/\/www.mtjelectronics.pl\/en\/wp-json\/wp\/v2\/product"}],"about":[{"href":"https:\/\/www.mtjelectronics.pl\/en\/wp-json\/wp\/v2\/types\/product"}],"wp:featuredmedia":[{"embeddable":true,"href":"https:\/\/www.mtjelectronics.pl\/en\/wp-json\/wp\/v2\/media\/1126"}],"wp:attachment":[{"href":"https:\/\/www.mtjelectronics.pl\/en\/wp-json\/wp\/v2\/media?parent=1125"}],"wp:term":[{"taxonomy":"product_brand","embeddable":true,"href":"https:\/\/www.mtjelectronics.pl\/en\/wp-json\/wp\/v2\/product_brand?post=1125"},{"taxonomy":"product_cat","embeddable":true,"href":"https:\/\/www.mtjelectronics.pl\/en\/wp-json\/wp\/v2\/product_cat?post=1125"},{"taxonomy":"product_tag","embeddable":true,"href":"https:\/\/www.mtjelectronics.pl\/en\/wp-json\/wp\/v2\/product_tag?post=1125"}],"curies":[{"name":"wp","href":"https:\/\/api.w.org\/{rel}","templated":true}]}}