{"id":1127,"date":"2025-01-30T11:08:24","date_gmt":"2025-01-30T11:08:24","guid":{"rendered":"https:\/\/www.mtjelectronics.pl\/?post_type=product&#038;p=1127"},"modified":"2025-12-08T21:44:38","modified_gmt":"2025-12-08T21:44:38","slug":"wynajem-honeywell-eda50-eda50-111-c121ng0","status":"publish","type":"product","link":"https:\/\/www.mtjelectronics.pl\/en\/product\/wynajem-honeywell-eda50-eda50-111-c121ng0\/","title":{"rendered":"Wynajem Honeywell EDA50 Android 7 EDA50-111-C121NG0"},"content":{"rendered":"<h1>Honeywell EDA50-111-C121NG0 Windows Mobile 6.5<\/h1>\n<p>Bluetooth, WiFi,\u00a03G, NFC, GPS,\u00a0Micro SD-Slot,\u00a0Imager 1D\/2D, 2GB RAM\/16GB ROM, Android 7, IP54<\/p>\n<p>Wytrzyma\u0142y smartfon przeznaczony dla handlowc\u00f3w, dostawc\u00f3w\/kurier\u00f3w i merchandiser\u00f3w, kt\u00f3rzy dzia\u0142aj\u0105 w ma\u0142ych i \u015brednich firmach.<\/p>\n<p><b>Kluczowe cechy:<\/b><\/p>\n<ul>\n<li>Modu\u0142 skanera: 1D,2D,\u00a0<b>HI2D imager<\/b><\/li>\n<li>Obudowa:\u00a0<b>Standard<\/b><\/li>\n<li>Ekran:\u00a0<b>5\u2019\u2019 WVGA 1280&#215;720,\u00a0<\/b><b>Multi-touch<\/b><\/li>\n<li>System operacyjny:\u00a0<b>Android 7<\/b><\/li>\n<li>Procesor:\u00a0<b>Qualcomm Snapdragon 410 MSM8916 1.2 GHz quad-core<\/b><\/li>\n<li>Liczba rdzeni:\u00a0<b>4<\/b><\/li>\n<li>Pami\u0119\u0107 RAM:<b>\u00a02GB<\/b><\/li>\n<li>Pami\u0119\u0107 masowa:\u00a0<b>16<\/b><b>GB<\/b><\/li>\n<li><b>Wi-Fi: Tak<\/b><\/li>\n<li><b>GSM: Tak<\/b><\/li>\n<li><b>Bluetooth: Tak<\/b><\/li>\n<li>Bateria:\u00a0<b>4000 mAh<\/b><\/li>\n<li>Wymiary [mm]:\u00a0<b>153 x 79 x 18<\/b><\/li>\n<li>Waga:\u00a0<b>270 g<\/b><\/li>\n<li>Temperatura pracy:\u00a0<b>od -10\u00b0C do 50\u00b0C<\/b><\/li>\n<li>Temperatura sk\u0142adowania:<b>\u00a0od -20\u00b0C do 60\u00b0C<\/b><\/li>\n<li>Wilgotno\u015b\u0107:\u00a0<b>od 10% do 90% bez kondensacji; IP54<\/b><\/li>\n<li>\u0141adowanie<b>: USB micro lub stacja \u0142aduj\u0105ca<\/b><\/li>\n<\/ul>\n<p><strong>Dost\u0119pny w wynajmie kr\u00f3tko i d\u0142ugoterminowym w cenach:<\/strong><\/p>\n<ul>\n<li>wynajem d\u0142ugoterminowy od 25z\u0142 do 65 z\u0142 \/ miesi\u0105c.<\/li>\n<li>wynajem kr\u00f3tkoterminowy 40 z\u0142 tydzie\u0144.<\/li>\n<\/ul>\n<p>Ceny uzale\u017cnione od d\u0142ugo\u015bci wynajmu.<\/p>\n<p>W wy\u017cszym pakiecie dost\u0119pne r\u00f3wnie\u017c wersje dalekiego zasi\u0119gu, oraz nowsze modele tego skanera.<\/p>\n","protected":false},"excerpt":{"rendered":"<h1>Honeywell EDA50 Windows Mobile 6.5<\/h1>\n<p>Bluetooth, WiFi,\u00a03G, NFC, GPS,\u00a0Micro SD-Slot,\u00a0Imager 1D\/2D, 2GB RAM\/16GB ROM, Android 7, IP54<\/p>\n<p>Wytrzyma\u0142y smartfon przeznaczony dla handlowc\u00f3w, dostawc\u00f3w\/kurier\u00f3w i merchandiser\u00f3w, kt\u00f3rzy dzia\u0142aj\u0105 w ma\u0142ych i \u015brednich firmach.<\/p>","protected":false},"featured_media":1128,"template":"","meta":[],"product_brand":[],"product_cat":[180],"product_tag":[189,186],"class_list":{"0":"post-1127","1":"product","2":"type-product","3":"status-publish","4":"has-post-thumbnail","6":"product_cat-wynajem","7":"product_tag-honeywell-eda50","8":"product_tag-skaner-android","10":"first","11":"instock","12":"sale","13":"purchasable","14":"product-type-simple"},"yoast_head":"<!-- This site is optimized with the Yoast SEO plugin v27.3 - https:\/\/yoast.com\/product\/yoast-seo-wordpress\/ -->\n<title>Wynajem Honeywell EDA50 Android 7 EDA50-111-C121NG0 - MTJ Electronics<\/title>\n<meta name=\"description\" content=\"Honeywell EDA50 to wytrzyma\u0142y smartfon przeznaczony dla handlowc\u00f3w, dostawc\u00f3w\/kurier\u00f3w i merchandiser\u00f3w, kt\u00f3rzy dzia\u0142aj\u0105 w ma\u0142ych i \u015brednich firmach.\" \/>\n<meta name=\"robots\" content=\"index, follow, max-snippet:-1, max-image-preview:large, max-video-preview:-1\" \/>\n<link rel=\"canonical\" href=\"https:\/\/www.mtjelectronics.pl\/en\/product\/wynajem-honeywell-eda50-eda50-111-c121ng0\/\" \/>\n<meta property=\"og:locale\" content=\"en_US\" \/>\n<meta property=\"og:type\" content=\"article\" \/>\n<meta property=\"og:title\" content=\"Wynajem Honeywell EDA50 Android 7 EDA50-111-C121NG0 - MTJ Electronics\" \/>\n<meta property=\"og:description\" content=\"Honeywell EDA50 to wytrzyma\u0142y smartfon przeznaczony dla handlowc\u00f3w, dostawc\u00f3w\/kurier\u00f3w i merchandiser\u00f3w, kt\u00f3rzy dzia\u0142aj\u0105 w ma\u0142ych i \u015brednich firmach.\" \/>\n<meta property=\"og:url\" content=\"https:\/\/www.mtjelectronics.pl\/en\/product\/wynajem-honeywell-eda50-eda50-111-c121ng0\/\" \/>\n<meta property=\"og:site_name\" content=\"MTJ Electronics\" \/>\n<meta property=\"article:publisher\" content=\"https:\/\/www.facebook.com\/mtjelectronicspolska\" \/>\n<meta property=\"article:modified_time\" content=\"2025-12-08T21:44:38+00:00\" \/>\n<meta property=\"og:image\" content=\"https:\/\/www.mtjelectronics.pl\/wp-content\/uploads\/2025\/01\/terminal-honeywell-scanpal-eda50-eda50-011-c111r.png\" \/>\n\t<meta property=\"og:image:width\" content=\"800\" \/>\n\t<meta property=\"og:image:height\" content=\"800\" \/>\n\t<meta property=\"og:image:type\" content=\"image\/png\" \/>\n<meta name=\"twitter:card\" content=\"summary_large_image\" \/>\n<meta name=\"twitter:label1\" content=\"Est. reading time\" \/>\n\t<meta name=\"twitter:data1\" content=\"1 minute\" \/>\n<script type=\"application\/ld+json\" class=\"yoast-schema-graph\">{\"@context\":\"https:\\\/\\\/schema.org\",\"@graph\":[{\"@type\":\"WebPage\",\"@id\":\"https:\\\/\\\/www.mtjelectronics.pl\\\/product\\\/wynajem-honeywell-eda50-eda50-111-c121ng0\\\/\",\"url\":\"https:\\\/\\\/www.mtjelectronics.pl\\\/product\\\/wynajem-honeywell-eda50-eda50-111-c121ng0\\\/\",\"name\":\"Wynajem Honeywell EDA50 Android 7 EDA50-111-C121NG0 - MTJ Electronics\",\"isPartOf\":{\"@id\":\"https:\\\/\\\/www.mtjelectronics.pl\\\/#website\"},\"primaryImageOfPage\":{\"@id\":\"https:\\\/\\\/www.mtjelectronics.pl\\\/product\\\/wynajem-honeywell-eda50-eda50-111-c121ng0\\\/#primaryimage\"},\"image\":{\"@id\":\"https:\\\/\\\/www.mtjelectronics.pl\\\/product\\\/wynajem-honeywell-eda50-eda50-111-c121ng0\\\/#primaryimage\"},\"thumbnailUrl\":\"https:\\\/\\\/www.mtjelectronics.pl\\\/wp-content\\\/uploads\\\/2025\\\/01\\\/terminal-honeywell-scanpal-eda50-eda50-011-c111r.png\",\"datePublished\":\"2025-01-30T11:08:24+00:00\",\"dateModified\":\"2025-12-08T21:44:38+00:00\",\"description\":\"Honeywell EDA50 to wytrzyma\u0142y smartfon przeznaczony dla handlowc\u00f3w, dostawc\u00f3w\\\/kurier\u00f3w i merchandiser\u00f3w, kt\u00f3rzy dzia\u0142aj\u0105 w ma\u0142ych i \u015brednich firmach.\",\"breadcrumb\":{\"@id\":\"https:\\\/\\\/www.mtjelectronics.pl\\\/product\\\/wynajem-honeywell-eda50-eda50-111-c121ng0\\\/#breadcrumb\"},\"inLanguage\":\"en-US\",\"potentialAction\":[{\"@type\":\"ReadAction\",\"target\":[\"https:\\\/\\\/www.mtjelectronics.pl\\\/product\\\/wynajem-honeywell-eda50-eda50-111-c121ng0\\\/\"]}]},{\"@type\":\"ImageObject\",\"inLanguage\":\"en-US\",\"@id\":\"https:\\\/\\\/www.mtjelectronics.pl\\\/product\\\/wynajem-honeywell-eda50-eda50-111-c121ng0\\\/#primaryimage\",\"url\":\"https:\\\/\\\/www.mtjelectronics.pl\\\/wp-content\\\/uploads\\\/2025\\\/01\\\/terminal-honeywell-scanpal-eda50-eda50-011-c111r.png\",\"contentUrl\":\"https:\\\/\\\/www.mtjelectronics.pl\\\/wp-content\\\/uploads\\\/2025\\\/01\\\/terminal-honeywell-scanpal-eda50-eda50-011-c111r.png\",\"width\":800,\"height\":800,\"caption\":\"honeywell eda50\"},{\"@type\":\"BreadcrumbList\",\"@id\":\"https:\\\/\\\/www.mtjelectronics.pl\\\/product\\\/wynajem-honeywell-eda50-eda50-111-c121ng0\\\/#breadcrumb\",\"itemListElement\":[{\"@type\":\"ListItem\",\"position\":1,\"name\":\"Strona g\u0142\u00f3wna\",\"item\":\"https:\\\/\\\/www.mtjelectronics.pl\\\/\"},{\"@type\":\"ListItem\",\"position\":2,\"name\":\"Shop\",\"item\":\"https:\\\/\\\/www.mtjelectronics.pl\\\/shop\\\/\"},{\"@type\":\"ListItem\",\"position\":3,\"name\":\"Wynajem Honeywell EDA50 Android 7 EDA50-111-C121NG0\"}]},{\"@type\":\"WebSite\",\"@id\":\"https:\\\/\\\/www.mtjelectronics.pl\\\/#website\",\"url\":\"https:\\\/\\\/www.mtjelectronics.pl\\\/\",\"name\":\"MTJ Electronics\",\"description\":\"Globalny dostawca odnowionego sprz\u0119tu Auto ID, Skanery kod&oacute;w kreskowych, kolektory danych, Drukarki etykiet.\",\"publisher\":{\"@id\":\"https:\\\/\\\/www.mtjelectronics.pl\\\/#organization\"},\"potentialAction\":[{\"@type\":\"SearchAction\",\"target\":{\"@type\":\"EntryPoint\",\"urlTemplate\":\"https:\\\/\\\/www.mtjelectronics.pl\\\/?s={search_term_string}\"},\"query-input\":{\"@type\":\"PropertyValueSpecification\",\"valueRequired\":true,\"valueName\":\"search_term_string\"}}],\"inLanguage\":\"en-US\"},{\"@type\":\"Organization\",\"@id\":\"https:\\\/\\\/www.mtjelectronics.pl\\\/#organization\",\"name\":\"MTJ Electronics\",\"url\":\"https:\\\/\\\/www.mtjelectronics.pl\\\/\",\"logo\":{\"@type\":\"ImageObject\",\"inLanguage\":\"en-US\",\"@id\":\"https:\\\/\\\/www.mtjelectronics.pl\\\/#\\\/schema\\\/logo\\\/image\\\/\",\"url\":\"https:\\\/\\\/www.mtjelectronics.pl\\\/wp-content\\\/uploads\\\/2021\\\/04\\\/logob.png\",\"contentUrl\":\"https:\\\/\\\/www.mtjelectronics.pl\\\/wp-content\\\/uploads\\\/2021\\\/04\\\/logob.png\",\"width\":504,\"height\":80,\"caption\":\"MTJ Electronics\"},\"image\":{\"@id\":\"https:\\\/\\\/www.mtjelectronics.pl\\\/#\\\/schema\\\/logo\\\/image\\\/\"},\"sameAs\":[\"https:\\\/\\\/www.facebook.com\\\/mtjelectronicspolska\",\"https:\\\/\\\/www.linkedin.com\\\/company\\\/mtj-electronics\"]}]}<\/script>\n<!-- \/ Yoast SEO plugin. -->","yoast_head_json":{"title":"Wynajem Honeywell EDA50 Android 7 EDA50-111-C121NG0 - MTJ Electronics","description":"Honeywell EDA50 to wytrzyma\u0142y smartfon przeznaczony dla handlowc\u00f3w, dostawc\u00f3w\/kurier\u00f3w i merchandiser\u00f3w, kt\u00f3rzy dzia\u0142aj\u0105 w ma\u0142ych i \u015brednich firmach.","robots":{"index":"index","follow":"follow","max-snippet":"max-snippet:-1","max-image-preview":"max-image-preview:large","max-video-preview":"max-video-preview:-1"},"canonical":"https:\/\/www.mtjelectronics.pl\/en\/product\/wynajem-honeywell-eda50-eda50-111-c121ng0\/","og_locale":"en_US","og_type":"article","og_title":"Wynajem Honeywell EDA50 Android 7 EDA50-111-C121NG0 - MTJ Electronics","og_description":"Honeywell EDA50 to wytrzyma\u0142y smartfon przeznaczony dla handlowc\u00f3w, dostawc\u00f3w\/kurier\u00f3w i merchandiser\u00f3w, kt\u00f3rzy dzia\u0142aj\u0105 w ma\u0142ych i \u015brednich firmach.","og_url":"https:\/\/www.mtjelectronics.pl\/en\/product\/wynajem-honeywell-eda50-eda50-111-c121ng0\/","og_site_name":"MTJ Electronics","article_publisher":"https:\/\/www.facebook.com\/mtjelectronicspolska","article_modified_time":"2025-12-08T21:44:38+00:00","og_image":[{"width":800,"height":800,"url":"https:\/\/www.mtjelectronics.pl\/wp-content\/uploads\/2025\/01\/terminal-honeywell-scanpal-eda50-eda50-011-c111r.png","type":"image\/png"}],"twitter_card":"summary_large_image","twitter_misc":{"Est. reading time":"1 minute"},"schema":{"@context":"https:\/\/schema.org","@graph":[{"@type":"WebPage","@id":"https:\/\/www.mtjelectronics.pl\/product\/wynajem-honeywell-eda50-eda50-111-c121ng0\/","url":"https:\/\/www.mtjelectronics.pl\/product\/wynajem-honeywell-eda50-eda50-111-c121ng0\/","name":"Wynajem Honeywell EDA50 Android 7 EDA50-111-C121NG0 - MTJ Electronics","isPartOf":{"@id":"https:\/\/www.mtjelectronics.pl\/#website"},"primaryImageOfPage":{"@id":"https:\/\/www.mtjelectronics.pl\/product\/wynajem-honeywell-eda50-eda50-111-c121ng0\/#primaryimage"},"image":{"@id":"https:\/\/www.mtjelectronics.pl\/product\/wynajem-honeywell-eda50-eda50-111-c121ng0\/#primaryimage"},"thumbnailUrl":"https:\/\/www.mtjelectronics.pl\/wp-content\/uploads\/2025\/01\/terminal-honeywell-scanpal-eda50-eda50-011-c111r.png","datePublished":"2025-01-30T11:08:24+00:00","dateModified":"2025-12-08T21:44:38+00:00","description":"Honeywell EDA50 to wytrzyma\u0142y smartfon przeznaczony dla handlowc\u00f3w, dostawc\u00f3w\/kurier\u00f3w i merchandiser\u00f3w, kt\u00f3rzy dzia\u0142aj\u0105 w ma\u0142ych i \u015brednich firmach.","breadcrumb":{"@id":"https:\/\/www.mtjelectronics.pl\/product\/wynajem-honeywell-eda50-eda50-111-c121ng0\/#breadcrumb"},"inLanguage":"en-US","potentialAction":[{"@type":"ReadAction","target":["https:\/\/www.mtjelectronics.pl\/product\/wynajem-honeywell-eda50-eda50-111-c121ng0\/"]}]},{"@type":"ImageObject","inLanguage":"en-US","@id":"https:\/\/www.mtjelectronics.pl\/product\/wynajem-honeywell-eda50-eda50-111-c121ng0\/#primaryimage","url":"https:\/\/www.mtjelectronics.pl\/wp-content\/uploads\/2025\/01\/terminal-honeywell-scanpal-eda50-eda50-011-c111r.png","contentUrl":"https:\/\/www.mtjelectronics.pl\/wp-content\/uploads\/2025\/01\/terminal-honeywell-scanpal-eda50-eda50-011-c111r.png","width":800,"height":800,"caption":"honeywell eda50"},{"@type":"BreadcrumbList","@id":"https:\/\/www.mtjelectronics.pl\/product\/wynajem-honeywell-eda50-eda50-111-c121ng0\/#breadcrumb","itemListElement":[{"@type":"ListItem","position":1,"name":"Strona g\u0142\u00f3wna","item":"https:\/\/www.mtjelectronics.pl\/"},{"@type":"ListItem","position":2,"name":"Shop","item":"https:\/\/www.mtjelectronics.pl\/shop\/"},{"@type":"ListItem","position":3,"name":"Wynajem Honeywell EDA50 Android 7 EDA50-111-C121NG0"}]},{"@type":"WebSite","@id":"https:\/\/www.mtjelectronics.pl\/#website","url":"https:\/\/www.mtjelectronics.pl\/","name":"MTJ Electronics","description":"Globalny dostawca odnowionego sprz\u0119tu Auto ID, Skanery kod&oacute;w kreskowych, kolektory danych, Drukarki etykiet.","publisher":{"@id":"https:\/\/www.mtjelectronics.pl\/#organization"},"potentialAction":[{"@type":"SearchAction","target":{"@type":"EntryPoint","urlTemplate":"https:\/\/www.mtjelectronics.pl\/?s={search_term_string}"},"query-input":{"@type":"PropertyValueSpecification","valueRequired":true,"valueName":"search_term_string"}}],"inLanguage":"en-US"},{"@type":"Organization","@id":"https:\/\/www.mtjelectronics.pl\/#organization","name":"MTJ Electronics","url":"https:\/\/www.mtjelectronics.pl\/","logo":{"@type":"ImageObject","inLanguage":"en-US","@id":"https:\/\/www.mtjelectronics.pl\/#\/schema\/logo\/image\/","url":"https:\/\/www.mtjelectronics.pl\/wp-content\/uploads\/2021\/04\/logob.png","contentUrl":"https:\/\/www.mtjelectronics.pl\/wp-content\/uploads\/2021\/04\/logob.png","width":504,"height":80,"caption":"MTJ Electronics"},"image":{"@id":"https:\/\/www.mtjelectronics.pl\/#\/schema\/logo\/image\/"},"sameAs":["https:\/\/www.facebook.com\/mtjelectronicspolska","https:\/\/www.linkedin.com\/company\/mtj-electronics"]}]}},"_links":{"self":[{"href":"https:\/\/www.mtjelectronics.pl\/en\/wp-json\/wp\/v2\/product\/1127","targetHints":{"allow":["GET"]}}],"collection":[{"href":"https:\/\/www.mtjelectronics.pl\/en\/wp-json\/wp\/v2\/product"}],"about":[{"href":"https:\/\/www.mtjelectronics.pl\/en\/wp-json\/wp\/v2\/types\/product"}],"wp:featuredmedia":[{"embeddable":true,"href":"https:\/\/www.mtjelectronics.pl\/en\/wp-json\/wp\/v2\/media\/1128"}],"wp:attachment":[{"href":"https:\/\/www.mtjelectronics.pl\/en\/wp-json\/wp\/v2\/media?parent=1127"}],"wp:term":[{"taxonomy":"product_brand","embeddable":true,"href":"https:\/\/www.mtjelectronics.pl\/en\/wp-json\/wp\/v2\/product_brand?post=1127"},{"taxonomy":"product_cat","embeddable":true,"href":"https:\/\/www.mtjelectronics.pl\/en\/wp-json\/wp\/v2\/product_cat?post=1127"},{"taxonomy":"product_tag","embeddable":true,"href":"https:\/\/www.mtjelectronics.pl\/en\/wp-json\/wp\/v2\/product_tag?post=1127"}],"curies":[{"name":"wp","href":"https:\/\/api.w.org\/{rel}","templated":true}]}}