{"id":1131,"date":"2025-01-30T17:39:52","date_gmt":"2025-01-30T17:39:52","guid":{"rendered":"https:\/\/www.mtjelectronics.pl\/?post_type=product&#038;p=1131"},"modified":"2025-12-08T21:44:38","modified_gmt":"2025-12-08T21:44:38","slug":"wynajem-honeywell-cn51-windows","status":"publish","type":"product","link":"https:\/\/www.mtjelectronics.pl\/en\/product\/wynajem-honeywell-cn51-windows\/","title":{"rendered":"Wynajem Honeywell CN51 Windows Mobile 6.5"},"content":{"rendered":"<h1>Honeywell CN51 Windows Mobile 6.5<\/h1>\n<p>Komputer mobilny CN51 to wszechstronne narz\u0119dzie, kt\u00f3re umo\u017cliwia szybkie i precyzyjne skanowanie kod\u00f3w kreskowych, dzi\u0119ki wbudowanemu czytnikowi 1D\/2D oraz modu\u0142owi skanera Imager 2D. Wytrzyma\u0142a obudowa oraz zabezpieczenia IP64 i odporno\u015b\u0107 na upadki z wysoko\u015bci 1,5 metra sprawiaj\u0105, \u017ce terminal jest gotowy do pracy w r\u00f3\u017cnych warunkach, nawet w przypadku intensywnego u\u017cytkowania w terenie. Dodatkowo, zaawansowane funkcje komunikacyjne, takie jak Wi-Fi, Bluetooth oraz GSM (GPRS), umo\u017cliwiaj\u0105 szybki przesy\u0142 danych, co przek\u0142ada si\u0119 na wy\u017csz\u0105 efektywno\u015b\u0107 pracy.<\/p>\n<p><b>Kluczowe cechy:<\/b><\/p>\n<ul>\n<li><b>Modu\u0142 skanera:<\/b>\u00a0Imager 2D<\/li>\n<li><b>Odleg\u0142o\u015b\u0107 odczytu:<\/b>\u00a0do 97,50 cm<\/li>\n<li><b>Ekran:<\/b>\u00a04&#8243; QVGA 480&#215;800, ekran dotykowy<\/li>\n<li><b>System operacyjny:<\/b>\u00a0Windows Embedded Handheld 6.5 (WEH 6.5)<\/li>\n<li><b>Procesor:<\/b>\u00a0 dwurdzeniowy Texas Instruments OMAP 4470 (1.5 GHz)<\/li>\n<li><b>Pami\u0119\u0107 RAM:<\/b>\u00a01 GB<\/li>\n<li><b>Pami\u0119\u0107 masowa:<\/b>\u00a016 GB<\/li>\n<li><b>Wi-Fi:<\/b>\u00a0Tak<\/li>\n<li><b>GSM (GPRS):<\/b>\u00a0Tak<\/li>\n<li><b>Bluetooth:<\/b>\u00a0Tak<\/li>\n<li><b>Klawiatura:<\/b>\u00a026k \/ 42k<\/li>\n<li><b>Wymiary:<\/b>\u00a0164 x 74 x 28 mm<\/li>\n<li><b>Waga:<\/b>\u00a0350g<\/li>\n<li><b>Wilgotno\u015b\u0107:<\/b>\u00a0od 5% do 95% bez kondensacji; IP64<\/li>\n<\/ul>\n<p><strong>Dost\u0119pny w wynajmie kr\u00f3tko i d\u0142ugoterminowym w cenach:<\/strong><\/p>\n<ul>\n<li>wynajem d\u0142ugoterminowy od 45z\u0142 do 85 z\u0142 \/ miesi\u0105c.<\/li>\n<li>wynajem kr\u00f3tkoterminowy 90 z\u0142 tydzie\u0144.<\/li>\n<\/ul>\n<p>Ceny uzale\u017cnione od d\u0142ugo\u015bci wynajmu.<\/p>\n<p>W wy\u017cszym pakiecie dost\u0119pne r\u00f3wnie\u017c wersje dalekiego zasi\u0119gu, oraz nowsze modele tego skanera.<\/p>","protected":false},"excerpt":{"rendered":"<h1>Honeywell EDA50 Windows Mobile 6.5<\/h1>\n<p>Bluetooth, WiFi,\u00a03G, NFC, GPS,\u00a0Micro SD-Slot,\u00a0Imager 1D\/2D, 2GB RAM\/16GB ROM, Android 7, IP54<\/p>\n<p>Wytrzyma\u0142y smartfon przeznaczony dla handlowc\u00f3w, dostawc\u00f3w\/kurier\u00f3w i merchandiser\u00f3w, kt\u00f3rzy dzia\u0142aj\u0105 w ma\u0142ych i \u015brednich firmach.<\/p>","protected":false},"featured_media":1132,"template":"","meta":[],"product_brand":[],"product_cat":[180],"product_tag":[189,186],"class_list":{"0":"post-1131","1":"product","2":"type-product","3":"status-publish","4":"has-post-thumbnail","6":"product_cat-wynajem","7":"product_tag-honeywell-eda50","8":"product_tag-skaner-android","10":"first","11":"instock","12":"sale","13":"purchasable","14":"product-type-simple"},"yoast_head":"<!-- This site is optimized with the Yoast SEO plugin v27.3 - https:\/\/yoast.com\/product\/yoast-seo-wordpress\/ -->\n<title>Wynajem Honeywell CN51 Windows Mobile 6.5 - MTJ Electronics<\/title>\n<meta name=\"description\" content=\"Honeywell CN51 to doskona\u0142y skaner przeznaczony do pracy w terenie jak i w strefie magazynowej.\" \/>\n<meta name=\"robots\" content=\"index, follow, max-snippet:-1, max-image-preview:large, max-video-preview:-1\" \/>\n<link rel=\"canonical\" href=\"https:\/\/www.mtjelectronics.pl\/en\/product\/wynajem-honeywell-cn51-windows\/\" \/>\n<meta property=\"og:locale\" content=\"en_US\" \/>\n<meta property=\"og:type\" content=\"article\" \/>\n<meta property=\"og:title\" content=\"Wynajem Honeywell CN51 Windows Mobile 6.5 - MTJ Electronics\" \/>\n<meta property=\"og:description\" content=\"Honeywell CN51 to doskona\u0142y skaner przeznaczony do pracy w terenie jak i w strefie magazynowej.\" \/>\n<meta property=\"og:url\" content=\"https:\/\/www.mtjelectronics.pl\/en\/product\/wynajem-honeywell-cn51-windows\/\" \/>\n<meta property=\"og:site_name\" content=\"MTJ Electronics\" \/>\n<meta property=\"article:publisher\" content=\"https:\/\/www.facebook.com\/mtjelectronicspolska\" \/>\n<meta property=\"article:modified_time\" content=\"2025-12-08T21:44:38+00:00\" \/>\n<meta property=\"og:image\" content=\"https:\/\/www.mtjelectronics.pl\/wp-content\/uploads\/2025\/01\/honeywell-cn51-jpg.webp\" \/>\n\t<meta property=\"og:image:width\" content=\"575\" \/>\n\t<meta property=\"og:image:height\" content=\"485\" \/>\n\t<meta property=\"og:image:type\" content=\"image\/jpeg\" \/>\n<meta name=\"twitter:card\" content=\"summary_large_image\" \/>\n<meta name=\"twitter:label1\" content=\"Est. reading time\" \/>\n\t<meta name=\"twitter:data1\" content=\"1 minute\" \/>\n<script type=\"application\/ld+json\" class=\"yoast-schema-graph\">{\"@context\":\"https:\\\/\\\/schema.org\",\"@graph\":[{\"@type\":\"WebPage\",\"@id\":\"https:\\\/\\\/www.mtjelectronics.pl\\\/product\\\/wynajem-honeywell-cn51-windows\\\/\",\"url\":\"https:\\\/\\\/www.mtjelectronics.pl\\\/product\\\/wynajem-honeywell-cn51-windows\\\/\",\"name\":\"Wynajem Honeywell CN51 Windows Mobile 6.5 - MTJ Electronics\",\"isPartOf\":{\"@id\":\"https:\\\/\\\/www.mtjelectronics.pl\\\/#website\"},\"primaryImageOfPage\":{\"@id\":\"https:\\\/\\\/www.mtjelectronics.pl\\\/product\\\/wynajem-honeywell-cn51-windows\\\/#primaryimage\"},\"image\":{\"@id\":\"https:\\\/\\\/www.mtjelectronics.pl\\\/product\\\/wynajem-honeywell-cn51-windows\\\/#primaryimage\"},\"thumbnailUrl\":\"https:\\\/\\\/www.mtjelectronics.pl\\\/wp-content\\\/uploads\\\/2025\\\/01\\\/honeywell-cn51-jpg.webp\",\"datePublished\":\"2025-01-30T17:39:52+00:00\",\"dateModified\":\"2025-12-08T21:44:38+00:00\",\"description\":\"Honeywell CN51 to doskona\u0142y skaner przeznaczony do pracy w terenie jak i w strefie magazynowej.\",\"breadcrumb\":{\"@id\":\"https:\\\/\\\/www.mtjelectronics.pl\\\/product\\\/wynajem-honeywell-cn51-windows\\\/#breadcrumb\"},\"inLanguage\":\"en-US\",\"potentialAction\":[{\"@type\":\"ReadAction\",\"target\":[\"https:\\\/\\\/www.mtjelectronics.pl\\\/product\\\/wynajem-honeywell-cn51-windows\\\/\"]}]},{\"@type\":\"ImageObject\",\"inLanguage\":\"en-US\",\"@id\":\"https:\\\/\\\/www.mtjelectronics.pl\\\/product\\\/wynajem-honeywell-cn51-windows\\\/#primaryimage\",\"url\":\"https:\\\/\\\/www.mtjelectronics.pl\\\/wp-content\\\/uploads\\\/2025\\\/01\\\/honeywell-cn51-jpg.webp\",\"contentUrl\":\"https:\\\/\\\/www.mtjelectronics.pl\\\/wp-content\\\/uploads\\\/2025\\\/01\\\/honeywell-cn51-jpg.webp\",\"width\":575,\"height\":485,\"caption\":\"honeywell cn51 rental\"},{\"@type\":\"BreadcrumbList\",\"@id\":\"https:\\\/\\\/www.mtjelectronics.pl\\\/product\\\/wynajem-honeywell-cn51-windows\\\/#breadcrumb\",\"itemListElement\":[{\"@type\":\"ListItem\",\"position\":1,\"name\":\"Strona g\u0142\u00f3wna\",\"item\":\"https:\\\/\\\/www.mtjelectronics.pl\\\/\"},{\"@type\":\"ListItem\",\"position\":2,\"name\":\"Shop\",\"item\":\"https:\\\/\\\/www.mtjelectronics.pl\\\/shop\\\/\"},{\"@type\":\"ListItem\",\"position\":3,\"name\":\"Wynajem Honeywell CN51 Windows Mobile 6.5\"}]},{\"@type\":\"WebSite\",\"@id\":\"https:\\\/\\\/www.mtjelectronics.pl\\\/#website\",\"url\":\"https:\\\/\\\/www.mtjelectronics.pl\\\/\",\"name\":\"MTJ Electronics\",\"description\":\"Globalny dostawca odnowionego sprz\u0119tu Auto ID, Skanery kod&oacute;w kreskowych, kolektory danych, Drukarki etykiet.\",\"publisher\":{\"@id\":\"https:\\\/\\\/www.mtjelectronics.pl\\\/#organization\"},\"potentialAction\":[{\"@type\":\"SearchAction\",\"target\":{\"@type\":\"EntryPoint\",\"urlTemplate\":\"https:\\\/\\\/www.mtjelectronics.pl\\\/?s={search_term_string}\"},\"query-input\":{\"@type\":\"PropertyValueSpecification\",\"valueRequired\":true,\"valueName\":\"search_term_string\"}}],\"inLanguage\":\"en-US\"},{\"@type\":\"Organization\",\"@id\":\"https:\\\/\\\/www.mtjelectronics.pl\\\/#organization\",\"name\":\"MTJ Electronics\",\"url\":\"https:\\\/\\\/www.mtjelectronics.pl\\\/\",\"logo\":{\"@type\":\"ImageObject\",\"inLanguage\":\"en-US\",\"@id\":\"https:\\\/\\\/www.mtjelectronics.pl\\\/#\\\/schema\\\/logo\\\/image\\\/\",\"url\":\"https:\\\/\\\/www.mtjelectronics.pl\\\/wp-content\\\/uploads\\\/2021\\\/04\\\/logob.png\",\"contentUrl\":\"https:\\\/\\\/www.mtjelectronics.pl\\\/wp-content\\\/uploads\\\/2021\\\/04\\\/logob.png\",\"width\":504,\"height\":80,\"caption\":\"MTJ Electronics\"},\"image\":{\"@id\":\"https:\\\/\\\/www.mtjelectronics.pl\\\/#\\\/schema\\\/logo\\\/image\\\/\"},\"sameAs\":[\"https:\\\/\\\/www.facebook.com\\\/mtjelectronicspolska\",\"https:\\\/\\\/www.linkedin.com\\\/company\\\/mtj-electronics\"]}]}<\/script>\n<!-- \/ Yoast SEO plugin. -->","yoast_head_json":{"title":"Wynajem Honeywell CN51 Windows Mobile 6.5 - MTJ Electronics","description":"Honeywell CN51 to doskona\u0142y skaner przeznaczony do pracy w terenie jak i w strefie magazynowej.","robots":{"index":"index","follow":"follow","max-snippet":"max-snippet:-1","max-image-preview":"max-image-preview:large","max-video-preview":"max-video-preview:-1"},"canonical":"https:\/\/www.mtjelectronics.pl\/en\/product\/wynajem-honeywell-cn51-windows\/","og_locale":"en_US","og_type":"article","og_title":"Wynajem Honeywell CN51 Windows Mobile 6.5 - MTJ Electronics","og_description":"Honeywell CN51 to doskona\u0142y skaner przeznaczony do pracy w terenie jak i w strefie magazynowej.","og_url":"https:\/\/www.mtjelectronics.pl\/en\/product\/wynajem-honeywell-cn51-windows\/","og_site_name":"MTJ Electronics","article_publisher":"https:\/\/www.facebook.com\/mtjelectronicspolska","article_modified_time":"2025-12-08T21:44:38+00:00","og_image":[{"width":575,"height":485,"url":"https:\/\/www.mtjelectronics.pl\/wp-content\/uploads\/2025\/01\/honeywell-cn51-jpg.webp","type":"image\/jpeg"}],"twitter_card":"summary_large_image","twitter_misc":{"Est. reading time":"1 minute"},"schema":{"@context":"https:\/\/schema.org","@graph":[{"@type":"WebPage","@id":"https:\/\/www.mtjelectronics.pl\/product\/wynajem-honeywell-cn51-windows\/","url":"https:\/\/www.mtjelectronics.pl\/product\/wynajem-honeywell-cn51-windows\/","name":"Wynajem Honeywell CN51 Windows Mobile 6.5 - MTJ Electronics","isPartOf":{"@id":"https:\/\/www.mtjelectronics.pl\/#website"},"primaryImageOfPage":{"@id":"https:\/\/www.mtjelectronics.pl\/product\/wynajem-honeywell-cn51-windows\/#primaryimage"},"image":{"@id":"https:\/\/www.mtjelectronics.pl\/product\/wynajem-honeywell-cn51-windows\/#primaryimage"},"thumbnailUrl":"https:\/\/www.mtjelectronics.pl\/wp-content\/uploads\/2025\/01\/honeywell-cn51-jpg.webp","datePublished":"2025-01-30T17:39:52+00:00","dateModified":"2025-12-08T21:44:38+00:00","description":"Honeywell CN51 to doskona\u0142y skaner przeznaczony do pracy w terenie jak i w strefie magazynowej.","breadcrumb":{"@id":"https:\/\/www.mtjelectronics.pl\/product\/wynajem-honeywell-cn51-windows\/#breadcrumb"},"inLanguage":"en-US","potentialAction":[{"@type":"ReadAction","target":["https:\/\/www.mtjelectronics.pl\/product\/wynajem-honeywell-cn51-windows\/"]}]},{"@type":"ImageObject","inLanguage":"en-US","@id":"https:\/\/www.mtjelectronics.pl\/product\/wynajem-honeywell-cn51-windows\/#primaryimage","url":"https:\/\/www.mtjelectronics.pl\/wp-content\/uploads\/2025\/01\/honeywell-cn51-jpg.webp","contentUrl":"https:\/\/www.mtjelectronics.pl\/wp-content\/uploads\/2025\/01\/honeywell-cn51-jpg.webp","width":575,"height":485,"caption":"honeywell cn51 rental"},{"@type":"BreadcrumbList","@id":"https:\/\/www.mtjelectronics.pl\/product\/wynajem-honeywell-cn51-windows\/#breadcrumb","itemListElement":[{"@type":"ListItem","position":1,"name":"Strona g\u0142\u00f3wna","item":"https:\/\/www.mtjelectronics.pl\/"},{"@type":"ListItem","position":2,"name":"Shop","item":"https:\/\/www.mtjelectronics.pl\/shop\/"},{"@type":"ListItem","position":3,"name":"Wynajem Honeywell CN51 Windows Mobile 6.5"}]},{"@type":"WebSite","@id":"https:\/\/www.mtjelectronics.pl\/#website","url":"https:\/\/www.mtjelectronics.pl\/","name":"MTJ Electronics","description":"Globalny dostawca odnowionego sprz\u0119tu Auto ID, Skanery kod&oacute;w kreskowych, kolektory danych, Drukarki etykiet.","publisher":{"@id":"https:\/\/www.mtjelectronics.pl\/#organization"},"potentialAction":[{"@type":"SearchAction","target":{"@type":"EntryPoint","urlTemplate":"https:\/\/www.mtjelectronics.pl\/?s={search_term_string}"},"query-input":{"@type":"PropertyValueSpecification","valueRequired":true,"valueName":"search_term_string"}}],"inLanguage":"en-US"},{"@type":"Organization","@id":"https:\/\/www.mtjelectronics.pl\/#organization","name":"MTJ Electronics","url":"https:\/\/www.mtjelectronics.pl\/","logo":{"@type":"ImageObject","inLanguage":"en-US","@id":"https:\/\/www.mtjelectronics.pl\/#\/schema\/logo\/image\/","url":"https:\/\/www.mtjelectronics.pl\/wp-content\/uploads\/2021\/04\/logob.png","contentUrl":"https:\/\/www.mtjelectronics.pl\/wp-content\/uploads\/2021\/04\/logob.png","width":504,"height":80,"caption":"MTJ Electronics"},"image":{"@id":"https:\/\/www.mtjelectronics.pl\/#\/schema\/logo\/image\/"},"sameAs":["https:\/\/www.facebook.com\/mtjelectronicspolska","https:\/\/www.linkedin.com\/company\/mtj-electronics"]}]}},"_links":{"self":[{"href":"https:\/\/www.mtjelectronics.pl\/en\/wp-json\/wp\/v2\/product\/1131","targetHints":{"allow":["GET"]}}],"collection":[{"href":"https:\/\/www.mtjelectronics.pl\/en\/wp-json\/wp\/v2\/product"}],"about":[{"href":"https:\/\/www.mtjelectronics.pl\/en\/wp-json\/wp\/v2\/types\/product"}],"wp:featuredmedia":[{"embeddable":true,"href":"https:\/\/www.mtjelectronics.pl\/en\/wp-json\/wp\/v2\/media\/1132"}],"wp:attachment":[{"href":"https:\/\/www.mtjelectronics.pl\/en\/wp-json\/wp\/v2\/media?parent=1131"}],"wp:term":[{"taxonomy":"product_brand","embeddable":true,"href":"https:\/\/www.mtjelectronics.pl\/en\/wp-json\/wp\/v2\/product_brand?post=1131"},{"taxonomy":"product_cat","embeddable":true,"href":"https:\/\/www.mtjelectronics.pl\/en\/wp-json\/wp\/v2\/product_cat?post=1131"},{"taxonomy":"product_tag","embeddable":true,"href":"https:\/\/www.mtjelectronics.pl\/en\/wp-json\/wp\/v2\/product_tag?post=1131"}],"curies":[{"name":"wp","href":"https:\/\/api.w.org\/{rel}","templated":true}]}}