{"id":1152,"date":"2025-12-08T22:42:09","date_gmt":"2025-12-08T22:42:09","guid":{"rendered":"https:\/\/www.mtjelectronics.pl\/?post_type=product&#038;p=1152"},"modified":"2025-12-08T22:50:34","modified_gmt":"2025-12-08T22:50:34","slug":"zebra-symbol-ls3578-er-skaner-bezprzewodowy-extended-range-bluetooth-ip65","status":"publish","type":"product","link":"https:\/\/www.mtjelectronics.pl\/en\/product\/zebra-symbol-ls3578-er-skaner-bezprzewodowy-extended-range-bluetooth-ip65\/","title":{"rendered":"Zebra Symbol LS3578-ER skaner bezprzewodowy Extended Range Bluetooth IP65"},"content":{"rendered":"<section class=\"section\">\n<div class=\"item item-6\">\n<section class=\"text-item\">\n<h1>Zebra Symbol LS3578-ER (LS3578-ER20005WR)<\/h1>\n<p>Przemys\u0142owy, bezprzewodowy skaner kod\u00f3w kreskowych z zaawansowanym silnikiem skanuj\u0105cym Extended Range (Lorax), umo\u017cliwiaj\u0105cym odczyt kod\u00f3w z bardzo du\u017cych odleg\u0142o\u015bci. Idealny do magazyn\u00f3w wysokiego sk\u0142adowania, centr\u00f3w logistycznych i \u015brodowisk o konieczno\u015bci skanowania z dystansu. <\/p>\n<p>\u0141\u0105czno\u015b\u0107 Bluetooth Class 2 zapewnia mobilno\u015b\u0107 operatora, a jasny punkt celowniczy 650 nm u\u0142atwia szybkie i precyzyjne skanowanie. Konstrukcja o klasie szczelno\u015bci IP65 oraz odporno\u015b\u0107 na upadki z wysoko\u015bci 2 m gwarantuj\u0105 niezawodne dzia\u0142anie nawet w trudnych warunkach przemys\u0142owych. Funkcja ADF rozszerza mo\u017cliwo\u015bci przetwarzania skanowanych danych. Stacj\u0119 dokuj\u0105c\u0105 (cradle) nale\u017cy dokupi\u0107 osobno.<br \/>\n<\/section>\n<\/div>\n<div class=\"item item-6\"><\/div>\n<\/section>","protected":false},"excerpt":{"rendered":"<h1>Zebra Symbol LS3578-ER<\/h1>\n<p>Industrial cordless scanner with extended range Lorax engine, Bluetooth Class 2, RSS-compatible, IP65 drop-safe 2 m, ADF, colour black\/yellow <\/p>\n<p>Bezprzewodowy skaner dalekiego zasi\u0119gu do pracy w magazynach wysokiego sk\u0142adowania. Cradle nale\u017cy zam\u00f3wi\u0107 osobno.<\/p>","protected":false},"featured_media":0,"template":"","meta":[],"product_brand":[],"product_cat":[30],"product_tag":[209,208,216,194,212,215,205,201,198,197],"class_list":{"0":"post-1152","1":"product","2":"type-product","3":"status-publish","5":"product_cat-skanery","6":"product_tag-bezprzewodowy","7":"product_tag-bluetooth","8":"product_tag-extended-range","9":"product_tag-ip65","10":"product_tag-ls3578","11":"product_tag-ls3578-er","12":"product_tag-przemyslowy","13":"product_tag-skaner-1d","14":"product_tag-symbol","15":"product_tag-zebra","17":"first","18":"instock","19":"sale","20":"purchasable","21":"product-type-simple"},"yoast_head":"<!-- This site is optimized with the Yoast SEO plugin v27.3 - https:\/\/yoast.com\/product\/yoast-seo-wordpress\/ -->\n<title>Zebra Symbol LS3578-ER skaner bezprzewodowy Extended Range Bluetooth IP65 - MTJ Electronics<\/title>\n<meta name=\"robots\" content=\"index, follow, max-snippet:-1, max-image-preview:large, max-video-preview:-1\" \/>\n<link rel=\"canonical\" href=\"https:\/\/www.mtjelectronics.pl\/en\/product\/zebra-symbol-ls3578-er-skaner-bezprzewodowy-extended-range-bluetooth-ip65\/\" \/>\n<meta property=\"og:locale\" content=\"en_US\" \/>\n<meta property=\"og:type\" content=\"article\" \/>\n<meta property=\"og:title\" content=\"Zebra Symbol LS3578-ER skaner bezprzewodowy Extended Range Bluetooth IP65 - MTJ Electronics\" \/>\n<meta property=\"og:description\" content=\"Zebra Symbol LS3578-ER Industrial cordless scanner with extended range Lorax engine, Bluetooth Class 2, RSS-compatible, IP65 drop-safe 2 m, ADF, colour black\/yellow  Bezprzewodowy skaner dalekiego zasi\u0119gu do pracy w magazynach wysokiego sk\u0142adowania. Cradle nale\u017cy zam\u00f3wi\u0107 osobno.\" \/>\n<meta property=\"og:url\" content=\"https:\/\/www.mtjelectronics.pl\/en\/product\/zebra-symbol-ls3578-er-skaner-bezprzewodowy-extended-range-bluetooth-ip65\/\" \/>\n<meta property=\"og:site_name\" content=\"MTJ Electronics\" \/>\n<meta property=\"article:publisher\" content=\"https:\/\/www.facebook.com\/mtjelectronicspolska\" \/>\n<meta property=\"article:modified_time\" content=\"2025-12-08T22:50:34+00:00\" \/>\n<meta property=\"og:image\" content=\"https:\/\/www.mtjelectronics.pl\/wp-content\/uploads\/2021\/04\/services2.jpg\" \/>\n\t<meta property=\"og:image:width\" content=\"570\" \/>\n\t<meta property=\"og:image:height\" content=\"460\" \/>\n\t<meta property=\"og:image:type\" content=\"image\/jpeg\" \/>\n<meta name=\"twitter:card\" content=\"summary_large_image\" \/>\n<meta name=\"twitter:label1\" content=\"Est. reading time\" \/>\n\t<meta name=\"twitter:data1\" content=\"1 minute\" \/>\n<script type=\"application\/ld+json\" class=\"yoast-schema-graph\">{\"@context\":\"https:\\\/\\\/schema.org\",\"@graph\":[{\"@type\":\"WebPage\",\"@id\":\"https:\\\/\\\/www.mtjelectronics.pl\\\/product\\\/zebra-symbol-ls3578-er-skaner-bezprzewodowy-extended-range-bluetooth-ip65\\\/\",\"url\":\"https:\\\/\\\/www.mtjelectronics.pl\\\/product\\\/zebra-symbol-ls3578-er-skaner-bezprzewodowy-extended-range-bluetooth-ip65\\\/\",\"name\":\"Zebra Symbol LS3578-ER skaner bezprzewodowy Extended Range Bluetooth IP65 - MTJ Electronics\",\"isPartOf\":{\"@id\":\"https:\\\/\\\/www.mtjelectronics.pl\\\/#website\"},\"datePublished\":\"2025-12-08T22:42:09+00:00\",\"dateModified\":\"2025-12-08T22:50:34+00:00\",\"breadcrumb\":{\"@id\":\"https:\\\/\\\/www.mtjelectronics.pl\\\/product\\\/zebra-symbol-ls3578-er-skaner-bezprzewodowy-extended-range-bluetooth-ip65\\\/#breadcrumb\"},\"inLanguage\":\"en-US\",\"potentialAction\":[{\"@type\":\"ReadAction\",\"target\":[\"https:\\\/\\\/www.mtjelectronics.pl\\\/product\\\/zebra-symbol-ls3578-er-skaner-bezprzewodowy-extended-range-bluetooth-ip65\\\/\"]}]},{\"@type\":\"BreadcrumbList\",\"@id\":\"https:\\\/\\\/www.mtjelectronics.pl\\\/product\\\/zebra-symbol-ls3578-er-skaner-bezprzewodowy-extended-range-bluetooth-ip65\\\/#breadcrumb\",\"itemListElement\":[{\"@type\":\"ListItem\",\"position\":1,\"name\":\"Strona g\u0142\u00f3wna\",\"item\":\"https:\\\/\\\/www.mtjelectronics.pl\\\/\"},{\"@type\":\"ListItem\",\"position\":2,\"name\":\"Shop\",\"item\":\"https:\\\/\\\/www.mtjelectronics.pl\\\/shop\\\/\"},{\"@type\":\"ListItem\",\"position\":3,\"name\":\"Zebra Symbol LS3578-ER skaner bezprzewodowy Extended Range Bluetooth IP65\"}]},{\"@type\":\"WebSite\",\"@id\":\"https:\\\/\\\/www.mtjelectronics.pl\\\/#website\",\"url\":\"https:\\\/\\\/www.mtjelectronics.pl\\\/\",\"name\":\"MTJ Electronics\",\"description\":\"Globalny dostawca odnowionego sprz\u0119tu Auto ID, Skanery kod&oacute;w kreskowych, kolektory danych, Drukarki etykiet.\",\"publisher\":{\"@id\":\"https:\\\/\\\/www.mtjelectronics.pl\\\/#organization\"},\"potentialAction\":[{\"@type\":\"SearchAction\",\"target\":{\"@type\":\"EntryPoint\",\"urlTemplate\":\"https:\\\/\\\/www.mtjelectronics.pl\\\/?s={search_term_string}\"},\"query-input\":{\"@type\":\"PropertyValueSpecification\",\"valueRequired\":true,\"valueName\":\"search_term_string\"}}],\"inLanguage\":\"en-US\"},{\"@type\":\"Organization\",\"@id\":\"https:\\\/\\\/www.mtjelectronics.pl\\\/#organization\",\"name\":\"MTJ Electronics\",\"url\":\"https:\\\/\\\/www.mtjelectronics.pl\\\/\",\"logo\":{\"@type\":\"ImageObject\",\"inLanguage\":\"en-US\",\"@id\":\"https:\\\/\\\/www.mtjelectronics.pl\\\/#\\\/schema\\\/logo\\\/image\\\/\",\"url\":\"https:\\\/\\\/www.mtjelectronics.pl\\\/wp-content\\\/uploads\\\/2021\\\/04\\\/logob.png\",\"contentUrl\":\"https:\\\/\\\/www.mtjelectronics.pl\\\/wp-content\\\/uploads\\\/2021\\\/04\\\/logob.png\",\"width\":504,\"height\":80,\"caption\":\"MTJ Electronics\"},\"image\":{\"@id\":\"https:\\\/\\\/www.mtjelectronics.pl\\\/#\\\/schema\\\/logo\\\/image\\\/\"},\"sameAs\":[\"https:\\\/\\\/www.facebook.com\\\/mtjelectronicspolska\",\"https:\\\/\\\/www.linkedin.com\\\/company\\\/mtj-electronics\"]}]}<\/script>\n<!-- \/ Yoast SEO plugin. -->","yoast_head_json":{"title":"Zebra Symbol LS3578-ER skaner bezprzewodowy Extended Range Bluetooth IP65 - MTJ Electronics","robots":{"index":"index","follow":"follow","max-snippet":"max-snippet:-1","max-image-preview":"max-image-preview:large","max-video-preview":"max-video-preview:-1"},"canonical":"https:\/\/www.mtjelectronics.pl\/en\/product\/zebra-symbol-ls3578-er-skaner-bezprzewodowy-extended-range-bluetooth-ip65\/","og_locale":"en_US","og_type":"article","og_title":"Zebra Symbol LS3578-ER skaner bezprzewodowy Extended Range Bluetooth IP65 - MTJ Electronics","og_description":"Zebra Symbol LS3578-ER Industrial cordless scanner with extended range Lorax engine, Bluetooth Class 2, RSS-compatible, IP65 drop-safe 2 m, ADF, colour black\/yellow  Bezprzewodowy skaner dalekiego zasi\u0119gu do pracy w magazynach wysokiego sk\u0142adowania. Cradle nale\u017cy zam\u00f3wi\u0107 osobno.","og_url":"https:\/\/www.mtjelectronics.pl\/en\/product\/zebra-symbol-ls3578-er-skaner-bezprzewodowy-extended-range-bluetooth-ip65\/","og_site_name":"MTJ Electronics","article_publisher":"https:\/\/www.facebook.com\/mtjelectronicspolska","article_modified_time":"2025-12-08T22:50:34+00:00","og_image":[{"width":570,"height":460,"url":"https:\/\/www.mtjelectronics.pl\/wp-content\/uploads\/2021\/04\/services2.jpg","type":"image\/jpeg"}],"twitter_card":"summary_large_image","twitter_misc":{"Est. reading time":"1 minute"},"schema":{"@context":"https:\/\/schema.org","@graph":[{"@type":"WebPage","@id":"https:\/\/www.mtjelectronics.pl\/product\/zebra-symbol-ls3578-er-skaner-bezprzewodowy-extended-range-bluetooth-ip65\/","url":"https:\/\/www.mtjelectronics.pl\/product\/zebra-symbol-ls3578-er-skaner-bezprzewodowy-extended-range-bluetooth-ip65\/","name":"Zebra Symbol LS3578-ER skaner bezprzewodowy Extended Range Bluetooth IP65 - MTJ Electronics","isPartOf":{"@id":"https:\/\/www.mtjelectronics.pl\/#website"},"datePublished":"2025-12-08T22:42:09+00:00","dateModified":"2025-12-08T22:50:34+00:00","breadcrumb":{"@id":"https:\/\/www.mtjelectronics.pl\/product\/zebra-symbol-ls3578-er-skaner-bezprzewodowy-extended-range-bluetooth-ip65\/#breadcrumb"},"inLanguage":"en-US","potentialAction":[{"@type":"ReadAction","target":["https:\/\/www.mtjelectronics.pl\/product\/zebra-symbol-ls3578-er-skaner-bezprzewodowy-extended-range-bluetooth-ip65\/"]}]},{"@type":"BreadcrumbList","@id":"https:\/\/www.mtjelectronics.pl\/product\/zebra-symbol-ls3578-er-skaner-bezprzewodowy-extended-range-bluetooth-ip65\/#breadcrumb","itemListElement":[{"@type":"ListItem","position":1,"name":"Strona g\u0142\u00f3wna","item":"https:\/\/www.mtjelectronics.pl\/"},{"@type":"ListItem","position":2,"name":"Shop","item":"https:\/\/www.mtjelectronics.pl\/shop\/"},{"@type":"ListItem","position":3,"name":"Zebra Symbol LS3578-ER skaner bezprzewodowy Extended Range Bluetooth IP65"}]},{"@type":"WebSite","@id":"https:\/\/www.mtjelectronics.pl\/#website","url":"https:\/\/www.mtjelectronics.pl\/","name":"MTJ Electronics","description":"Globalny dostawca odnowionego sprz\u0119tu Auto ID, Skanery kod&oacute;w kreskowych, kolektory danych, Drukarki etykiet.","publisher":{"@id":"https:\/\/www.mtjelectronics.pl\/#organization"},"potentialAction":[{"@type":"SearchAction","target":{"@type":"EntryPoint","urlTemplate":"https:\/\/www.mtjelectronics.pl\/?s={search_term_string}"},"query-input":{"@type":"PropertyValueSpecification","valueRequired":true,"valueName":"search_term_string"}}],"inLanguage":"en-US"},{"@type":"Organization","@id":"https:\/\/www.mtjelectronics.pl\/#organization","name":"MTJ Electronics","url":"https:\/\/www.mtjelectronics.pl\/","logo":{"@type":"ImageObject","inLanguage":"en-US","@id":"https:\/\/www.mtjelectronics.pl\/#\/schema\/logo\/image\/","url":"https:\/\/www.mtjelectronics.pl\/wp-content\/uploads\/2021\/04\/logob.png","contentUrl":"https:\/\/www.mtjelectronics.pl\/wp-content\/uploads\/2021\/04\/logob.png","width":504,"height":80,"caption":"MTJ Electronics"},"image":{"@id":"https:\/\/www.mtjelectronics.pl\/#\/schema\/logo\/image\/"},"sameAs":["https:\/\/www.facebook.com\/mtjelectronicspolska","https:\/\/www.linkedin.com\/company\/mtj-electronics"]}]}},"_links":{"self":[{"href":"https:\/\/www.mtjelectronics.pl\/en\/wp-json\/wp\/v2\/product\/1152","targetHints":{"allow":["GET"]}}],"collection":[{"href":"https:\/\/www.mtjelectronics.pl\/en\/wp-json\/wp\/v2\/product"}],"about":[{"href":"https:\/\/www.mtjelectronics.pl\/en\/wp-json\/wp\/v2\/types\/product"}],"wp:attachment":[{"href":"https:\/\/www.mtjelectronics.pl\/en\/wp-json\/wp\/v2\/media?parent=1152"}],"wp:term":[{"taxonomy":"product_brand","embeddable":true,"href":"https:\/\/www.mtjelectronics.pl\/en\/wp-json\/wp\/v2\/product_brand?post=1152"},{"taxonomy":"product_cat","embeddable":true,"href":"https:\/\/www.mtjelectronics.pl\/en\/wp-json\/wp\/v2\/product_cat?post=1152"},{"taxonomy":"product_tag","embeddable":true,"href":"https:\/\/www.mtjelectronics.pl\/en\/wp-json\/wp\/v2\/product_tag?post=1152"}],"curies":[{"name":"wp","href":"https:\/\/api.w.org\/{rel}","templated":true}]}}