{"id":277,"date":"2020-12-28T14:10:01","date_gmt":"2020-12-28T14:10:01","guid":{"rendered":"http:\/\/sw-themes.com\/porto_dummy\/auto-services\/?post_type=product&#038;p=277"},"modified":"2025-12-08T21:44:35","modified_gmt":"2025-12-08T21:44:35","slug":"product-short-name-8","status":"publish","type":"product","link":"https:\/\/www.mtjelectronics.pl\/en\/product\/product-short-name-8\/","title":{"rendered":"Stacja \u0142adowania baterii MC9000 Motorola SAC9000-4000"},"content":{"rendered":"<section class=\"section\">\n<div class=\"item item-6\">\n<section class=\"text-item\">\n<h1>MOTOROLA SYMBOL Stacja SAC9000-4000<\/h1>\n<p>Stacja dokuj\u0105ca sac9000-4000, s\u0142u\u017c\u0105ca do \u0142adowania baterii Motorola Symbol z serii MC9000.<\/p>\n<p>Pozwala na \u0142adowanie 4 baterii jednocze\u015bnie. Szczeg\u00f3lnie przydatna w ci\u0105g\u0142ej pracy pracownik\u00f3w magazynu.<\/p>\n<p>W przypadku \u0142adowania baterii z serii MC9000-s konieczne jest zam\u00f3wienie adaptera.<\/p>\n<p>&nbsp;<\/p>\n<p>&nbsp;<\/p>\n<\/section>\n<\/div>\n<div class=\"item item-6\"><\/div>\n<\/section>","protected":false},"excerpt":{"rendered":"<p>Kompatybilna z bateriami skaner\u00f3w<\/p>\n<ul>\n<li>MC9060<\/li>\n<li>MC9090<\/li>\n<li>MC9190<\/li>\n<li>MC92N0<\/li>\n<\/ul>","protected":false},"featured_media":630,"template":"","meta":[],"product_brand":[],"product_cat":[31,33],"product_tag":[],"class_list":{"0":"post-277","1":"product","2":"type-product","3":"status-publish","4":"has-post-thumbnail","6":"product_cat-kolektory-danych","7":"product_cat-motorola-zebra","9":"first","10":"instock","11":"purchasable","12":"product-type-simple"},"yoast_head":"<!-- This site is optimized with the Yoast SEO plugin v27.3 - https:\/\/yoast.com\/product\/yoast-seo-wordpress\/ -->\n<title>Stacja \u0142adowania baterii MC9000 Motorola SAC9000-4000 - MTJ Electronics<\/title>\n<meta name=\"robots\" content=\"index, follow, max-snippet:-1, max-image-preview:large, max-video-preview:-1\" \/>\n<link rel=\"canonical\" href=\"https:\/\/www.mtjelectronics.pl\/en\/product\/product-short-name-8\/\" \/>\n<meta property=\"og:locale\" content=\"en_US\" \/>\n<meta property=\"og:type\" content=\"article\" \/>\n<meta property=\"og:title\" content=\"Stacja \u0142adowania baterii MC9000 Motorola SAC9000-4000 - MTJ Electronics\" \/>\n<meta property=\"og:description\" content=\"Kompatybilna z bateriami skaner\u00f3w   MC9060  MC9090  MC9190  MC92N0\" \/>\n<meta property=\"og:url\" content=\"https:\/\/www.mtjelectronics.pl\/en\/product\/product-short-name-8\/\" \/>\n<meta property=\"og:site_name\" content=\"MTJ Electronics\" \/>\n<meta property=\"article:publisher\" content=\"https:\/\/www.facebook.com\/mtjelectronicspolska\" \/>\n<meta property=\"article:modified_time\" content=\"2025-12-08T21:44:35+00:00\" \/>\n<meta property=\"og:image\" content=\"https:\/\/www.mtjelectronics.pl\/wp-content\/uploads\/2020\/12\/SAC9000-4000.jpg\" \/>\n\t<meta property=\"og:image:width\" content=\"1473\" \/>\n\t<meta property=\"og:image:height\" content=\"1202\" \/>\n\t<meta property=\"og:image:type\" content=\"image\/jpeg\" \/>\n<meta name=\"twitter:card\" content=\"summary_large_image\" \/>\n<script type=\"application\/ld+json\" class=\"yoast-schema-graph\">{\"@context\":\"https:\\\/\\\/schema.org\",\"@graph\":[{\"@type\":\"WebPage\",\"@id\":\"https:\\\/\\\/www.mtjelectronics.pl\\\/product\\\/product-short-name-8\\\/\",\"url\":\"https:\\\/\\\/www.mtjelectronics.pl\\\/product\\\/product-short-name-8\\\/\",\"name\":\"Stacja \u0142adowania baterii MC9000 Motorola SAC9000-4000 - MTJ Electronics\",\"isPartOf\":{\"@id\":\"https:\\\/\\\/www.mtjelectronics.pl\\\/#website\"},\"primaryImageOfPage\":{\"@id\":\"https:\\\/\\\/www.mtjelectronics.pl\\\/product\\\/product-short-name-8\\\/#primaryimage\"},\"image\":{\"@id\":\"https:\\\/\\\/www.mtjelectronics.pl\\\/product\\\/product-short-name-8\\\/#primaryimage\"},\"thumbnailUrl\":\"https:\\\/\\\/www.mtjelectronics.pl\\\/wp-content\\\/uploads\\\/2020\\\/12\\\/SAC9000-4000.jpg\",\"datePublished\":\"2020-12-28T14:10:01+00:00\",\"dateModified\":\"2025-12-08T21:44:35+00:00\",\"breadcrumb\":{\"@id\":\"https:\\\/\\\/www.mtjelectronics.pl\\\/product\\\/product-short-name-8\\\/#breadcrumb\"},\"inLanguage\":\"en-US\",\"potentialAction\":[{\"@type\":\"ReadAction\",\"target\":[\"https:\\\/\\\/www.mtjelectronics.pl\\\/product\\\/product-short-name-8\\\/\"]}]},{\"@type\":\"ImageObject\",\"inLanguage\":\"en-US\",\"@id\":\"https:\\\/\\\/www.mtjelectronics.pl\\\/product\\\/product-short-name-8\\\/#primaryimage\",\"url\":\"https:\\\/\\\/www.mtjelectronics.pl\\\/wp-content\\\/uploads\\\/2020\\\/12\\\/SAC9000-4000.jpg\",\"contentUrl\":\"https:\\\/\\\/www.mtjelectronics.pl\\\/wp-content\\\/uploads\\\/2020\\\/12\\\/SAC9000-4000.jpg\",\"width\":1473,\"height\":1202,\"caption\":\"SAC9000-4000\"},{\"@type\":\"BreadcrumbList\",\"@id\":\"https:\\\/\\\/www.mtjelectronics.pl\\\/product\\\/product-short-name-8\\\/#breadcrumb\",\"itemListElement\":[{\"@type\":\"ListItem\",\"position\":1,\"name\":\"Strona g\u0142\u00f3wna\",\"item\":\"https:\\\/\\\/www.mtjelectronics.pl\\\/\"},{\"@type\":\"ListItem\",\"position\":2,\"name\":\"Shop\",\"item\":\"https:\\\/\\\/www.mtjelectronics.pl\\\/shop\\\/\"},{\"@type\":\"ListItem\",\"position\":3,\"name\":\"Stacja \u0142adowania baterii MC9000 Motorola SAC9000-4000\"}]},{\"@type\":\"WebSite\",\"@id\":\"https:\\\/\\\/www.mtjelectronics.pl\\\/#website\",\"url\":\"https:\\\/\\\/www.mtjelectronics.pl\\\/\",\"name\":\"MTJ Electronics\",\"description\":\"Globalny dostawca odnowionego sprz\u0119tu Auto ID, Skanery kod&oacute;w kreskowych, kolektory danych, Drukarki etykiet.\",\"publisher\":{\"@id\":\"https:\\\/\\\/www.mtjelectronics.pl\\\/#organization\"},\"potentialAction\":[{\"@type\":\"SearchAction\",\"target\":{\"@type\":\"EntryPoint\",\"urlTemplate\":\"https:\\\/\\\/www.mtjelectronics.pl\\\/?s={search_term_string}\"},\"query-input\":{\"@type\":\"PropertyValueSpecification\",\"valueRequired\":true,\"valueName\":\"search_term_string\"}}],\"inLanguage\":\"en-US\"},{\"@type\":\"Organization\",\"@id\":\"https:\\\/\\\/www.mtjelectronics.pl\\\/#organization\",\"name\":\"MTJ Electronics\",\"url\":\"https:\\\/\\\/www.mtjelectronics.pl\\\/\",\"logo\":{\"@type\":\"ImageObject\",\"inLanguage\":\"en-US\",\"@id\":\"https:\\\/\\\/www.mtjelectronics.pl\\\/#\\\/schema\\\/logo\\\/image\\\/\",\"url\":\"https:\\\/\\\/www.mtjelectronics.pl\\\/wp-content\\\/uploads\\\/2021\\\/04\\\/logob.png\",\"contentUrl\":\"https:\\\/\\\/www.mtjelectronics.pl\\\/wp-content\\\/uploads\\\/2021\\\/04\\\/logob.png\",\"width\":504,\"height\":80,\"caption\":\"MTJ Electronics\"},\"image\":{\"@id\":\"https:\\\/\\\/www.mtjelectronics.pl\\\/#\\\/schema\\\/logo\\\/image\\\/\"},\"sameAs\":[\"https:\\\/\\\/www.facebook.com\\\/mtjelectronicspolska\",\"https:\\\/\\\/www.linkedin.com\\\/company\\\/mtj-electronics\"]}]}<\/script>\n<!-- \/ Yoast SEO plugin. -->","yoast_head_json":{"title":"Stacja \u0142adowania baterii MC9000 Motorola SAC9000-4000 - MTJ Electronics","robots":{"index":"index","follow":"follow","max-snippet":"max-snippet:-1","max-image-preview":"max-image-preview:large","max-video-preview":"max-video-preview:-1"},"canonical":"https:\/\/www.mtjelectronics.pl\/en\/product\/product-short-name-8\/","og_locale":"en_US","og_type":"article","og_title":"Stacja \u0142adowania baterii MC9000 Motorola SAC9000-4000 - MTJ Electronics","og_description":"Kompatybilna z bateriami skaner\u00f3w   MC9060  MC9090  MC9190  MC92N0","og_url":"https:\/\/www.mtjelectronics.pl\/en\/product\/product-short-name-8\/","og_site_name":"MTJ Electronics","article_publisher":"https:\/\/www.facebook.com\/mtjelectronicspolska","article_modified_time":"2025-12-08T21:44:35+00:00","og_image":[{"width":1473,"height":1202,"url":"https:\/\/www.mtjelectronics.pl\/wp-content\/uploads\/2020\/12\/SAC9000-4000.jpg","type":"image\/jpeg"}],"twitter_card":"summary_large_image","schema":{"@context":"https:\/\/schema.org","@graph":[{"@type":"WebPage","@id":"https:\/\/www.mtjelectronics.pl\/product\/product-short-name-8\/","url":"https:\/\/www.mtjelectronics.pl\/product\/product-short-name-8\/","name":"Stacja \u0142adowania baterii MC9000 Motorola SAC9000-4000 - MTJ Electronics","isPartOf":{"@id":"https:\/\/www.mtjelectronics.pl\/#website"},"primaryImageOfPage":{"@id":"https:\/\/www.mtjelectronics.pl\/product\/product-short-name-8\/#primaryimage"},"image":{"@id":"https:\/\/www.mtjelectronics.pl\/product\/product-short-name-8\/#primaryimage"},"thumbnailUrl":"https:\/\/www.mtjelectronics.pl\/wp-content\/uploads\/2020\/12\/SAC9000-4000.jpg","datePublished":"2020-12-28T14:10:01+00:00","dateModified":"2025-12-08T21:44:35+00:00","breadcrumb":{"@id":"https:\/\/www.mtjelectronics.pl\/product\/product-short-name-8\/#breadcrumb"},"inLanguage":"en-US","potentialAction":[{"@type":"ReadAction","target":["https:\/\/www.mtjelectronics.pl\/product\/product-short-name-8\/"]}]},{"@type":"ImageObject","inLanguage":"en-US","@id":"https:\/\/www.mtjelectronics.pl\/product\/product-short-name-8\/#primaryimage","url":"https:\/\/www.mtjelectronics.pl\/wp-content\/uploads\/2020\/12\/SAC9000-4000.jpg","contentUrl":"https:\/\/www.mtjelectronics.pl\/wp-content\/uploads\/2020\/12\/SAC9000-4000.jpg","width":1473,"height":1202,"caption":"SAC9000-4000"},{"@type":"BreadcrumbList","@id":"https:\/\/www.mtjelectronics.pl\/product\/product-short-name-8\/#breadcrumb","itemListElement":[{"@type":"ListItem","position":1,"name":"Strona g\u0142\u00f3wna","item":"https:\/\/www.mtjelectronics.pl\/"},{"@type":"ListItem","position":2,"name":"Shop","item":"https:\/\/www.mtjelectronics.pl\/shop\/"},{"@type":"ListItem","position":3,"name":"Stacja \u0142adowania baterii MC9000 Motorola SAC9000-4000"}]},{"@type":"WebSite","@id":"https:\/\/www.mtjelectronics.pl\/#website","url":"https:\/\/www.mtjelectronics.pl\/","name":"MTJ Electronics","description":"Globalny dostawca odnowionego sprz\u0119tu Auto ID, Skanery kod&oacute;w kreskowych, kolektory danych, Drukarki etykiet.","publisher":{"@id":"https:\/\/www.mtjelectronics.pl\/#organization"},"potentialAction":[{"@type":"SearchAction","target":{"@type":"EntryPoint","urlTemplate":"https:\/\/www.mtjelectronics.pl\/?s={search_term_string}"},"query-input":{"@type":"PropertyValueSpecification","valueRequired":true,"valueName":"search_term_string"}}],"inLanguage":"en-US"},{"@type":"Organization","@id":"https:\/\/www.mtjelectronics.pl\/#organization","name":"MTJ Electronics","url":"https:\/\/www.mtjelectronics.pl\/","logo":{"@type":"ImageObject","inLanguage":"en-US","@id":"https:\/\/www.mtjelectronics.pl\/#\/schema\/logo\/image\/","url":"https:\/\/www.mtjelectronics.pl\/wp-content\/uploads\/2021\/04\/logob.png","contentUrl":"https:\/\/www.mtjelectronics.pl\/wp-content\/uploads\/2021\/04\/logob.png","width":504,"height":80,"caption":"MTJ Electronics"},"image":{"@id":"https:\/\/www.mtjelectronics.pl\/#\/schema\/logo\/image\/"},"sameAs":["https:\/\/www.facebook.com\/mtjelectronicspolska","https:\/\/www.linkedin.com\/company\/mtj-electronics"]}]}},"_links":{"self":[{"href":"https:\/\/www.mtjelectronics.pl\/en\/wp-json\/wp\/v2\/product\/277","targetHints":{"allow":["GET"]}}],"collection":[{"href":"https:\/\/www.mtjelectronics.pl\/en\/wp-json\/wp\/v2\/product"}],"about":[{"href":"https:\/\/www.mtjelectronics.pl\/en\/wp-json\/wp\/v2\/types\/product"}],"wp:featuredmedia":[{"embeddable":true,"href":"https:\/\/www.mtjelectronics.pl\/en\/wp-json\/wp\/v2\/media\/630"}],"wp:attachment":[{"href":"https:\/\/www.mtjelectronics.pl\/en\/wp-json\/wp\/v2\/media?parent=277"}],"wp:term":[{"taxonomy":"product_brand","embeddable":true,"href":"https:\/\/www.mtjelectronics.pl\/en\/wp-json\/wp\/v2\/product_brand?post=277"},{"taxonomy":"product_cat","embeddable":true,"href":"https:\/\/www.mtjelectronics.pl\/en\/wp-json\/wp\/v2\/product_cat?post=277"},{"taxonomy":"product_tag","embeddable":true,"href":"https:\/\/www.mtjelectronics.pl\/en\/wp-json\/wp\/v2\/product_tag?post=277"}],"curies":[{"name":"wp","href":"https:\/\/api.w.org\/{rel}","templated":true}]}}